{"id":956,"date":"2021-08-27T22:28:05","date_gmt":"2021-08-27T22:28:05","guid":{"rendered":"https:\/\/plumbuss.com\/?post_type=product&#038;p=956"},"modified":"2023-11-15T19:15:23","modified_gmt":"2023-11-15T19:15:23","slug":"succionador-de-clitoris-mini","status":"publish","type":"product","link":"https:\/\/plumbuss.com\/?product=succionador-de-clitoris-mini","title":{"rendered":"Succionador De Cl\u00edtoris Mini"},"content":{"rendered":"<p>UN SUCCIONADOR PEQUE\u00d1O Y POTENTE<\/p>\n<p>La marca DIBE es una empresa que se distingue por su dise\u00f1o vanguardista, este succionador de cl\u00edtoris, a diferencia de otras marcas, tiene una ventosa m\u00e1s amplia, compuesta de silicona y sumamente suave al tacto, que permite una mayor estimulaci\u00f3n por medio de su membrana puls\u00e1til para ayudarte a llegar a esos orgasmos tan deseados. Es tan peque\u00f1o que podr\u00e1s llevarlo contigo a todas partes, incluso a la regadera, ya que es resistente al agua.<\/p>\n","protected":false},"excerpt":{"rendered":"<p>Material: Silicona + ABS<br \/>\nAlimentaci\u00f3n: 2 pilas AAA (No incluidas)<br \/>\nFrecuencias: 7 modalidades<br \/>\nMedidas: 90mm x 58mm x 46mm<br \/>\nRuido: &lt;65db<br \/>\nResistente al Agua<\/p>\n","protected":false},"featured_media":968,"comment_status":"open","ping_status":"closed","template":"","meta":[],"product_cat":[57],"product_tag":[33,39,24],"_links":{"self":[{"href":"https:\/\/plumbuss.com\/index.php?rest_route=\/wp\/v2\/product\/956"}],"collection":[{"href":"https:\/\/plumbuss.com\/index.php?rest_route=\/wp\/v2\/product"}],"about":[{"href":"https:\/\/plumbuss.com\/index.php?rest_route=\/wp\/v2\/types\/product"}],"replies":[{"embeddable":true,"href":"https:\/\/plumbuss.com\/index.php?rest_route=%2Fwp%2Fv2%2Fcomments&post=956"}],"wp:featuredmedia":[{"embeddable":true,"href":"https:\/\/plumbuss.com\/index.php?rest_route=\/wp\/v2\/media\/968"}],"wp:attachment":[{"href":"https:\/\/plumbuss.com\/index.php?rest_route=%2Fwp%2Fv2%2Fmedia&parent=956"}],"wp:term":[{"taxonomy":"product_cat","embeddable":true,"href":"https:\/\/plumbuss.com\/index.php?rest_route=%2Fwp%2Fv2%2Fproduct_cat&post=956"},{"taxonomy":"product_tag","embeddable":true,"href":"https:\/\/plumbuss.com\/index.php?rest_route=%2Fwp%2Fv2%2Fproduct_tag&post=956"}],"curies":[{"name":"wp","href":"https:\/\/api.w.org\/{rel}","templated":true}]}}