{"id":897,"date":"2021-08-27T02:00:35","date_gmt":"2021-08-27T02:00:35","guid":{"rendered":"https:\/\/plumbuss.com\/?post_type=product&#038;p=897"},"modified":"2021-08-27T02:00:35","modified_gmt":"2021-08-27T02:00:35","slug":"bala-vibradora-super-heroe","status":"publish","type":"product","link":"https:\/\/plumbuss.com\/?product=bala-vibradora-super-heroe","title":{"rendered":"Bala Vibradora Super H\u00e9roe"},"content":{"rendered":"<p>&#8220;BUSCA LA GEMA DEL GEMIDO&#8221;<\/p>\n<p>\u00bf\u00bfLista para que tu super heroe favorito te lleve al orgasmo?? Este vibrador tipo bala con 3 de los personajes favoritos de los comics, est\u00e1 dise\u00f1ada para que por medio de una vibraci\u00f3n potente, llevarte a tu orgasmo en segundos, o para un extra antes o durante la relaci\u00f3n sexual. Tiene dos grandes cualidades, la primera que cuenta con 2 extremos, uno redondo y otro en punta, lo que permite que elijas que te gusta m\u00e1s; y la segunda, es que es resistente al agua, no te limites y lleva el placer a todos lados.<\/p>\n","protected":false},"excerpt":{"rendered":"<p>Caracter\u00edsticas:<\/p>\n<p>Material: Silicone<br \/>\nAlimentaci\u00f3n: 1 Pila AA (no incluida)<br \/>\nMedidas: 12.4 cm de largo x 2.8 cm de di\u00e1metro (en su porci\u00f3n m\u00e1s gruesa)<br \/>\n1 Frecuencia de Vibraci\u00f3n<br \/>\nResistente al agua<\/p>\n","protected":false},"featured_media":906,"comment_status":"open","ping_status":"closed","template":"","meta":[],"product_cat":[30],"product_tag":[33,24,32,47],"_links":{"self":[{"href":"https:\/\/plumbuss.com\/index.php?rest_route=\/wp\/v2\/product\/897"}],"collection":[{"href":"https:\/\/plumbuss.com\/index.php?rest_route=\/wp\/v2\/product"}],"about":[{"href":"https:\/\/plumbuss.com\/index.php?rest_route=\/wp\/v2\/types\/product"}],"replies":[{"embeddable":true,"href":"https:\/\/plumbuss.com\/index.php?rest_route=%2Fwp%2Fv2%2Fcomments&post=897"}],"wp:featuredmedia":[{"embeddable":true,"href":"https:\/\/plumbuss.com\/index.php?rest_route=\/wp\/v2\/media\/906"}],"wp:attachment":[{"href":"https:\/\/plumbuss.com\/index.php?rest_route=%2Fwp%2Fv2%2Fmedia&parent=897"}],"wp:term":[{"taxonomy":"product_cat","embeddable":true,"href":"https:\/\/plumbuss.com\/index.php?rest_route=%2Fwp%2Fv2%2Fproduct_cat&post=897"},{"taxonomy":"product_tag","embeddable":true,"href":"https:\/\/plumbuss.com\/index.php?rest_route=%2Fwp%2Fv2%2Fproduct_tag&post=897"}],"curies":[{"name":"wp","href":"https:\/\/api.w.org\/{rel}","templated":true}]}}