{"id":857,"date":"2021-08-27T00:46:04","date_gmt":"2021-08-27T00:46:04","guid":{"rendered":"https:\/\/plumbuss.com\/?post_type=product&#038;p=857"},"modified":"2025-10-02T23:54:15","modified_gmt":"2025-10-02T23:54:15","slug":"anillo-estimulador-punto-g","status":"publish","type":"product","link":"https:\/\/plumbuss.com\/?product=anillo-estimulador-punto-g","title":{"rendered":"Anillo Estimulador Punto G"},"content":{"rendered":"<p>UN JUGUETE PARA PAREJAS EN BUSCA DE UNA CHISPA EN LA ALCOBA<\/p>\n<p>Es un vibrador tipo bala en anillo que se adapta perfectamente al pene, para estimulaci\u00f3n exterior directamente en el punto G al momento de la penetraci\u00f3n.<\/p>\n<p>Caracter\u00edsticas:<\/p>\n<p>Material: Silicona Gel<\/p>\n<p>Dise\u00f1o de dos anillos que se ajustan de forma id\u00f3nea para que se mantenga en su lugar, con una zona de estimulaci\u00f3n que consta de peque\u00f1as prominencias, te proporciona una experiencia maravillosa.<\/p>\n<p>1 Velocidad<\/p>\n<p>Firme pero flexible para una f\u00e1cil inserci\u00f3n y m\u00e1xima animaci\u00f3n.<\/p>\n<p>Dise\u00f1o poco ruidoso, disfruta profundamente del placer sexual.<\/p>\n","protected":false},"excerpt":{"rendered":"<p>Color: p\u00farpura (Bala Purpura o plateada dependiendo el lote)<br \/>\nAlimentado por: bot\u00f3n de 3 pilas LR44 (incluido)<br \/>\nTama\u00f1o del art\u00edculo: 116*30*30mm\/4,57*1,18 * pulgadas<br \/>\nPeso del art\u00edculo: 40g\/1,41 oz<\/p>\n","protected":false},"featured_media":858,"comment_status":"open","ping_status":"closed","template":"","meta":[],"product_cat":[46],"product_tag":[49,41,33,47],"_links":{"self":[{"href":"https:\/\/plumbuss.com\/index.php?rest_route=\/wp\/v2\/product\/857"}],"collection":[{"href":"https:\/\/plumbuss.com\/index.php?rest_route=\/wp\/v2\/product"}],"about":[{"href":"https:\/\/plumbuss.com\/index.php?rest_route=\/wp\/v2\/types\/product"}],"replies":[{"embeddable":true,"href":"https:\/\/plumbuss.com\/index.php?rest_route=%2Fwp%2Fv2%2Fcomments&post=857"}],"wp:featuredmedia":[{"embeddable":true,"href":"https:\/\/plumbuss.com\/index.php?rest_route=\/wp\/v2\/media\/858"}],"wp:attachment":[{"href":"https:\/\/plumbuss.com\/index.php?rest_route=%2Fwp%2Fv2%2Fmedia&parent=857"}],"wp:term":[{"taxonomy":"product_cat","embeddable":true,"href":"https:\/\/plumbuss.com\/index.php?rest_route=%2Fwp%2Fv2%2Fproduct_cat&post=857"},{"taxonomy":"product_tag","embeddable":true,"href":"https:\/\/plumbuss.com\/index.php?rest_route=%2Fwp%2Fv2%2Fproduct_tag&post=857"}],"curies":[{"name":"wp","href":"https:\/\/api.w.org\/{rel}","templated":true}]}}