{"id":837,"date":"2021-08-27T00:37:44","date_gmt":"2021-08-27T00:37:44","guid":{"rendered":"https:\/\/plumbuss.com\/?post_type=product&#038;p=837"},"modified":"2021-12-03T04:53:03","modified_gmt":"2021-12-03T04:53:03","slug":"extensor-de-pene-con-bala-vibradora","status":"publish","type":"product","link":"https:\/\/plumbuss.com\/?product=extensor-de-pene-con-bala-vibradora","title":{"rendered":"Extensor De Pene Con Bala Vibradora"},"content":{"rendered":"<p>Extiende tu placer y tu pene con Up!<\/p>\n<p>\u00a1Exti\u00e9ndalo! Manga de extensi\u00f3n vibratoria.<\/p>\n<p>Este reforzador de pene flexible y c\u00f3modo agrega dos pulgadas (5 cm) de \u00e9xtasis impresionantes a su juego; es el\u00e1stica, c\u00f3moda y se ajusta sin esfuerzo a la mayor\u00eda de los tama\u00f1os de pene.<\/p>\n<p>Cuenta con protuberancias de placer adicionales para hacer que su viaje sea a\u00fan m\u00e1s agradable. A ambos les encantar\u00e1 la textura adicional que se frota contra sus puntos m\u00e1s sensibles. Esta funda de extensi\u00f3n vibratoria incluye un estimulador vibratorio extra\u00edble y reutilizable para llevar el placer de ambos socios al siguiente nivel. Simplemente inserte tres pilas de reloj (seis incluidas) en la bala para disfrutar de las incre\u00edbles sensaciones que se producen. Las vibraciones fluir\u00e1n a trav\u00e9s de su pene para una estimulaci\u00f3n incre\u00edble para ambos socios.<\/p>\n<p>Col\u00f3quelo en su polla para obtener la confianza que desea y la longitud extra que ella desea.<\/p>\n","protected":false},"excerpt":{"rendered":"<p>Caracter\u00edsticas:<\/p>\n<p>Materiales Elast\u00f3mero termopl\u00e1stico, pl\u00e1stico ABS \/ revestimiento met\u00e1lico<\/p>\n<p>Fuente de alimentaci\u00f3n 3 bater\u00edas de reloj (incluidas)<\/p>\n<p>Caracter\u00edsticas Libre de ftalatos, resistente al agua, vibra<\/p>\n<p>Mediciones 12.75cm x 5cm (Funda)<\/p>\n","protected":false},"featured_media":854,"comment_status":"open","ping_status":"closed","template":"","meta":[],"product_cat":[19],"product_tag":[49,20,21,41,33,47],"_links":{"self":[{"href":"https:\/\/plumbuss.com\/index.php?rest_route=\/wp\/v2\/product\/837"}],"collection":[{"href":"https:\/\/plumbuss.com\/index.php?rest_route=\/wp\/v2\/product"}],"about":[{"href":"https:\/\/plumbuss.com\/index.php?rest_route=\/wp\/v2\/types\/product"}],"replies":[{"embeddable":true,"href":"https:\/\/plumbuss.com\/index.php?rest_route=%2Fwp%2Fv2%2Fcomments&post=837"}],"wp:featuredmedia":[{"embeddable":true,"href":"https:\/\/plumbuss.com\/index.php?rest_route=\/wp\/v2\/media\/854"}],"wp:attachment":[{"href":"https:\/\/plumbuss.com\/index.php?rest_route=%2Fwp%2Fv2%2Fmedia&parent=837"}],"wp:term":[{"taxonomy":"product_cat","embeddable":true,"href":"https:\/\/plumbuss.com\/index.php?rest_route=%2Fwp%2Fv2%2Fproduct_cat&post=837"},{"taxonomy":"product_tag","embeddable":true,"href":"https:\/\/plumbuss.com\/index.php?rest_route=%2Fwp%2Fv2%2Fproduct_tag&post=837"}],"curies":[{"name":"wp","href":"https:\/\/api.w.org\/{rel}","templated":true}]}}