{"id":794,"date":"2021-08-26T21:31:24","date_gmt":"2021-08-26T21:31:24","guid":{"rendered":"https:\/\/plumbuss.com\/?post_type=product&#038;p=794"},"modified":"2025-05-27T00:25:55","modified_gmt":"2025-05-27T00:25:55","slug":"anillo-de-silicone-para-pene-anillo-retardante-parejas","status":"publish","type":"product","link":"https:\/\/plumbuss.com\/?product=anillo-de-silicone-para-pene-anillo-retardante-parejas","title":{"rendered":"Anillo Retardante De Silicon Para Pene"},"content":{"rendered":"<h2 class=\"ui-pdp-description__title\">Descripci\u00f3n<\/h2>\n<p class=\"ui-pdp-description__content\">UN ANILLO PARA PENE PERFECTO PARA MANTENER TU ERECCI\u00d3N<\/p>\n<p>\u00bfAlguna vez has o\u00eddo hablar de los anillos para el pene?<\/p>\n<p>La funci\u00f3n central de estos anillos -que se colocan en la base del \u00f3rgano sexual &#8211; es mantener la erecci\u00f3n por m\u00e1s tiempo y retrasar la eyaculaci\u00f3n. Estos tipos de juguetes cumplen su misi\u00f3n porque detienen el flujo sangu\u00edneo que acumula en el pene durante el acto sexual.<\/p>\n<p>Considerados como un juguete sexual, los aros est\u00e1n ideados para darle mayor goce al hombre en el momento de la penetraci\u00f3n. Cuando sucede la eyaculaci\u00f3n, quien los usa tiene una sensaci\u00f3n m\u00e1s excitante, pues el instrumento aumenta la sensibilidad en el \u00e1rea.<\/p>\n<p>Lo primero a tener en cuenta es que es mejor colocar el anillo cuando el pene est\u00e9 semiduro. Agarra tu miembro con una mano y pon el anillo en la base, asegur\u00e1ndose de que no te pellizca y que est\u00e1s c\u00f3modo. Este juguete sexual se adapta a distintos tama\u00f1os, por lo que seguramente no tendr\u00e1s ning\u00fan problema coloc\u00e1ndolo.<\/p>\n<p>Es importante que tengas en cuenta que los anillos para el pene no deben usarse m\u00e1s de 30 minutos y no debes tomar pastillas para la erecci\u00f3n mientras lo utilizas. Adem\u00e1s, recuerda que este juguete debe adaptarse bien al pene, pero sin llegar a cortar el riego sangu\u00edneo.<\/p>\n","protected":false},"excerpt":{"rendered":"<div class=\"ui-pdp-specs__table\">\n<table class=\"andes-table\">\n<tbody class=\"andes-table__body\">\n<tr class=\"andes-table__row\">\n<th class=\"andes-table__header andes-table__header--left ui-pdp-specs__table__column ui-pdp-specs__table__column-title\">Marca<\/th>\n<td class=\"andes-table__column andes-table__column--left ui-pdp-specs__table__column\"><span class=\"andes-table__column--value\">VATINE<\/span><\/td>\n<\/tr>\n<tr class=\"andes-table__row\">\n<th class=\"andes-table__header andes-table__header--left ui-pdp-specs__table__column ui-pdp-specs__table__column-title\">Modelo<\/th>\n<td class=\"andes-table__column andes-table__column--left ui-pdp-specs__table__column\"><span class=\"andes-table__column--value\">PERSONAJES RETARDANTES<\/span><\/td>\n<\/tr>\n<\/tbody>\n<\/table>\n<\/div>\n<h3 class=\"ui-pdp-specs__subtitle\">Otras caracter\u00edsticas<\/h3>\n<div class=\"ui-pdp-list ui-pdp-specs__list\">\n<ul class=\"ui-pdp-list__wrapper\">\n<li class=\"ui-pdp-list__item\">\n<p class=\"ui-pdp-family--REGULAR ui-pdp-list__text\"><span class=\"ui-pdp-color--BLACK ui-pdp-size--XSMALL ui-pdp-family--BOLD\">Con vibrador<\/span>: No<\/p>\n<\/li>\n<li class=\"ui-pdp-list__item\">\n<p class=\"ui-pdp-family--REGULAR ui-pdp-list__text\"><span class=\"ui-pdp-color--BLACK ui-pdp-size--XSMALL ui-pdp-family--BOLD\">Tipo de anillo para pene<\/span>: RETARDANTE<\/p>\n<\/li>\n<\/ul>\n<ul class=\"ui-pdp-list__wrapper\">\n<li class=\"ui-pdp-list__item\">\n<p class=\"ui-pdp-family--REGULAR ui-pdp-list__text\"><span class=\"ui-pdp-color--BLACK ui-pdp-size--XSMALL ui-pdp-family--BOLD\">Material<\/span>: SILICONE<\/p>\n<\/li>\n<li class=\"ui-pdp-list__item\">\n<p class=\"ui-pdp-family--REGULAR ui-pdp-list__text\"><span class=\"ui-pdp-color--BLACK ui-pdp-size--XSMALL ui-pdp-family--BOLD\">Di\u00e1metro del anillo para pene<\/span>: 2.8 cm<\/p>\n<\/li>\n<\/ul>\n<\/div>\n","protected":false},"featured_media":798,"comment_status":"open","ping_status":"closed","template":"","meta":[],"product_cat":[46],"product_tag":[],"_links":{"self":[{"href":"https:\/\/plumbuss.com\/index.php?rest_route=\/wp\/v2\/product\/794"}],"collection":[{"href":"https:\/\/plumbuss.com\/index.php?rest_route=\/wp\/v2\/product"}],"about":[{"href":"https:\/\/plumbuss.com\/index.php?rest_route=\/wp\/v2\/types\/product"}],"replies":[{"embeddable":true,"href":"https:\/\/plumbuss.com\/index.php?rest_route=%2Fwp%2Fv2%2Fcomments&post=794"}],"wp:featuredmedia":[{"embeddable":true,"href":"https:\/\/plumbuss.com\/index.php?rest_route=\/wp\/v2\/media\/798"}],"wp:attachment":[{"href":"https:\/\/plumbuss.com\/index.php?rest_route=%2Fwp%2Fv2%2Fmedia&parent=794"}],"wp:term":[{"taxonomy":"product_cat","embeddable":true,"href":"https:\/\/plumbuss.com\/index.php?rest_route=%2Fwp%2Fv2%2Fproduct_cat&post=794"},{"taxonomy":"product_tag","embeddable":true,"href":"https:\/\/plumbuss.com\/index.php?rest_route=%2Fwp%2Fv2%2Fproduct_tag&post=794"}],"curies":[{"name":"wp","href":"https:\/\/api.w.org\/{rel}","templated":true}]}}