{"id":753,"date":"2021-08-24T22:25:54","date_gmt":"2021-08-24T22:25:54","guid":{"rendered":"https:\/\/plumbuss.com\/?post_type=product&#038;p=753"},"modified":"2024-04-23T21:48:20","modified_gmt":"2024-04-23T21:48:20","slug":"succionador-clitoris-mini-2-en-1","status":"publish","type":"product","link":"https:\/\/plumbuss.com\/?product=succionador-clitoris-mini-2-en-1","title":{"rendered":"Succionador Clitoris Mini 2 En 1\/"},"content":{"rendered":"<p>TU NUEVO MEJOR AMIGO YA ESTA AQUI!!<\/p>\n<p>En la \u00e9poca donde los populares llamados succionadores est\u00e1n de moda, llega la nueva familia 2 en 1. Un succionador (vibraciones tipo pulsaci\u00f3n) suave elaborado a base de silic\u00f3n grado medico, con 10 frecuencias de vibraci\u00f3n y un potente motor, pero eso solo es por un lado, porque este modelo cuenta con otra boquilla que te har\u00e1 gritar de placer gracias a una peque\u00f1a leng\u00fceta que se mueve al ritmo de la vibraci\u00f3n seleccionada, los dos funcionan a la par, solo tendr\u00e1s que escoger que prefieres, unas ricas lamiditas o una deliciosa succi\u00f3n tipo puls\u00e1til.<\/p>\n<p>Adem\u00e1s es tan peque\u00f1o, que lo puedes llevar a cualquier parte contigo, incluso a la regadera. Convi\u00e9rtete en la due\u00f1a de tus orgasmos.<\/p>\n<p>OJO: Estos juguetes se llaman succionadores, pero no succiona, al poner la boquilla en el cl\u00edtoris hace vac\u00edo y es estimulado de forma directa por una membrana que emite vibraciones de tipo puls\u00e1til.<\/p>\n","protected":false},"excerpt":{"rendered":"<p>Caracter\u00edsticas:<\/p>\n<p>Material: Silicona + ABS<br \/>\nFrecuencias: 10 modalidades<br \/>\nMedidas:<br \/>\n*Largo Total 7.7 cm<br \/>\n*Boquilla 1: 2 cm x 1.5cm<br \/>\n*Boquilla 2: 1.5 cm<br \/>\nBater\u00eda: recargable USB<br \/>\nResistencia al agua: IPX7<\/p>\n","protected":false},"featured_media":761,"comment_status":"open","ping_status":"closed","template":"","meta":[],"product_cat":[57],"product_tag":[24,32],"_links":{"self":[{"href":"https:\/\/plumbuss.com\/index.php?rest_route=\/wp\/v2\/product\/753"}],"collection":[{"href":"https:\/\/plumbuss.com\/index.php?rest_route=\/wp\/v2\/product"}],"about":[{"href":"https:\/\/plumbuss.com\/index.php?rest_route=\/wp\/v2\/types\/product"}],"replies":[{"embeddable":true,"href":"https:\/\/plumbuss.com\/index.php?rest_route=%2Fwp%2Fv2%2Fcomments&post=753"}],"wp:featuredmedia":[{"embeddable":true,"href":"https:\/\/plumbuss.com\/index.php?rest_route=\/wp\/v2\/media\/761"}],"wp:attachment":[{"href":"https:\/\/plumbuss.com\/index.php?rest_route=%2Fwp%2Fv2%2Fmedia&parent=753"}],"wp:term":[{"taxonomy":"product_cat","embeddable":true,"href":"https:\/\/plumbuss.com\/index.php?rest_route=%2Fwp%2Fv2%2Fproduct_cat&post=753"},{"taxonomy":"product_tag","embeddable":true,"href":"https:\/\/plumbuss.com\/index.php?rest_route=%2Fwp%2Fv2%2Fproduct_tag&post=753"}],"curies":[{"name":"wp","href":"https:\/\/api.w.org\/{rel}","templated":true}]}}