{"id":74,"date":"2021-08-12T02:30:29","date_gmt":"2021-08-12T02:30:29","guid":{"rendered":"https:\/\/plumbuss.com\/?post_type=product&#038;p=74"},"modified":"2025-11-23T15:55:17","modified_gmt":"2025-11-23T15:55:17","slug":"plug-anal-cola-de-conejo-con-orejas-plug-anal-acero","status":"publish","type":"product","link":"https:\/\/plumbuss.com\/?product=plug-anal-cola-de-conejo-con-orejas-plug-anal-acero","title":{"rendered":"Plug Anal Cola De Conejo Con Orejas"},"content":{"rendered":"<p>!MI LINDA CONEJITA!<\/p>\n<p>Con este juego de orejas y cola esponjosa te convertir\u00e1s en una linda conejita, deja que juegue con tu cola esponjosa, sal de la rutina. Es un plug peque\u00f1o, que podr\u00e1s manipular f\u00e1cilmente. ***LOS COLORES PUEDEN VARIAR UN POCO EN INTENSIDAD AL REAL POR EL BRILLO DE LA PANTALLA***<\/p>\n<p>Material de la cola: Sint\u00e9tico<\/p>\n<p>Material Plug: Acero Inoxidable<\/p>\n<p>Medidas:<\/p>\n<p>Largo Plug: 7 cm<br \/>\nAncho Plug: 2.8 cm<br \/>\nAncho cola: 8 cm<\/p>\n<p>&#8220;INCLUYE BOLSA DE REGALO PARA GUARDAR TU JUGUETE&#8221;<\/p>\n<p>***ESTIMADO COMPRADOR, EL PLUG ANAL NO SE DEBE RETIRAR JALANDO EL PELAJE, ESTO PUEDE DA\u00d1AR EL PRODUCTO, SE DEBE RETIRAR TOM\u00c1NDOLO DE LA BASE MET\u00c1LICA Y JALANDO SUAVE Y DESPACION***<\/p>\n","protected":false},"excerpt":{"rendered":"<h2 class=\"ui-pdp-specs__title\">Caracter\u00edsticas principales<\/h2>\n<div class=\"ui-pdp-specs__table\">\n<table class=\"andes-table\">\n<tbody class=\"andes-table__body\">\n<tr class=\"andes-table__row\">\n<th class=\"andes-table__header andes-table__header--left ui-pdp-specs__table__column ui-pdp-specs__table__column-title\">Marca<\/th>\n<td class=\"andes-table__column andes-table__column--left ui-pdp-specs__table__column\"><span class=\"andes-table__column--value\">Domi<\/span><\/td>\n<\/tr>\n<tr class=\"andes-table__row\">\n<th class=\"andes-table__header andes-table__header--left ui-pdp-specs__table__column ui-pdp-specs__table__column-title\">Modelo<\/th>\n<td class=\"andes-table__column andes-table__column--left ui-pdp-specs__table__column\"><span class=\"andes-table__column--value\">CONEJO<\/span><\/td>\n<\/tr>\n<\/tbody>\n<\/table>\n<\/div>\n<h3 class=\"ui-pdp-specs__subtitle\">Otras caracter\u00edsticas<\/h3>\n<div class=\"ui-pdp-list ui-pdp-specs__list\">\n<ul class=\"ui-pdp-list__wrapper\">\n<li class=\"ui-pdp-list__item\">\n<p class=\"ui-pdp-family--REGULAR ui-pdp-list__text\"><span class=\"ui-pdp-color--BLACK ui-pdp-size--XSMALL ui-pdp-family--BOLD\">Material<\/span>: Acero inoxidable<\/p>\n<\/li>\n<li class=\"ui-pdp-list__item\">\n<p class=\"ui-pdp-family--REGULAR ui-pdp-list__text\"><span class=\"ui-pdp-color--BLACK ui-pdp-size--XSMALL ui-pdp-family--BOLD\">Largo x Ancho<\/span>: 7 cm x 2 cm<\/p>\n<\/li>\n<\/ul>\n<ul class=\"ui-pdp-list__wrapper\">\n<li class=\"ui-pdp-list__item\">\n<p class=\"ui-pdp-family--REGULAR ui-pdp-list__text\"><span class=\"ui-pdp-color--BLACK ui-pdp-size--XSMALL ui-pdp-family--BOLD\">Vibraci\u00f3n<\/span>: No<\/p>\n<\/li>\n<\/ul>\n<\/div>\n","protected":false},"featured_media":75,"comment_status":"open","ping_status":"closed","template":"","meta":[],"product_cat":[25],"product_tag":[28,26,33,37],"_links":{"self":[{"href":"https:\/\/plumbuss.com\/index.php?rest_route=\/wp\/v2\/product\/74"}],"collection":[{"href":"https:\/\/plumbuss.com\/index.php?rest_route=\/wp\/v2\/product"}],"about":[{"href":"https:\/\/plumbuss.com\/index.php?rest_route=\/wp\/v2\/types\/product"}],"replies":[{"embeddable":true,"href":"https:\/\/plumbuss.com\/index.php?rest_route=%2Fwp%2Fv2%2Fcomments&post=74"}],"wp:featuredmedia":[{"embeddable":true,"href":"https:\/\/plumbuss.com\/index.php?rest_route=\/wp\/v2\/media\/75"}],"wp:attachment":[{"href":"https:\/\/plumbuss.com\/index.php?rest_route=%2Fwp%2Fv2%2Fmedia&parent=74"}],"wp:term":[{"taxonomy":"product_cat","embeddable":true,"href":"https:\/\/plumbuss.com\/index.php?rest_route=%2Fwp%2Fv2%2Fproduct_cat&post=74"},{"taxonomy":"product_tag","embeddable":true,"href":"https:\/\/plumbuss.com\/index.php?rest_route=%2Fwp%2Fv2%2Fproduct_tag&post=74"}],"curies":[{"name":"wp","href":"https:\/\/api.w.org\/{rel}","templated":true}]}}