{"id":724,"date":"2021-08-24T21:42:36","date_gmt":"2021-08-24T21:42:36","guid":{"rendered":"https:\/\/plumbuss.com\/?post_type=product&#038;p=724"},"modified":"2025-10-02T23:54:15","modified_gmt":"2025-10-02T23:54:15","slug":"anillo-para-pene-conejo-recargable","status":"publish","type":"product","link":"https:\/\/plumbuss.com\/?product=anillo-para-pene-conejo-recargable","title":{"rendered":"Anillo Para Pene Conejo Recargable"},"content":{"rendered":"<p>SAL DE LA RUTINA CON UN EXPERIENCIA LLENA DE PLACER<\/p>\n<p>Un anillo especial para llevarte junto con tu pareja a un orgasmo intenso, cuenta con un anillo el\u00e1stico de silic\u00f3n que permite mejores y tengas m\u00e1s potentes erecciones. Unas orejas de conejo y un mont\u00edculo en el centro que estimula el cl\u00edtoris en cada penetraci\u00f3n; y una potente ola de sensaciones con 10 ritmos de vibraci\u00f3n que hombres y mujeres sentir\u00e1n en todo el cuerpo al usarlo, la bala se puede separar del anillo, por lo que tu decides como usarla.<\/p>\n","protected":false},"excerpt":{"rendered":"<p>Caracter\u00edsticas:<\/p>\n<p>Material: Silic\u00f3n + ABS<br \/>\nAlimentaci\u00f3n: Bater\u00eda de litio recargable por USB<br \/>\nDi\u00e1metro interior del anillo: 3.6 cm<br \/>\nLongitud Total: 7 cm<br \/>\nPeso: 95,6g<br \/>\nA prueba de agua (no sumergir)<br \/>\nRuido: &lt;50dB<\/p>\n","protected":false},"featured_media":732,"comment_status":"open","ping_status":"closed","template":"","meta":[],"product_cat":[46],"product_tag":[49,33,24],"_links":{"self":[{"href":"https:\/\/plumbuss.com\/index.php?rest_route=\/wp\/v2\/product\/724"}],"collection":[{"href":"https:\/\/plumbuss.com\/index.php?rest_route=\/wp\/v2\/product"}],"about":[{"href":"https:\/\/plumbuss.com\/index.php?rest_route=\/wp\/v2\/types\/product"}],"replies":[{"embeddable":true,"href":"https:\/\/plumbuss.com\/index.php?rest_route=%2Fwp%2Fv2%2Fcomments&post=724"}],"wp:featuredmedia":[{"embeddable":true,"href":"https:\/\/plumbuss.com\/index.php?rest_route=\/wp\/v2\/media\/732"}],"wp:attachment":[{"href":"https:\/\/plumbuss.com\/index.php?rest_route=%2Fwp%2Fv2%2Fmedia&parent=724"}],"wp:term":[{"taxonomy":"product_cat","embeddable":true,"href":"https:\/\/plumbuss.com\/index.php?rest_route=%2Fwp%2Fv2%2Fproduct_cat&post=724"},{"taxonomy":"product_tag","embeddable":true,"href":"https:\/\/plumbuss.com\/index.php?rest_route=%2Fwp%2Fv2%2Fproduct_tag&post=724"}],"curies":[{"name":"wp","href":"https:\/\/api.w.org\/{rel}","templated":true}]}}