{"id":719,"date":"2021-08-24T21:15:44","date_gmt":"2021-08-24T21:15:44","guid":{"rendered":"https:\/\/plumbuss.com\/?post_type=product&#038;p=719"},"modified":"2023-11-14T23:57:02","modified_gmt":"2023-11-14T23:57:02","slug":"anillo-vibrador-con-estimulador-de-clitoris","status":"publish","type":"product","link":"https:\/\/plumbuss.com\/?product=anillo-vibrador-con-estimulador-de-clitoris","title":{"rendered":"Anillo Vibrador con Estimulador de Clitoris"},"content":{"rendered":"<p>NUEVAS EXPERIENCIAS EN PAREJA<\/p>\n<p>Con este anillo texturizado elevaras la intensidad en la intimidad, comparte la vibraci\u00f3n en 10 diferentes modalidades y llega al cl\u00edmax en pareja.<\/p>\n","protected":false},"excerpt":{"rendered":"<p>-Material: Silicona + ABS<br \/>\n-Tama\u00f1o: 7.4 cm x 6.1cm, el anillo tiene un di\u00e1metro de 2.8cm y es el\u00e1stico, ajustable.<br \/>\n-Resistente al agua<br \/>\n-Vibraci\u00f3n: 10 modos de frecuencia<br \/>\n-Ruido m\u00e1ximo: 40 dB<br \/>\n-Fuente de alimentaci\u00f3n: Carga USB<\/p>\n","protected":false},"featured_media":723,"comment_status":"open","ping_status":"closed","template":"","meta":[],"product_cat":[46,66],"product_tag":[49,41,33,24],"_links":{"self":[{"href":"https:\/\/plumbuss.com\/index.php?rest_route=\/wp\/v2\/product\/719"}],"collection":[{"href":"https:\/\/plumbuss.com\/index.php?rest_route=\/wp\/v2\/product"}],"about":[{"href":"https:\/\/plumbuss.com\/index.php?rest_route=\/wp\/v2\/types\/product"}],"replies":[{"embeddable":true,"href":"https:\/\/plumbuss.com\/index.php?rest_route=%2Fwp%2Fv2%2Fcomments&post=719"}],"wp:featuredmedia":[{"embeddable":true,"href":"https:\/\/plumbuss.com\/index.php?rest_route=\/wp\/v2\/media\/723"}],"wp:attachment":[{"href":"https:\/\/plumbuss.com\/index.php?rest_route=%2Fwp%2Fv2%2Fmedia&parent=719"}],"wp:term":[{"taxonomy":"product_cat","embeddable":true,"href":"https:\/\/plumbuss.com\/index.php?rest_route=%2Fwp%2Fv2%2Fproduct_cat&post=719"},{"taxonomy":"product_tag","embeddable":true,"href":"https:\/\/plumbuss.com\/index.php?rest_route=%2Fwp%2Fv2%2Fproduct_tag&post=719"}],"curies":[{"name":"wp","href":"https:\/\/api.w.org\/{rel}","templated":true}]}}