{"id":696,"date":"2021-08-20T23:24:33","date_gmt":"2021-08-20T23:24:33","guid":{"rendered":"https:\/\/plumbuss.com\/?post_type=product&#038;p=696"},"modified":"2025-03-01T01:17:38","modified_gmt":"2025-03-01T01:17:38","slug":"vibrador-anal-masajeador-de-prostata-bola-chinas-largas","status":"publish","type":"product","link":"https:\/\/plumbuss.com\/?product=vibrador-anal-masajeador-de-prostata-bola-chinas-largas","title":{"rendered":"Vibrador Anal \/Masajeador De Pr\u00f3stata \/ Bola Chinas Largas"},"content":{"rendered":"<p>POR QUE SI PUEDES TENER TODO EN UN SOLO JUGUETE<\/p>\n<p>Este vibrador anal est\u00e1 dise\u00f1ado para ofrecer una estimulaci\u00f3n potente, tiene forma de bolas chinas, lo que brinda una serie de bolas de diversos di\u00e1metros y ofrece 10 modalidades de vibraci\u00f3n. Es de tacto suave, y resistente al agua. No limites tu placer.<\/p>\n","protected":false},"excerpt":{"rendered":"<p>Material: Silicone + ABS<br \/>\nColor: Negro<br \/>\nBateria: Litio recargable por USB<br \/>\nVibraci\u00f3n: 10 Frecuencias<br \/>\nMedidas: Largo total 20 cm (Insertable 14 cm) Di\u00e1metro 2.8 cm en la porci\u00f3n m\u00e1s gruesa y 1.8 cm en la porci\u00f3n m\u00e1s delgada.<br \/>\nResistencia al agua tipo IPX7 (No sumergir a m\u00e1s de 1 m de profundidad ni por m\u00e1s de 30 minutos)<\/p>\n","protected":false},"featured_media":690,"comment_status":"open","ping_status":"closed","template":"","meta":[],"product_cat":[35],"product_tag":[33,27,36],"_links":{"self":[{"href":"https:\/\/plumbuss.com\/index.php?rest_route=\/wp\/v2\/product\/696"}],"collection":[{"href":"https:\/\/plumbuss.com\/index.php?rest_route=\/wp\/v2\/product"}],"about":[{"href":"https:\/\/plumbuss.com\/index.php?rest_route=\/wp\/v2\/types\/product"}],"replies":[{"embeddable":true,"href":"https:\/\/plumbuss.com\/index.php?rest_route=%2Fwp%2Fv2%2Fcomments&post=696"}],"wp:featuredmedia":[{"embeddable":true,"href":"https:\/\/plumbuss.com\/index.php?rest_route=\/wp\/v2\/media\/690"}],"wp:attachment":[{"href":"https:\/\/plumbuss.com\/index.php?rest_route=%2Fwp%2Fv2%2Fmedia&parent=696"}],"wp:term":[{"taxonomy":"product_cat","embeddable":true,"href":"https:\/\/plumbuss.com\/index.php?rest_route=%2Fwp%2Fv2%2Fproduct_cat&post=696"},{"taxonomy":"product_tag","embeddable":true,"href":"https:\/\/plumbuss.com\/index.php?rest_route=%2Fwp%2Fv2%2Fproduct_tag&post=696"}],"curies":[{"name":"wp","href":"https:\/\/api.w.org\/{rel}","templated":true}]}}