{"id":665,"date":"2021-08-20T23:08:19","date_gmt":"2021-08-20T23:08:19","guid":{"rendered":"https:\/\/plumbuss.com\/?post_type=product&#038;p=665"},"modified":"2025-10-02T23:54:14","modified_gmt":"2025-10-02T23:54:14","slug":"anillo-vibrador-con-control","status":"publish","type":"product","link":"https:\/\/plumbuss.com\/?product=anillo-vibrador-con-control","title":{"rendered":"Anillo Vibrador Con Control"},"content":{"rendered":"<p>SAL DE LA RUTINA CON UN EXPERIENCIA LLENA DE PLACER<\/p>\n<p>Un anillo especial para llevarte junto con tu pareja a un orgasmo intenso, cuenta con doble arillo que permite mejores y m\u00e1s potentes erecciones, manteni\u00e9ndolo en su lugar todo el tiempo. Una lengua de silic\u00f3n que estimula el cl\u00edtoris; y una potente ola de sensaciones con 10 ritmos de vibraci\u00f3n que hombres y mujeres sentir\u00e1n en todo el cuerpo al usarlo, la bala se puede separar del anillo, por lo que tu decides como usarla.<\/p>\n<p>Cuenta con una potente bala y un sistema control remoto de vibraciones, con un alcance de m\u00e1s de 5 metros, ademas olvidate de las pilas, el control remoto tambi\u00e9n es recargable!!<\/p>\n","protected":false},"excerpt":{"rendered":"<p>Material: Silic\u00f3n + ABS<br \/>\nAlimentaci\u00f3n: Bater\u00eda de litio recargable por USB<br \/>\nColor: Negro (La bala es negra al igual que el anillo)<br \/>\nMedida:<br \/>\nDi\u00e1metro interior del anillo peque\u00f1o: 2,77 cm<br \/>\nDi\u00e1metro interior del anillo grande: 3,55 cm.<br \/>\nLongitud Total: 7,65 cm<br \/>\nAncho: 5,3 cm<br \/>\nAltura: 8,68 cm<br \/>\nPeso: 95,6g<br \/>\nResistente al Agua no sumergible (el control NO es a prueba de agua)<br \/>\nRuido: &lt;50dB<\/p>\n","protected":false},"featured_media":673,"comment_status":"open","ping_status":"closed","template":"","meta":[],"product_cat":[46],"product_tag":[49,33,47],"_links":{"self":[{"href":"https:\/\/plumbuss.com\/index.php?rest_route=\/wp\/v2\/product\/665"}],"collection":[{"href":"https:\/\/plumbuss.com\/index.php?rest_route=\/wp\/v2\/product"}],"about":[{"href":"https:\/\/plumbuss.com\/index.php?rest_route=\/wp\/v2\/types\/product"}],"replies":[{"embeddable":true,"href":"https:\/\/plumbuss.com\/index.php?rest_route=%2Fwp%2Fv2%2Fcomments&post=665"}],"wp:featuredmedia":[{"embeddable":true,"href":"https:\/\/plumbuss.com\/index.php?rest_route=\/wp\/v2\/media\/673"}],"wp:attachment":[{"href":"https:\/\/plumbuss.com\/index.php?rest_route=%2Fwp%2Fv2%2Fmedia&parent=665"}],"wp:term":[{"taxonomy":"product_cat","embeddable":true,"href":"https:\/\/plumbuss.com\/index.php?rest_route=%2Fwp%2Fv2%2Fproduct_cat&post=665"},{"taxonomy":"product_tag","embeddable":true,"href":"https:\/\/plumbuss.com\/index.php?rest_route=%2Fwp%2Fv2%2Fproduct_tag&post=665"}],"curies":[{"name":"wp","href":"https:\/\/api.w.org\/{rel}","templated":true}]}}