{"id":647,"date":"2021-08-20T22:40:50","date_gmt":"2021-08-20T22:40:50","guid":{"rendered":"https:\/\/plumbuss.com\/?post_type=product&#038;p=647"},"modified":"2023-03-16T20:37:04","modified_gmt":"2023-03-16T20:37:04","slug":"dildo-eyaculador-de-perilla-con-testiculos-9%c2%a8-pulgadas","status":"publish","type":"product","link":"https:\/\/plumbuss.com\/?product=dildo-eyaculador-de-perilla-con-testiculos-9%c2%a8-pulgadas","title":{"rendered":"Dildo Eyaculador De Perilla Con Test\u00edculos 9\u00a8 Pulgadas"},"content":{"rendered":"<p>UN JUGUETE PARA EXPERTOS<\/p>\n<p>Este dildo eyaculador tiene acci\u00f3n real de chorros y es mejor que la verdadera &#8220;piel real&#8221;, tan suave al tacto que olvidar\u00e1s que es un juguete, cuenta con caracter\u00edsticas realistas, como una cabeza bulbosa e impresi\u00f3n de venas a los largo del dildo, con testiculos tambi\u00e9n de impresi\u00f3n realista, es totalmente impermeable y libre de ftalatos. Con 9 pulgadas de diversi\u00f3n y una perilla de gran capacidad, tendr\u00e1s una experiencia sexual de lo m\u00e1s completa y placentera.<\/p>\n","protected":false},"excerpt":{"rendered":"<p>Material: PVC<br \/>\nLargo total: 22.86 cm (9 Pulgadas)<br \/>\nLargo insertable: 20.32 cm (8 Pulgadas)<br \/>\nCircunferencia: 14 cm (5.5 Pulgadas)<br \/>\nCapacidad: 5.4 onzas<br \/>\nTubo de silicona Longitud: 60cm<\/p>\n","protected":false},"featured_media":648,"comment_status":"open","ping_status":"closed","template":"","meta":[],"product_cat":[55],"product_tag":[34,27,39],"_links":{"self":[{"href":"https:\/\/plumbuss.com\/index.php?rest_route=\/wp\/v2\/product\/647"}],"collection":[{"href":"https:\/\/plumbuss.com\/index.php?rest_route=\/wp\/v2\/product"}],"about":[{"href":"https:\/\/plumbuss.com\/index.php?rest_route=\/wp\/v2\/types\/product"}],"replies":[{"embeddable":true,"href":"https:\/\/plumbuss.com\/index.php?rest_route=%2Fwp%2Fv2%2Fcomments&post=647"}],"wp:featuredmedia":[{"embeddable":true,"href":"https:\/\/plumbuss.com\/index.php?rest_route=\/wp\/v2\/media\/648"}],"wp:attachment":[{"href":"https:\/\/plumbuss.com\/index.php?rest_route=%2Fwp%2Fv2%2Fmedia&parent=647"}],"wp:term":[{"taxonomy":"product_cat","embeddable":true,"href":"https:\/\/plumbuss.com\/index.php?rest_route=%2Fwp%2Fv2%2Fproduct_cat&post=647"},{"taxonomy":"product_tag","embeddable":true,"href":"https:\/\/plumbuss.com\/index.php?rest_route=%2Fwp%2Fv2%2Fproduct_tag&post=647"}],"curies":[{"name":"wp","href":"https:\/\/api.w.org\/{rel}","templated":true}]}}