{"id":623,"date":"2021-08-20T03:00:40","date_gmt":"2021-08-20T03:00:40","guid":{"rendered":"https:\/\/plumbuss.com\/?post_type=product&#038;p=623"},"modified":"2021-09-28T22:21:00","modified_gmt":"2021-09-28T22:21:00","slug":"strapon-suave-sin-arnes","status":"publish","type":"product","link":"https:\/\/plumbuss.com\/?product=strapon-suave-sin-arnes","title":{"rendered":"StrapOn Suave Sin Arn\u00e9s"},"content":{"rendered":"<p>STRAP ON DOBLE SUAVE PENETRACION<\/p>\n<p>Es un Strap On de silicon, con una sensaci\u00f3n suave tacto piel, totalmente maleable, lo que har\u00e1 que se ajuste perfectamente en ti y en tu pareja en diferentes situaciones sin lastimarte. Cuenta con 2 extremos con caracter\u00edsticas diferentes, uno delgado, corto, con una cabeza redonda y unas suaves ondas, y el segundo extremo m\u00e1s grueso, con un cuerpo anillado y una punta tipo cabeza de pene realista.<\/p>\n<p>Compatible con m\u00faltiples arn\u00e9s (importante medir el aro del arn\u00e9s)<\/p>\n","protected":false},"excerpt":{"rendered":"<p>Vibraci\u00f3n: NO<br \/>\nHueco: NO<br \/>\nMaterial: Silicone + ABS<br \/>\nResistencia al agua: 100%<br \/>\nMedidas:<br \/>\nExtremo 1: 19 cm de largo x 5 cm de di\u00e1metro en la parte m\u00e1s gruesa y<br \/>\n4.55 cm en la parte m\u00e1s delgada<br \/>\nExtremo 2: 17.5 cm de largo x 3.5 cm de di\u00e1metro en la parte m\u00e1s gruesa y<br \/>\n3.2 cm en la parte m\u00e1s delgada<\/p>\n<p>*Nota: permite margen de error de +\/- 1 cm*<\/p>\n<p>***NO INCLUYE ARNES***<\/p>\n","protected":false},"featured_media":627,"comment_status":"open","ping_status":"closed","template":"","meta":[],"product_cat":[43],"product_tag":[34,33,44],"_links":{"self":[{"href":"https:\/\/plumbuss.com\/index.php?rest_route=\/wp\/v2\/product\/623"}],"collection":[{"href":"https:\/\/plumbuss.com\/index.php?rest_route=\/wp\/v2\/product"}],"about":[{"href":"https:\/\/plumbuss.com\/index.php?rest_route=\/wp\/v2\/types\/product"}],"replies":[{"embeddable":true,"href":"https:\/\/plumbuss.com\/index.php?rest_route=%2Fwp%2Fv2%2Fcomments&post=623"}],"wp:featuredmedia":[{"embeddable":true,"href":"https:\/\/plumbuss.com\/index.php?rest_route=\/wp\/v2\/media\/627"}],"wp:attachment":[{"href":"https:\/\/plumbuss.com\/index.php?rest_route=%2Fwp%2Fv2%2Fmedia&parent=623"}],"wp:term":[{"taxonomy":"product_cat","embeddable":true,"href":"https:\/\/plumbuss.com\/index.php?rest_route=%2Fwp%2Fv2%2Fproduct_cat&post=623"},{"taxonomy":"product_tag","embeddable":true,"href":"https:\/\/plumbuss.com\/index.php?rest_route=%2Fwp%2Fv2%2Fproduct_tag&post=623"}],"curies":[{"name":"wp","href":"https:\/\/api.w.org\/{rel}","templated":true}]}}