{"id":597,"date":"2021-08-20T02:33:09","date_gmt":"2021-08-20T02:33:09","guid":{"rendered":"https:\/\/plumbuss.com\/?post_type=product&#038;p=597"},"modified":"2022-07-13T01:32:23","modified_gmt":"2022-07-13T01:32:23","slug":"extensor-funda-para-pene-doble-bala-vibradora","status":"publish","type":"product","link":"https:\/\/plumbuss.com\/?product=extensor-funda-para-pene-doble-bala-vibradora","title":{"rendered":"Extensor\/Funda Para Pene Doble Bala Vibradora"},"content":{"rendered":"<p>ENGROSA TU PENE Y HAZLA VIBRAR<\/p>\n<p>Funda para pene con doble bala que ayuda a que tu pene engrose hasta 2 mm, al tener doble bala, una arriba y otra abajo, permite tener una estimulaci\u00f3n directa en el cl\u00edtoris y otra la bolsa escrotal, vibraci\u00f3n y diversi\u00f3n para todos, como extra la funda cuenta con 7 anillos en y 180 mont\u00edculos que aumentan el placer en cada penetraci\u00f3n.<\/p>\n","protected":false},"excerpt":{"rendered":"<p>Material: TPE + ABS<br \/>\nMedidas: Largo total 13 cm x 5 cm de alto x 4 cm de ancho x 2.8 cm en la punta (permite un margen de error de +\/- 0.5cm)<br \/>\nVibraci\u00f3n: 1 frecuencia<br \/>\nPeso: 43 gramos<br \/>\nResistente al agua ( No Sumergible)<br \/>\nBalas: 2 Pilas LR41 (Incluidas) cada bala<\/p>\n","protected":false},"featured_media":604,"comment_status":"open","ping_status":"closed","template":"","meta":[],"product_cat":[19],"product_tag":[49,41,33,47],"_links":{"self":[{"href":"https:\/\/plumbuss.com\/index.php?rest_route=\/wp\/v2\/product\/597"}],"collection":[{"href":"https:\/\/plumbuss.com\/index.php?rest_route=\/wp\/v2\/product"}],"about":[{"href":"https:\/\/plumbuss.com\/index.php?rest_route=\/wp\/v2\/types\/product"}],"replies":[{"embeddable":true,"href":"https:\/\/plumbuss.com\/index.php?rest_route=%2Fwp%2Fv2%2Fcomments&post=597"}],"wp:featuredmedia":[{"embeddable":true,"href":"https:\/\/plumbuss.com\/index.php?rest_route=\/wp\/v2\/media\/604"}],"wp:attachment":[{"href":"https:\/\/plumbuss.com\/index.php?rest_route=%2Fwp%2Fv2%2Fmedia&parent=597"}],"wp:term":[{"taxonomy":"product_cat","embeddable":true,"href":"https:\/\/plumbuss.com\/index.php?rest_route=%2Fwp%2Fv2%2Fproduct_cat&post=597"},{"taxonomy":"product_tag","embeddable":true,"href":"https:\/\/plumbuss.com\/index.php?rest_route=%2Fwp%2Fv2%2Fproduct_tag&post=597"}],"curies":[{"name":"wp","href":"https:\/\/api.w.org\/{rel}","templated":true}]}}