{"id":586,"date":"2021-08-20T02:28:18","date_gmt":"2021-08-20T02:28:18","guid":{"rendered":"https:\/\/plumbuss.com\/?post_type=product&#038;p=586"},"modified":"2026-02-06T22:51:03","modified_gmt":"2026-02-06T22:51:03","slug":"anillo-para-pene-ajustable","status":"publish","type":"product","link":"https:\/\/plumbuss.com\/?product=anillo-para-pene-ajustable","title":{"rendered":"Anillo para Pene Ajustable"},"content":{"rendered":"<p>UN ANILLO DIFERENTE<\/p>\n<p>MEROURII es una compa\u00f1\u00eda dedicada a la innovaci\u00f3n de productos para la intimidad, que busca que el placer sea intenso y mutuo, c\u00f3modo y seguro, es por eso que este anillo para pene cuenta con algunas diferencias en comparaci\u00f3n con un anillo cl\u00e1sico.<\/p>\n<p>Es un anillo suave al tacto tipo funda, con una cinta ajustable, para que puedas sujetarlo de forma c\u00f3moda y te permita mover con libertad, adem\u00e1s lo ajustado del anillo permitir\u00e1 que puedas prolongar la erecci\u00f3n como con cualquier otro anillo de silic\u00f3n; cuenta con 10 frecuencias de vibracion ademas de una peque\u00f1a lengua suave, que le dara peque\u00f1as lamiditas al clitoris y har\u00e1 estremecer el mundo de tu pareja, pero para mayor comodidad, podr\u00e1s manejarlo desde la comodidad de un control remoto, si buscas algo nuevo para disfrutar en pareja, este juguete es para ti.<\/p>\n","protected":false},"excerpt":{"rendered":"<p>*Material: Silicona + ABS<br \/>\n*Alimentaci\u00f3n: Bater\u00eda de litio recargable<br \/>\n*Medidas: 9.2 cm x 4 cm de di\u00e1metro x 7.4 cm de base<br \/>\n*Cabeza: 3 cm x 2.9 cm x 1.2 cm<br \/>\n*A prueba de agua (el control NO es a prueba de agua)<br \/>\n*Vibraci\u00f3n: 10 Frecuencias<br \/>\n*Ruido: &lt;50dB<\/p>\n","protected":false},"featured_media":588,"comment_status":"open","ping_status":"closed","template":"","meta":[],"product_cat":[46],"product_tag":[49,33,24,47],"_links":{"self":[{"href":"https:\/\/plumbuss.com\/index.php?rest_route=\/wp\/v2\/product\/586"}],"collection":[{"href":"https:\/\/plumbuss.com\/index.php?rest_route=\/wp\/v2\/product"}],"about":[{"href":"https:\/\/plumbuss.com\/index.php?rest_route=\/wp\/v2\/types\/product"}],"replies":[{"embeddable":true,"href":"https:\/\/plumbuss.com\/index.php?rest_route=%2Fwp%2Fv2%2Fcomments&post=586"}],"wp:featuredmedia":[{"embeddable":true,"href":"https:\/\/plumbuss.com\/index.php?rest_route=\/wp\/v2\/media\/588"}],"wp:attachment":[{"href":"https:\/\/plumbuss.com\/index.php?rest_route=%2Fwp%2Fv2%2Fmedia&parent=586"}],"wp:term":[{"taxonomy":"product_cat","embeddable":true,"href":"https:\/\/plumbuss.com\/index.php?rest_route=%2Fwp%2Fv2%2Fproduct_cat&post=586"},{"taxonomy":"product_tag","embeddable":true,"href":"https:\/\/plumbuss.com\/index.php?rest_route=%2Fwp%2Fv2%2Fproduct_tag&post=586"}],"curies":[{"name":"wp","href":"https:\/\/api.w.org\/{rel}","templated":true}]}}