{"id":578,"date":"2021-08-20T02:20:29","date_gmt":"2021-08-20T02:20:29","guid":{"rendered":"https:\/\/plumbuss.com\/?post_type=product&#038;p=578"},"modified":"2021-10-04T17:53:51","modified_gmt":"2021-10-04T17:53:51","slug":"vibrador-portable-bluetooth","status":"publish","type":"product","link":"https:\/\/plumbuss.com\/?product=vibrador-portable-bluetooth","title":{"rendered":"Vibrador Portable Bluetooth"},"content":{"rendered":"<p>TU NUEVO MEJOR AMIGO ES UN CALAMAR<\/p>\n<p>*COLOR: AZUL CLARO*<\/p>\n<p>Este vibrador con forma de calamar est\u00e1 dise\u00f1ado para brindarte orgasmos intensos, con una superficie suave al tacto, con dos extremos especiales, uno para la penetraci\u00f3n con punta tipo pene y otro con forma de tent\u00e1culos y peque\u00f1os mont\u00edculos para estimular de forma directa tu cl\u00edtoris, es maleable, por lo que podr\u00e1s acomodarlo a como tu placer te indique. Y recuerda podr\u00e1s manejarlo ya sea de forma manual o por medio de Bluetooth, cuenta con 9 potentes formas de vibrar cuando se usa de modo manual.<\/p>\n<p>\u00bfC\u00d3MO FUNCIONA?<\/p>\n<p>A diferencia de otros dispositivos con esta modalidad, este juguete depende de una app, hay que escanear el c\u00f3digo QR del instructivo e instalar la app, encontrar\u00e1s de formas de uso con 9 modalidades de vibraci\u00f3n, una peque\u00f1a llama para intensificar la vibraci\u00f3n, e incluso vibraci\u00f3n en conjunto con tu biblioteca musical, ojo: toma el ritmo principal y el volumen de la canci\u00f3n para emitir sus vibraciones. Explora el contenido de la app y escoge lo que m\u00e1s te gusta para llegar a tu orgasmo.<\/p>\n<p>Si no quieres usar la app, puedes manipularlo desde la comodidad de un bot\u00f3n y seleccionar la frecuencia de vibraci\u00f3n que mas te guste.<\/p>\n","protected":false},"excerpt":{"rendered":"<p>Material: Silicone + ABS<br \/>\nMedidas: 13.5cm x 3 cm<br \/>\nBater\u00eda; de litio recargable por USB<br \/>\nResistencia al agua: a prueba de agua tipo IPX7 (no sumergir a m\u00e1s de 1 metro de profundidad ni por m\u00e1s de 30 minutos)<br \/>\nModalidad de Vibraci\u00f3n: 9 frecuencias.<br \/>\nPeso 100gr<\/p>\n","protected":false},"featured_media":585,"comment_status":"open","ping_status":"closed","template":"","meta":[],"product_cat":[30],"product_tag":[33,32,47],"_links":{"self":[{"href":"https:\/\/plumbuss.com\/index.php?rest_route=\/wp\/v2\/product\/578"}],"collection":[{"href":"https:\/\/plumbuss.com\/index.php?rest_route=\/wp\/v2\/product"}],"about":[{"href":"https:\/\/plumbuss.com\/index.php?rest_route=\/wp\/v2\/types\/product"}],"replies":[{"embeddable":true,"href":"https:\/\/plumbuss.com\/index.php?rest_route=%2Fwp%2Fv2%2Fcomments&post=578"}],"wp:featuredmedia":[{"embeddable":true,"href":"https:\/\/plumbuss.com\/index.php?rest_route=\/wp\/v2\/media\/585"}],"wp:attachment":[{"href":"https:\/\/plumbuss.com\/index.php?rest_route=%2Fwp%2Fv2%2Fmedia&parent=578"}],"wp:term":[{"taxonomy":"product_cat","embeddable":true,"href":"https:\/\/plumbuss.com\/index.php?rest_route=%2Fwp%2Fv2%2Fproduct_cat&post=578"},{"taxonomy":"product_tag","embeddable":true,"href":"https:\/\/plumbuss.com\/index.php?rest_route=%2Fwp%2Fv2%2Fproduct_tag&post=578"}],"curies":[{"name":"wp","href":"https:\/\/api.w.org\/{rel}","templated":true}]}}