{"id":567,"date":"2021-08-20T02:02:49","date_gmt":"2021-08-20T02:02:49","guid":{"rendered":"https:\/\/plumbuss.com\/?post_type=product&#038;p=567"},"modified":"2025-10-02T23:54:15","modified_gmt":"2025-10-02T23:54:15","slug":"anillo-para-pene-doble-penetracion-doble-bala","status":"publish","type":"product","link":"https:\/\/plumbuss.com\/?product=anillo-para-pene-doble-penetracion-doble-bala","title":{"rendered":"Anillo para Pene Doble Penetraci\u00f3n Doble Bala"},"content":{"rendered":"<p>EL ANILLO PERFECTO PARA DIVERSI\u00d3N DOBLE<\/p>\n<p>**COLOR NEGRO**<\/p>\n<p>Este juguete cuenta con la estimulaci\u00f3n de un anillo vibratorio tipo conejo con 10 modalidades de vibraci\u00f3n por medio de una bala, que crea una estimulaci\u00f3n directa en el cl\u00edtoris en cada penetraci\u00f3n, pero si tambi\u00e9n disfrutas del sexo anal, te permite tener una doble penetracion con su dildo realista que tambi\u00e9n cuenta con una bala vibradora para estimular cada rinc\u00f3n. Un juguete vers\u00e1til para aumentar el placer en cada encuentro.<\/p>\n","protected":false},"excerpt":{"rendered":"<p>Color: Negro<br \/>\nMaterial: Silicona + ABS<br \/>\nModalidades de Vibraci\u00f3n: 10 frecuencias<br \/>\nBater\u00eda: 3 pilas tipo bot\u00f3n LR44 (incluidas)<br \/>\nResistente al agua<br \/>\nMedidas: Anillo 3 cm de di\u00e1metro Dildo: 16 cm de largo x 3cm de di\u00e1metro (en su porci\u00f3n m\u00e1s gruesa) x 12 cm de base.<br \/>\nPeso: 150 gr<\/p>\n","protected":false},"featured_media":574,"comment_status":"open","ping_status":"closed","template":"","meta":[],"product_cat":[46],"product_tag":[49,33,27,37,47],"_links":{"self":[{"href":"https:\/\/plumbuss.com\/index.php?rest_route=\/wp\/v2\/product\/567"}],"collection":[{"href":"https:\/\/plumbuss.com\/index.php?rest_route=\/wp\/v2\/product"}],"about":[{"href":"https:\/\/plumbuss.com\/index.php?rest_route=\/wp\/v2\/types\/product"}],"replies":[{"embeddable":true,"href":"https:\/\/plumbuss.com\/index.php?rest_route=%2Fwp%2Fv2%2Fcomments&post=567"}],"wp:featuredmedia":[{"embeddable":true,"href":"https:\/\/plumbuss.com\/index.php?rest_route=\/wp\/v2\/media\/574"}],"wp:attachment":[{"href":"https:\/\/plumbuss.com\/index.php?rest_route=%2Fwp%2Fv2%2Fmedia&parent=567"}],"wp:term":[{"taxonomy":"product_cat","embeddable":true,"href":"https:\/\/plumbuss.com\/index.php?rest_route=%2Fwp%2Fv2%2Fproduct_cat&post=567"},{"taxonomy":"product_tag","embeddable":true,"href":"https:\/\/plumbuss.com\/index.php?rest_route=%2Fwp%2Fv2%2Fproduct_tag&post=567"}],"curies":[{"name":"wp","href":"https:\/\/api.w.org\/{rel}","templated":true}]}}