{"id":546,"date":"2021-08-17T02:50:14","date_gmt":"2021-08-17T02:50:14","guid":{"rendered":"https:\/\/plumbuss.com\/?post_type=product&#038;p=546"},"modified":"2025-09-26T23:33:10","modified_gmt":"2025-09-26T23:33:10","slug":"condon-poliuretano-latex-free","status":"publish","type":"product","link":"https:\/\/plumbuss.com\/?product=condon-poliuretano-latex-free","title":{"rendered":"Condon Poliuretano Latex Free"},"content":{"rendered":"<p>ALERGICOS AL LATEX? TEN RELACIONES SIN PONER EN RIESGO TU SALUD O LA DE TU PAREJA<\/p>\n<p>Kit de 3 Preservativo SIN l\u00e1tex, para las personas al\u00e9rgicas a los condones tradicionales. Los LifeStyles SKYN est\u00e1n hechos de Polysopreno, el cual es m\u00e1s resistente que el resto de los condones que no contienen l\u00e1tex, al mismo tiempo mantiene la sensibilidad de un cond\u00f3n normal, cada cond\u00f3n tiene un lubricante suave y de larga duraci\u00f3n para mejorar el placer de tu pareja.<br \/>\nEst\u00e1 hecho Polyuretano ( polysopreno ), un material flexible, el\u00e1stico y confortable, como una segunda capa de piel<br \/>\nM\u00e1s resistente que el resto de los condones que no contienen l\u00e1tex.<\/p>\n<p>SON TRES CONDONES POR COMPRA (NO CAJA)<\/p>\n","protected":false},"excerpt":{"rendered":"<p>Kit de 3 Preservativo SIN l\u00e1tex<\/p>\n","protected":false},"featured_media":547,"comment_status":"open","ping_status":"closed","template":"","meta":[],"product_cat":[54],"product_tag":[],"_links":{"self":[{"href":"https:\/\/plumbuss.com\/index.php?rest_route=\/wp\/v2\/product\/546"}],"collection":[{"href":"https:\/\/plumbuss.com\/index.php?rest_route=\/wp\/v2\/product"}],"about":[{"href":"https:\/\/plumbuss.com\/index.php?rest_route=\/wp\/v2\/types\/product"}],"replies":[{"embeddable":true,"href":"https:\/\/plumbuss.com\/index.php?rest_route=%2Fwp%2Fv2%2Fcomments&post=546"}],"wp:featuredmedia":[{"embeddable":true,"href":"https:\/\/plumbuss.com\/index.php?rest_route=\/wp\/v2\/media\/547"}],"wp:attachment":[{"href":"https:\/\/plumbuss.com\/index.php?rest_route=%2Fwp%2Fv2%2Fmedia&parent=546"}],"wp:term":[{"taxonomy":"product_cat","embeddable":true,"href":"https:\/\/plumbuss.com\/index.php?rest_route=%2Fwp%2Fv2%2Fproduct_cat&post=546"},{"taxonomy":"product_tag","embeddable":true,"href":"https:\/\/plumbuss.com\/index.php?rest_route=%2Fwp%2Fv2%2Fproduct_tag&post=546"}],"curies":[{"name":"wp","href":"https:\/\/api.w.org\/{rel}","templated":true}]}}