{"id":513,"date":"2021-08-17T02:25:41","date_gmt":"2021-08-17T02:25:41","guid":{"rendered":"https:\/\/plumbuss.com\/?post_type=product&#038;p=513"},"modified":"2023-11-15T22:58:09","modified_gmt":"2023-11-15T22:58:09","slug":"vibrador-con-succionador-y-funcion-termica","status":"publish","type":"product","link":"https:\/\/plumbuss.com\/?product=vibrador-con-succionador-y-funcion-termica","title":{"rendered":"Vibrador Con Succionador y Funci\u00f3n T\u00e9rmica"},"content":{"rendered":"<p>UN JUGUETE QUE LO TIENE TODO!!!!<\/p>\n<p>Un vibrador peque\u00f1o y discreto pero potente que puedes llevar contigo puesto a todos lados, ademas que cuenta con un succionador potente que te har\u00e1 vibrar en segundos. \u00bfpero que falta? tambi\u00e9n cuenta con calentador de forma autom\u00e1tica, lo que har\u00e1 m\u00e1s placentero su uso al sentirse tibio y suave.<\/p>\n<p>Manip\u00falalo de forma directa o desde la comodidad de un control remoto.<\/p>\n<p>Usalo sola o en pareja.<\/p>\n","protected":false},"excerpt":{"rendered":"<p>Caracteristicas:<\/p>\n<p>Material: Silicona + ABS<br \/>\nBateria de litio recargable por USB<br \/>\nMedidas: Largo 95 mm Ancho 30 mm Base 80 mm x 42 mm<br \/>\nTemperatura: se enciende y se apaga de forma autom\u00e1tica, alcanzando los 38\u00b0en aproximadamente 2 minutos.<br \/>\nModalidades: 10 frecuencias de vibraci\u00f3n y de succi\u00f3n<br \/>\nPrueba de Agua: IPX7 (no sumergir a m\u00e1s de 1 metro por m\u00e1s de 30 minutos)<br \/>\nControl Remoto: 68mm x 38 mm, usa pila de bot\u00f3n, NO resistente al agua, alcance aproximado de 10 metros (dependiendo de la zona en la que este)<\/p>\n","protected":false},"featured_media":525,"comment_status":"open","ping_status":"closed","template":"","meta":[],"product_cat":[30],"product_tag":[33,27,47],"_links":{"self":[{"href":"https:\/\/plumbuss.com\/index.php?rest_route=\/wp\/v2\/product\/513"}],"collection":[{"href":"https:\/\/plumbuss.com\/index.php?rest_route=\/wp\/v2\/product"}],"about":[{"href":"https:\/\/plumbuss.com\/index.php?rest_route=\/wp\/v2\/types\/product"}],"replies":[{"embeddable":true,"href":"https:\/\/plumbuss.com\/index.php?rest_route=%2Fwp%2Fv2%2Fcomments&post=513"}],"wp:featuredmedia":[{"embeddable":true,"href":"https:\/\/plumbuss.com\/index.php?rest_route=\/wp\/v2\/media\/525"}],"wp:attachment":[{"href":"https:\/\/plumbuss.com\/index.php?rest_route=%2Fwp%2Fv2%2Fmedia&parent=513"}],"wp:term":[{"taxonomy":"product_cat","embeddable":true,"href":"https:\/\/plumbuss.com\/index.php?rest_route=%2Fwp%2Fv2%2Fproduct_cat&post=513"},{"taxonomy":"product_tag","embeddable":true,"href":"https:\/\/plumbuss.com\/index.php?rest_route=%2Fwp%2Fv2%2Fproduct_tag&post=513"}],"curies":[{"name":"wp","href":"https:\/\/api.w.org\/{rel}","templated":true}]}}