{"id":482,"date":"2021-08-17T01:33:36","date_gmt":"2021-08-17T01:33:36","guid":{"rendered":"https:\/\/plumbuss.com\/?post_type=product&#038;p=482"},"modified":"2026-04-12T19:56:30","modified_gmt":"2026-04-12T19:56:30","slug":"anillo-con-estimulador-punto-g","status":"publish","type":"product","link":"https:\/\/plumbuss.com\/?product=anillo-con-estimulador-punto-g","title":{"rendered":"Anillo Con Estimulador Punto G"},"content":{"rendered":"<p>UN GRAN COMPA\u00d1ERO PARA TUS JUEGOS (SON 6 MODELOS DIFERENTES)<\/p>\n<p>Lleva tus encuentros al m\u00e1ximo con este nuevo juguete, es un anillo flexible que se ajusta perfectamente a la base del pene, cuenta con una bala que har\u00e1 vibrar a tu pareja .<\/p>\n<p>Dise\u00f1os totalmente pensados para que tengas una perfecta estimulaci\u00f3n de cl\u00edtoris en cada penetraci\u00f3n, y la vibraci\u00f3n es compartida, ya que te ayudar\u00e1 a mayor placer y retraso de la eyaculaci\u00f3n.<\/p>\n<p>Atreve a salir de la rutina.<\/p>\n","protected":false},"excerpt":{"rendered":"<p>Caracter\u00edsticas:<\/p>\n<p>Bater\u00eda: 3 pilas Boton (Inlcuidas)<br \/>\nMaterial: Silicone + ABS<br \/>\nMedidas: Revisar la imagen correspondiente a cada modelo<br \/>\nA prueba de agua<br \/>\n1 modalidad de vibraci\u00f3n<\/p>\n","protected":false},"featured_media":492,"comment_status":"open","ping_status":"closed","template":"","meta":[],"product_cat":[46],"product_tag":[49,41,33,24,47],"_links":{"self":[{"href":"https:\/\/plumbuss.com\/index.php?rest_route=\/wp\/v2\/product\/482"}],"collection":[{"href":"https:\/\/plumbuss.com\/index.php?rest_route=\/wp\/v2\/product"}],"about":[{"href":"https:\/\/plumbuss.com\/index.php?rest_route=\/wp\/v2\/types\/product"}],"replies":[{"embeddable":true,"href":"https:\/\/plumbuss.com\/index.php?rest_route=%2Fwp%2Fv2%2Fcomments&post=482"}],"wp:featuredmedia":[{"embeddable":true,"href":"https:\/\/plumbuss.com\/index.php?rest_route=\/wp\/v2\/media\/492"}],"wp:attachment":[{"href":"https:\/\/plumbuss.com\/index.php?rest_route=%2Fwp%2Fv2%2Fmedia&parent=482"}],"wp:term":[{"taxonomy":"product_cat","embeddable":true,"href":"https:\/\/plumbuss.com\/index.php?rest_route=%2Fwp%2Fv2%2Fproduct_cat&post=482"},{"taxonomy":"product_tag","embeddable":true,"href":"https:\/\/plumbuss.com\/index.php?rest_route=%2Fwp%2Fv2%2Fproduct_tag&post=482"}],"curies":[{"name":"wp","href":"https:\/\/api.w.org\/{rel}","templated":true}]}}