{"id":459,"date":"2021-08-17T01:14:50","date_gmt":"2021-08-17T01:14:50","guid":{"rendered":"https:\/\/plumbuss.com\/?post_type=product&#038;p=459"},"modified":"2023-11-15T23:01:04","modified_gmt":"2023-11-15T23:01:04","slug":"vibrador-en-c-con-succionador-de-clitoris","status":"publish","type":"product","link":"https:\/\/plumbuss.com\/?product=vibrador-en-c-con-succionador-de-clitoris","title":{"rendered":"Vibrador En C Con Succionador De Clitoris"},"content":{"rendered":"<p>Un juguete discreto y suave.<\/p>\n<p>Caracter\u00edsticas:<\/p>\n<p>El modo de vibraci\u00f3n de 10 frecuencias te da una estimulaci\u00f3n diferente, estimulador del cl\u00edtoris con succi\u00f3n y 10 patrones de vibraci\u00f3n a esas terminaciones sensibles de los nervios. Succionando (vibraci\u00f3n tipo puls\u00e1til) y pulsando contra el cl\u00edtoris en un lado, lo contrario se desliza en la vagina y se apoya junto al punto g y el tejido circundante sensible, que van desde suave y suave a r\u00e1pido y duro.<\/p>\n<p>El eje de silicona delgado y firme facilita la exploraci\u00f3n de tus paredes de az\u00facar y apunta a tus G-spot de hambre por acci\u00f3n. Hecho de silicona resistente al cuerpo, es super suave, higi\u00e9nico, no poroso. \u00a1Y esa punta ligeramente f\u00e1lica est\u00e1 lista para hacer el amor con tu dulce G!<\/p>\n<p>El vibrador de succi\u00f3n del cl\u00edtoris es c\u00f3modamente recargable por USB, aliment\u00e1ndose completamente en unas 1,5 horas. Una carga completa activar\u00e1 ondas de presi\u00f3n y vibraciones durante hasta 60 minutos continuos.<\/p>\n<p>No te distraigas mientras gozas, cuenta con un control remoto que har\u00e1 tu jugueteo m\u00e1s f\u00e1cil.<\/p>\n","protected":false},"excerpt":{"rendered":"<div class=\"ui-pdp-specs__table\">\n<table class=\"andes-table\">\n<tbody class=\"andes-table__body\">\n<tr class=\"andes-table__row\">\n<th class=\"andes-table__header andes-table__header--left ui-pdp-specs__table__column ui-pdp-specs__table__column-title\">Marca<\/th>\n<td class=\"andes-table__column andes-table__column--left ui-pdp-specs__table__column\"><span class=\"andes-table__column--value\">UNISEX SHOCK ABSORBERS<\/span><\/td>\n<\/tr>\n<tr class=\"andes-table__row\">\n<th class=\"andes-table__header andes-table__header--left ui-pdp-specs__table__column ui-pdp-specs__table__column-title\">Modelo<\/th>\n<td class=\"andes-table__column andes-table__column--left ui-pdp-specs__table__column\"><span class=\"andes-table__column--value\">VIBRADOR EN &#8220;C&#8221; CON SUCCIONADOR DE CLITORIS<\/span><\/td>\n<\/tr>\n<\/tbody>\n<\/table>\n<\/div>\n<h3 class=\"ui-pdp-specs__subtitle\">Otras caracter\u00edsticas<\/h3>\n<div class=\"ui-pdp-list ui-pdp-specs__list\">\n<ul class=\"ui-pdp-list__wrapper\">\n<li class=\"ui-pdp-list__item\">\n<p class=\"ui-pdp-family--REGULAR ui-pdp-list__text\"><span class=\"ui-pdp-color--BLACK ui-pdp-size--XSMALL ui-pdp-family--BOLD\">Largo<\/span>: 11 cm<\/p>\n<\/li>\n<\/ul>\n<ul class=\"ui-pdp-list__wrapper\">\n<li class=\"ui-pdp-list__item\">\n<p class=\"ui-pdp-family--REGULAR ui-pdp-list__text\"><span class=\"ui-pdp-color--BLACK ui-pdp-size--XSMALL ui-pdp-family--BOLD\">Di\u00e1metro<\/span>: 3 cm<\/p>\n<\/li>\n<li class=\"ui-pdp-list__item\">\n<p class=\"ui-pdp-family--REGULAR ui-pdp-list__text\"><span class=\"ui-pdp-color--BLACK ui-pdp-size--XSMALL ui-pdp-family--BOLD\">Tipo de alimentaci\u00f3n<\/span>: BATERIA DE LITIO RECARGABLE USB<\/p>\n<\/li>\n<\/ul>\n<ul class=\"ui-pdp-list__wrapper\">\n<li class=\"ui-pdp-list__item\">\n<p class=\"ui-pdp-family--REGULAR ui-pdp-list__text\"><span class=\"ui-pdp-color--BLACK ui-pdp-size--XSMALL ui-pdp-family--BOLD\">Material<\/span>: SILICONE + ABS<\/p>\n<\/li>\n<li class=\"ui-pdp-list__item\">\n<p class=\"ui-pdp-family--REGULAR ui-pdp-list__text\"><span class=\"ui-pdp-color--BLACK ui-pdp-size--XSMALL ui-pdp-family--BOLD\">Cantidad de velocidades<\/span>: 10<\/p>\n<\/li>\n<\/ul>\n<\/div>\n","protected":false},"featured_media":461,"comment_status":"open","ping_status":"closed","template":"","meta":[],"product_cat":[30],"product_tag":[33,32,47,48],"_links":{"self":[{"href":"https:\/\/plumbuss.com\/index.php?rest_route=\/wp\/v2\/product\/459"}],"collection":[{"href":"https:\/\/plumbuss.com\/index.php?rest_route=\/wp\/v2\/product"}],"about":[{"href":"https:\/\/plumbuss.com\/index.php?rest_route=\/wp\/v2\/types\/product"}],"replies":[{"embeddable":true,"href":"https:\/\/plumbuss.com\/index.php?rest_route=%2Fwp%2Fv2%2Fcomments&post=459"}],"wp:featuredmedia":[{"embeddable":true,"href":"https:\/\/plumbuss.com\/index.php?rest_route=\/wp\/v2\/media\/461"}],"wp:attachment":[{"href":"https:\/\/plumbuss.com\/index.php?rest_route=%2Fwp%2Fv2%2Fmedia&parent=459"}],"wp:term":[{"taxonomy":"product_cat","embeddable":true,"href":"https:\/\/plumbuss.com\/index.php?rest_route=%2Fwp%2Fv2%2Fproduct_cat&post=459"},{"taxonomy":"product_tag","embeddable":true,"href":"https:\/\/plumbuss.com\/index.php?rest_route=%2Fwp%2Fv2%2Fproduct_tag&post=459"}],"curies":[{"name":"wp","href":"https:\/\/api.w.org\/{rel}","templated":true}]}}