{"id":3979,"date":"2025-11-23T15:30:20","date_gmt":"2025-11-23T15:30:20","guid":{"rendered":"https:\/\/plumbuss.com\/?post_type=product&#038;p=3979"},"modified":"2025-11-23T15:30:21","modified_gmt":"2025-11-23T15:30:21","slug":"funda-extensora-con-bala-vibradora-y-control","status":"publish","type":"product","link":"https:\/\/plumbuss.com\/?product=funda-extensora-con-bala-vibradora-y-control","title":{"rendered":"Funda Extensora Con Bala Vibradora Y Control"},"content":{"rendered":"<p>La Funda Extensora con Bala Vibradora y Control de la marca SARCOSUCHUS es la opci\u00f3n ideal para quienes buscan intensificar sus momentos de intimidad. Con un dise\u00f1o ergon\u00f3mico, esta funda tiene un di\u00e1metro de 4 cm y un largo total de 23.2 cm, lo que permite una experiencia placentera y satisfactoria (el anillo para introducir tu pene tiene un di\u00e1metro de 3.4 cm, pero recuerda que la funda se estira.)<\/p>\n<p>Fabricada en TPE, un material suave y flexible, se adapta c\u00f3modamente a la anatom\u00eda, brindando una sensaci\u00f3n natural. Su cavidad de 11.3 cm y un largo agregado de 7.3 cm aseguran un ajuste perfecto, mientras que la bala vibradora a\u00f1ade un nivel extra de estimulaci\u00f3n, la bala se coloca en la parte agregada a tu funda, as\u00ed que cada que penetres tu pareja sentir\u00e1 un vibraci\u00f3n intensa).<\/p>\n<p>El control remoto permite explorar diferentes modos de vibraci\u00f3n, facilitando la personalizaci\u00f3n de la experiencia. Ideal para parejas que desean experimentar nuevas sensaciones, esta funda es una excelente adici\u00f3n a la vida \u00edntima, promoviendo la conexi\u00f3n y el placer compartido.<\/p>\n<p>Recuerda colocar suficiente lubricante base agua en tu pene antes de colocarla, ya que eso facilitar\u00e1 el ponerla. Es necesario retirar la bala antes de limpiar la funda, la bala y el control NO son a prueba de agua.<\/p>\n","protected":false},"excerpt":{"rendered":"<div class=\"ui-vpp-striped-specs\">\n<div class=\"ui-vpp-striped-specs__table\">\n<h3 class=\"ui-vpp-striped-specs__header\">Caracter\u00edsticas principales<\/h3>\n<table class=\"andes-table\">\n<tbody class=\"andes-table__body\">\n<tr class=\"andes-table__row ui-vpp-striped-specs__row\">\n<th class=\"andes-table__header andes-table__header--left ui-vpp-striped-specs__row__column ui-vpp-striped-specs__row__column--id\" scope=\"row\">\n<div class=\"andes-table__header__container\">Marca<\/div>\n<\/th>\n<td id=\":R19f5bkulqcde:\" class=\"andes-table__column andes-table__column--left andes-table__column--vertical-align-center ui-vpp-striped-specs__row__column\"><span id=\":R19f5bkulqcde:-value\" class=\"andes-table__column--value\">SARCOSUCHUS<\/span><\/td>\n<\/tr>\n<tr class=\"andes-table__row ui-vpp-striped-specs__row\">\n<th class=\"andes-table__header andes-table__header--left ui-vpp-striped-specs__row__column ui-vpp-striped-specs__row__column--id\" scope=\"row\">\n<div class=\"andes-table__header__container\">Modelo<\/div>\n<\/th>\n<td id=\":R19n5bkulqcde:\" class=\"andes-table__column andes-table__column--left andes-table__column--vertical-align-center ui-vpp-striped-specs__row__column\"><span id=\":R19n5bkulqcde:-value\" class=\"andes-table__column--value\">FUNDA CON CONTROL<\/span><\/td>\n<\/tr>\n<\/tbody>\n<\/table>\n<\/div>\n<div class=\"ui-vpp-striped-specs__table\">\n<h3 class=\"ui-vpp-striped-specs__header\">Otros<\/h3>\n<table class=\"andes-table\">\n<tbody class=\"andes-table__body\">\n<tr class=\"andes-table__row ui-vpp-striped-specs__row\">\n<th class=\"andes-table__header andes-table__header--left ui-vpp-striped-specs__row__column ui-vpp-striped-specs__row__column--id\" scope=\"row\">\n<div class=\"andes-table__header__container\">Largo de la cavidad<\/div>\n<\/th>\n<td id=\":R2if9bkulqcde:\" class=\"andes-table__column andes-table__column--left andes-table__column--vertical-align-center ui-vpp-striped-specs__row__column\"><span id=\":R2if9bkulqcde:-value\" class=\"andes-table__column--value\">11.3 cm<\/span><\/td>\n<\/tr>\n<tr class=\"andes-table__row ui-vpp-striped-specs__row\">\n<th class=\"andes-table__header andes-table__header--left ui-vpp-striped-specs__row__column ui-vpp-striped-specs__row__column--id\" scope=\"row\">\n<div class=\"andes-table__header__container\">Largo agregado<\/div>\n<\/th>\n<td id=\":R2in9bkulqcde:\" class=\"andes-table__column andes-table__column--left andes-table__column--vertical-align-center ui-vpp-striped-specs__row__column\"><span id=\":R2in9bkulqcde:-value\" class=\"andes-table__column--value\">7.3 cm<\/span><\/td>\n<\/tr>\n<tr class=\"andes-table__row ui-vpp-striped-specs__row\">\n<th class=\"andes-table__header andes-table__header--left ui-vpp-striped-specs__row__column ui-vpp-striped-specs__row__column--id\" scope=\"row\">\n<div class=\"andes-table__header__container\">Material<\/div>\n<\/th>\n<td id=\":R2iv9bkulqcde:\" class=\"andes-table__column andes-table__column--left andes-table__column--vertical-align-center ui-vpp-striped-specs__row__column\"><span id=\":R2iv9bkulqcde:-value\" class=\"andes-table__column--value\">TPE<\/span><\/td>\n<\/tr>\n<tr class=\"andes-table__row ui-vpp-striped-specs__row\">\n<th class=\"andes-table__header andes-table__header--left ui-vpp-striped-specs__row__column ui-vpp-striped-specs__row__column--id\" scope=\"row\">\n<div class=\"andes-table__header__container\">Incluye vibrador<\/div>\n<\/th>\n<td id=\":R2j79bkulqcde:\" class=\"andes-table__column andes-table__column--left andes-table__column--vertical-align-center ui-vpp-striped-specs__row__column\"><span id=\":R2j79bkulqcde:-value\" class=\"andes-table__column--value\">S\u00ed<\/span><\/td>\n<\/tr>\n<\/tbody>\n<\/table>\n<\/div>\n<\/div>\n<div class=\"ui-vpp-striped-specs\">\n<div class=\"ui-vpp-striped-specs__table\">\n<h3 class=\"ui-vpp-striped-specs__header\">Dimensiones<\/h3>\n<table class=\"andes-table\">\n<tbody class=\"andes-table__body\">\n<tr class=\"andes-table__row ui-vpp-striped-specs__row\">\n<th class=\"andes-table__header andes-table__header--left ui-vpp-striped-specs__row__column ui-vpp-striped-specs__row__column--id\" scope=\"row\">\n<div class=\"andes-table__header__container\">Di\u00e1metro<\/div>\n<\/th>\n<td id=\":Rknmbkulqcde:\" class=\"andes-table__column andes-table__column--left andes-table__column--vertical-align-center ui-vpp-striped-specs__row__column\"><span id=\":Rknmbkulqcde:-value\" class=\"andes-table__column--value\">4 cm<\/span><\/td>\n<\/tr>\n<tr class=\"andes-table__row ui-vpp-striped-specs__row\">\n<th class=\"andes-table__header andes-table__header--left ui-vpp-striped-specs__row__column ui-vpp-striped-specs__row__column--id\" scope=\"row\">\n<div class=\"andes-table__header__container\">Largo total<\/div>\n<\/th>\n<td id=\":Rkrmbkulqcde:\" class=\"andes-table__column andes-table__column--left andes-table__column--vertical-align-center ui-vpp-striped-specs__row__column\"><span id=\":Rkrmbkulqcde:-value\" class=\"andes-table__column--value\">23.2 c<\/span><\/td>\n<\/tr>\n<\/tbody>\n<\/table>\n<\/div>\n<\/div>\n","protected":false},"featured_media":3984,"comment_status":"open","ping_status":"closed","template":"","meta":[],"product_cat":[19],"product_tag":[20,71,21,33,24,73,47],"_links":{"self":[{"href":"https:\/\/plumbuss.com\/index.php?rest_route=\/wp\/v2\/product\/3979"}],"collection":[{"href":"https:\/\/plumbuss.com\/index.php?rest_route=\/wp\/v2\/product"}],"about":[{"href":"https:\/\/plumbuss.com\/index.php?rest_route=\/wp\/v2\/types\/product"}],"replies":[{"embeddable":true,"href":"https:\/\/plumbuss.com\/index.php?rest_route=%2Fwp%2Fv2%2Fcomments&post=3979"}],"wp:featuredmedia":[{"embeddable":true,"href":"https:\/\/plumbuss.com\/index.php?rest_route=\/wp\/v2\/media\/3984"}],"wp:attachment":[{"href":"https:\/\/plumbuss.com\/index.php?rest_route=%2Fwp%2Fv2%2Fmedia&parent=3979"}],"wp:term":[{"taxonomy":"product_cat","embeddable":true,"href":"https:\/\/plumbuss.com\/index.php?rest_route=%2Fwp%2Fv2%2Fproduct_cat&post=3979"},{"taxonomy":"product_tag","embeddable":true,"href":"https:\/\/plumbuss.com\/index.php?rest_route=%2Fwp%2Fv2%2Fproduct_tag&post=3979"}],"curies":[{"name":"wp","href":"https:\/\/api.w.org\/{rel}","templated":true}]}}