{"id":3844,"date":"2025-01-30T00:51:34","date_gmt":"2025-01-30T00:51:34","guid":{"rendered":"https:\/\/plumbuss.com\/?post_type=product&#038;p=3844"},"modified":"2025-11-17T02:58:24","modified_gmt":"2025-11-17T02:58:24","slug":"strap-on-vibrador-control-remoto-triple-motor","status":"publish","type":"product","link":"https:\/\/plumbuss.com\/?product=strap-on-vibrador-control-remoto-triple-motor","title":{"rendered":"Strap On Vibrador Control Remoto Triple Motor"},"content":{"rendered":"<div class=\"ui-vpp-striped-specs\">\n<div class=\"ui-vpp-striped-specs__table\">\n<h3 class=\"ui-vpp-striped-specs__header\">Caracter\u00edsticas principales<\/h3>\n<table class=\"andes-table\">\n<tbody class=\"andes-table__body\">\n<tr class=\"andes-table__row ui-vpp-striped-specs__row\">\n<th class=\"andes-table__header andes-table__header--left ui-vpp-striped-specs__row__column ui-vpp-striped-specs__row__column--id\" scope=\"row\">\n<div class=\"andes-table__header__container\">Marca<\/div>\n<\/th>\n<td id=\":Rknlbkulpkm:\" class=\"andes-table__column andes-table__column--left andes-table__column--vertical-align-center ui-vpp-striped-specs__row__column\"><span id=\":Rknlbkulpkm:-value\" class=\"andes-table__column--value\">Plumbuss<\/span><\/td>\n<\/tr>\n<tr class=\"andes-table__row ui-vpp-striped-specs__row\">\n<th class=\"andes-table__header andes-table__header--left ui-vpp-striped-specs__row__column ui-vpp-striped-specs__row__column--id\" scope=\"row\">\n<div class=\"andes-table__header__container\">Modelo<\/div>\n<\/th>\n<td id=\":Rkrlbkulpkm:\" class=\"andes-table__column andes-table__column--left andes-table__column--vertical-align-center ui-vpp-striped-specs__row__column\"><span id=\":Rkrlbkulpkm:-value\" class=\"andes-table__column--value\">Strap On Con Control<\/span><\/td>\n<\/tr>\n<\/tbody>\n<\/table>\n<\/div>\n<\/div>\n<div class=\"ui-vpp-striped-specs\">\n<div class=\"ui-vpp-striped-specs__table\">\n<h3 class=\"ui-vpp-striped-specs__header\">Otras caracter\u00edsticas<\/h3>\n<table class=\"andes-table\">\n<tbody class=\"andes-table__body\">\n<tr class=\"andes-table__row ui-vpp-striped-specs__row\">\n<th class=\"andes-table__header andes-table__header--left ui-vpp-striped-specs__row__column ui-vpp-striped-specs__row__column--id\" scope=\"row\">\n<div class=\"andes-table__header__container\">Material del dildo<\/div>\n<\/th>\n<td id=\":R197mbkulpkm:\" class=\"andes-table__column andes-table__column--left andes-table__column--vertical-align-center ui-vpp-striped-specs__row__column\"><span id=\":R197mbkulpkm:-value\" class=\"andes-table__column--value\">Silicona + ABS<\/span><\/td>\n<\/tr>\n<tr class=\"andes-table__row ui-vpp-striped-specs__row\">\n<th class=\"andes-table__header andes-table__header--left ui-vpp-striped-specs__row__column ui-vpp-striped-specs__row__column--id\" scope=\"row\">\n<div class=\"andes-table__header__container\">Tipo de resistencia al agua<\/div>\n<\/th>\n<td id=\":R19bmbkulpkm:\" class=\"andes-table__column andes-table__column--left andes-table__column--vertical-align-center ui-vpp-striped-specs__row__column\"><span id=\":R19bmbkulpkm:-value\" class=\"andes-table__column--value\">A prueba de salpicaduras<\/span><\/td>\n<\/tr>\n<tr class=\"andes-table__row ui-vpp-striped-specs__row\">\n<th class=\"andes-table__header andes-table__header--left ui-vpp-striped-specs__row__column ui-vpp-striped-specs__row__column--id\" scope=\"row\">\n<div class=\"andes-table__header__container\">Cantidad de dildos<\/div>\n<\/th>\n<td id=\":R19fmbkulpkm:\" class=\"andes-table__column andes-table__column--left andes-table__column--vertical-align-center ui-vpp-striped-specs__row__column\"><span id=\":R19fmbkulpkm:-value\" class=\"andes-table__column--value\">2<\/span><\/td>\n<\/tr>\n<tr class=\"andes-table__row ui-vpp-striped-specs__row\">\n<th class=\"andes-table__header andes-table__header--left ui-vpp-striped-specs__row__column ui-vpp-striped-specs__row__column--id\" scope=\"row\">\n<div class=\"andes-table__header__container\">Largo<\/div>\n<\/th>\n<td id=\":R19jmbkulpkm:\" class=\"andes-table__column andes-table__column--left andes-table__column--vertical-align-center ui-vpp-striped-specs__row__column\"><span id=\":R19jmbkulpkm:-value\" class=\"andes-table__column--value\">18.9 cm<\/span><\/td>\n<\/tr>\n<tr class=\"andes-table__row ui-vpp-striped-specs__row\">\n<th class=\"andes-table__header andes-table__header--left ui-vpp-striped-specs__row__column ui-vpp-striped-specs__row__column--id\" scope=\"row\">\n<div class=\"andes-table__header__container\">Di\u00e1metro<\/div>\n<\/th>\n<td id=\":R19nmbkulpkm:\" class=\"andes-table__column andes-table__column--left andes-table__column--vertical-align-center ui-vpp-striped-specs__row__column\"><span id=\":R19nmbkulpkm:-value\" class=\"andes-table__column--value\">3.6 cm<\/span><\/td>\n<\/tr>\n<tr class=\"andes-table__row ui-vpp-striped-specs__row\">\n<th class=\"andes-table__header andes-table__header--left ui-vpp-striped-specs__row__column ui-vpp-striped-specs__row__column--id\" scope=\"row\">\n<div class=\"andes-table__header__container\">Tiene vibraci\u00f3n<\/div>\n<\/th>\n<td id=\":R19rmbkulpkm:\" class=\"andes-table__column andes-table__column--left andes-table__column--vertical-align-center ui-vpp-striped-specs__row__column\"><span id=\":R19rmbkulpkm:-value\" class=\"andes-table__column--value\">S\u00ed<\/span><\/td>\n<\/tr>\n<tr class=\"andes-table__row ui-vpp-striped-specs__row\">\n<th class=\"andes-table__header andes-table__header--left ui-vpp-striped-specs__row__column ui-vpp-striped-specs__row__column--id\" scope=\"row\">\n<div class=\"andes-table__header__container\">Incluye funda peniana<\/div>\n<\/th>\n<td id=\":R19vmbkulpkm:\" class=\"andes-table__column andes-table__column--left andes-table__column--vertical-align-center ui-vpp-striped-specs__row__column\"><span id=\":R19vmbkulpkm:-value\" class=\"andes-table__column--value\">No<\/span><\/td>\n<\/tr>\n<\/tbody>\n<\/table>\n<\/div>\n<\/div>\n","protected":false},"excerpt":{"rendered":"<p>Descubre el Strap On Vibrador Control Remoto Triple Motor de Plumbuss, dise\u00f1ado para quienes buscan una experiencia \u00edntima \u00fanica y emocionante. Con un largo de 18.9 cm (Insertable 13 cm) y un di\u00e1metro de 3.6 cm (en su porci\u00f3n m\u00e1s ancha), este producto ofrece una estimulacion intensa gracias a sus dos dildos (cabeza peque\u00f1a grosor de 2.9 cm) y su potente vibraci\u00f3n en 10 modos diferentes. Fabricado en silicona y ABS, garantiza una sensaci\u00f3n placentera y segura durante su uso. El strap on es recargable, por lo que garantizas duraderos y frecuentes momentos de placer.<\/p>\n<p>Este strap on es resistente a salpicaduras, lo que permite disfrutar de momentos de placer sin preocupaciones. Su control remoto (no a prueba de agua y con pila incluida) facilita la personalizaci\u00f3n de la experiencia, permitiendo explorar diferentes intensidades y patrones de vibraci\u00f3n. Ideal para parejas que desean a\u00f1adir un toque de diversi\u00f3n y novedad a su vida sexual.<\/p>\n<p>El dise\u00f1o ergon\u00f3mico del arn\u00e9s asegura un ajuste c\u00f3modo y seguro, permitiendo que ambos usuarios se concentren en el placer. Ya sea para una noche especial o para el uso diario, este producto se adapta a tus deseos y necesidades. Atr\u00e9vete a experimentar nuevas sensaciones y a redescubrir la intimidad con el Strap On Vibrador Control Remoto Triple Motor.<\/p>\n<p>PERMITE MARGEN DE ERROR DE +\/- 1CM, LA INTENSIDAD DEL COLOR PUEDE VARIAR DEBIDO AL BRILLO DEL MONITOR.<\/p>\n<p>Garant\u00eda del vendedor: 30 d\u00edas<\/p>\n","protected":false},"featured_media":3849,"comment_status":"open","ping_status":"closed","template":"","meta":[],"product_cat":[43],"product_tag":[],"_links":{"self":[{"href":"https:\/\/plumbuss.com\/index.php?rest_route=\/wp\/v2\/product\/3844"}],"collection":[{"href":"https:\/\/plumbuss.com\/index.php?rest_route=\/wp\/v2\/product"}],"about":[{"href":"https:\/\/plumbuss.com\/index.php?rest_route=\/wp\/v2\/types\/product"}],"replies":[{"embeddable":true,"href":"https:\/\/plumbuss.com\/index.php?rest_route=%2Fwp%2Fv2%2Fcomments&post=3844"}],"wp:featuredmedia":[{"embeddable":true,"href":"https:\/\/plumbuss.com\/index.php?rest_route=\/wp\/v2\/media\/3849"}],"wp:attachment":[{"href":"https:\/\/plumbuss.com\/index.php?rest_route=%2Fwp%2Fv2%2Fmedia&parent=3844"}],"wp:term":[{"taxonomy":"product_cat","embeddable":true,"href":"https:\/\/plumbuss.com\/index.php?rest_route=%2Fwp%2Fv2%2Fproduct_cat&post=3844"},{"taxonomy":"product_tag","embeddable":true,"href":"https:\/\/plumbuss.com\/index.php?rest_route=%2Fwp%2Fv2%2Fproduct_tag&post=3844"}],"curies":[{"name":"wp","href":"https:\/\/api.w.org\/{rel}","templated":true}]}}