{"id":3740,"date":"2023-12-15T21:11:12","date_gmt":"2023-12-15T21:11:12","guid":{"rendered":"https:\/\/plumbuss.com\/?post_type=product&#038;p=3740"},"modified":"2026-03-24T19:55:49","modified_gmt":"2026-03-24T19:55:49","slug":"strap-on-vibrador-pulsatil-triple-motor-a-control-remoto","status":"publish","type":"product","link":"https:\/\/plumbuss.com\/?product=strap-on-vibrador-pulsatil-triple-motor-a-control-remoto","title":{"rendered":"Strap On Vibrador Pulsatil Triple Motor A Control Remoto"},"content":{"rendered":"<div class=\"ui-vpp-striped-specs\">\n<div class=\"ui-vpp-striped-specs__table\">\n<h3 class=\"ui-vpp-striped-specs__header\">Caracter\u00edsticas principales<\/h3>\n<table class=\"andes-table\">\n<tbody class=\"andes-table__body\">\n<tr class=\"andes-table__row ui-vpp-striped-specs__row\">\n<th class=\"andes-table__header andes-table__header--left ui-vpp-striped-specs__row__column ui-vpp-striped-specs__row__column--id\" scope=\"col\">\n<div class=\"andes-table__header__container\">Marca<\/div>\n<\/th>\n<td id=\":Rkrtat6lpim:\" class=\"andes-table__column andes-table__column--left andes-table__column--vertical-align-center ui-vpp-striped-specs__row__column\" title=\"PLUMBUSS\"><span class=\"andes-table__column--value\">PLUMBUSS<\/span><\/td>\n<\/tr>\n<tr class=\"andes-table__row ui-vpp-striped-specs__row\">\n<th class=\"andes-table__header andes-table__header--left ui-vpp-striped-specs__row__column ui-vpp-striped-specs__row__column--id\" scope=\"col\">\n<div class=\"andes-table__header__container\">Modelo<\/div>\n<\/th>\n<td id=\":Rkttat6lpim:\" class=\"andes-table__column andes-table__column--left andes-table__column--vertical-align-center ui-vpp-striped-specs__row__column\" title=\"STRAP ON VIBRADOR PULSATIL CON CONTROL\"><span class=\"andes-table__column--value\">STRAP ON VIBRADOR PULSATIL CON CONTROL<\/span><\/td>\n<\/tr>\n<tr class=\"andes-table__row ui-vpp-striped-specs__row\">\n<th class=\"andes-table__header andes-table__header--left ui-vpp-striped-specs__row__column ui-vpp-striped-specs__row__column--id\" scope=\"col\">\n<div class=\"andes-table__header__container\">Color<\/div>\n<\/th>\n<td id=\":Rkvtat6lpim:\" class=\"andes-table__column andes-table__column--left andes-table__column--vertical-align-center ui-vpp-striped-specs__row__column\" title=\"Rosa Red\"><span class=\"andes-table__column--value\">Rosa Red<\/span><\/td>\n<\/tr>\n<\/tbody>\n<\/table>\n<\/div>\n<\/div>\n<div class=\"ui-vpp-striped-specs\">\n<div class=\"ui-vpp-striped-specs__table\">\n<h3 class=\"ui-vpp-striped-specs__header\">Otras caracter\u00edsticas<\/h3>\n<table class=\"andes-table\">\n<tbody class=\"andes-table__body\">\n<tr class=\"andes-table__row ui-vpp-striped-specs__row\">\n<th class=\"andes-table__header andes-table__header--left ui-vpp-striped-specs__row__column ui-vpp-striped-specs__row__column--id\" scope=\"col\">\n<div class=\"andes-table__header__container\">Material del dildo<\/div>\n<\/th>\n<td id=\":R19jtit6lpim:\" class=\"andes-table__column andes-table__column--left andes-table__column--vertical-align-center ui-vpp-striped-specs__row__column\" title=\"Silicon + ABS\"><span class=\"andes-table__column--value\">Silicon + ABS<\/span><\/td>\n<\/tr>\n<tr class=\"andes-table__row ui-vpp-striped-specs__row\">\n<th class=\"andes-table__header andes-table__header--left ui-vpp-striped-specs__row__column ui-vpp-striped-specs__row__column--id\" scope=\"col\">\n<div class=\"andes-table__header__container\">Cantidad de dildos<\/div>\n<\/th>\n<td id=\":R19ltit6lpim:\" class=\"andes-table__column andes-table__column--left andes-table__column--vertical-align-center ui-vpp-striped-specs__row__column\" title=\"2\"><span class=\"andes-table__column--value\">2<\/span><\/td>\n<\/tr>\n<tr class=\"andes-table__row ui-vpp-striped-specs__row\">\n<th class=\"andes-table__header andes-table__header--left ui-vpp-striped-specs__row__column ui-vpp-striped-specs__row__column--id\" scope=\"col\">\n<div class=\"andes-table__header__container\">Largo<\/div>\n<\/th>\n<td id=\":R19ntit6lpim:\" class=\"andes-table__column andes-table__column--left andes-table__column--vertical-align-center ui-vpp-striped-specs__row__column\" title=\"23.3 cm\"><span class=\"andes-table__column--value\">23.3 cm<\/span><\/td>\n<\/tr>\n<tr class=\"andes-table__row ui-vpp-striped-specs__row\">\n<th class=\"andes-table__header andes-table__header--left ui-vpp-striped-specs__row__column ui-vpp-striped-specs__row__column--id\" scope=\"col\">\n<div class=\"andes-table__header__container\">Tiene vibraci\u00f3n<\/div>\n<\/th>\n<td id=\":R19ptit6lpim:\" class=\"andes-table__column andes-table__column--left andes-table__column--vertical-align-center ui-vpp-striped-specs__row__column\" title=\"S\u00ed\"><span class=\"andes-table__column--value\">S\u00ed<\/span><\/td>\n<\/tr>\n<\/tbody>\n<\/table>\n<\/div>\n<\/div>\n","protected":false},"excerpt":{"rendered":"<p>Este strap lo tiene todo! Esta elaborado en silic\u00f3n grado medico, por lo que es suave al tacto y resistente. Cuenta con dos extremos cada uno con su motor, un extremo corto con forma de pulgar y un angulo ajustable a tu posici\u00f3n para que no te lastime, y otro extremo mas largo de impresi\u00f3n realista tambi\u00e9n con su propio motor.<\/p>\n<p>\u00bfPor qu\u00e9 es perfecto? Porque en la parte media, cuenta con una impresi\u00f3n tipo leng\u00fceta para mayor estimulaci\u00f3n durante la penetraci\u00f3n para que disfrutes igual que tu pareja.<\/p>\n<p>Cuenta con control remoto, no te distraigas ni un segundo.<\/p>\n<p>El control no es a prueba de agua.<\/p>\n<p>Caracter\u00edsticas:<\/p>\n<p>Medidas (PERMITE MARGEN DE ERROR DE +\/- 1 CM):<br \/>\n*Largo Total 23.3cm<br \/>\n*Extremo Corto 11.8cm<br \/>\n*Grosor: 3.9cm (en su porci\u00f3n mas gruesa)<br \/>\nMaterial: Silicon + ABS<br \/>\nRuido: 60 dB<br \/>\nVoltaje: 5V<br \/>\nTiempo de carga: 2.5 hrs<br \/>\nTiempo de uso: 50 min (depende de la intensidad de la vibraci\u00f3n y la carga que tenga el juguete al momento del uso)<br \/>\nA prueba de agua NO sumergible (el control no es a prueba de agua)<\/p>\n","protected":false},"featured_media":3834,"comment_status":"open","ping_status":"closed","template":"","meta":[],"product_cat":[43],"product_tag":[33,50,45,73,47],"_links":{"self":[{"href":"https:\/\/plumbuss.com\/index.php?rest_route=\/wp\/v2\/product\/3740"}],"collection":[{"href":"https:\/\/plumbuss.com\/index.php?rest_route=\/wp\/v2\/product"}],"about":[{"href":"https:\/\/plumbuss.com\/index.php?rest_route=\/wp\/v2\/types\/product"}],"replies":[{"embeddable":true,"href":"https:\/\/plumbuss.com\/index.php?rest_route=%2Fwp%2Fv2%2Fcomments&post=3740"}],"wp:featuredmedia":[{"embeddable":true,"href":"https:\/\/plumbuss.com\/index.php?rest_route=\/wp\/v2\/media\/3834"}],"wp:attachment":[{"href":"https:\/\/plumbuss.com\/index.php?rest_route=%2Fwp%2Fv2%2Fmedia&parent=3740"}],"wp:term":[{"taxonomy":"product_cat","embeddable":true,"href":"https:\/\/plumbuss.com\/index.php?rest_route=%2Fwp%2Fv2%2Fproduct_cat&post=3740"},{"taxonomy":"product_tag","embeddable":true,"href":"https:\/\/plumbuss.com\/index.php?rest_route=%2Fwp%2Fv2%2Fproduct_tag&post=3740"}],"curies":[{"name":"wp","href":"https:\/\/api.w.org\/{rel}","templated":true}]}}