{"id":3686,"date":"2023-12-04T22:45:24","date_gmt":"2023-12-04T22:45:24","guid":{"rendered":"https:\/\/plumbuss.com\/?post_type=product&#038;p=3686"},"modified":"2024-09-12T03:15:03","modified_gmt":"2024-09-12T03:15:03","slug":"dildo-texturizado-dragon-luminoso-con-ventosa","status":"publish","type":"product","link":"https:\/\/plumbuss.com\/?product=dildo-texturizado-dragon-luminoso-con-ventosa","title":{"rendered":"Dildo Texturizado Dragon Luminoso Con Ventosa"},"content":{"rendered":"<div class=\"ui-vpp-striped-specs\">\n<div class=\"ui-vpp-striped-specs__table\">\n<h3 class=\"ui-vpp-striped-specs__header\">Caracter\u00edsticas principales<\/h3>\n<table class=\"andes-table\">\n<tbody class=\"andes-table__body\">\n<tr class=\"andes-table__row ui-vpp-striped-specs__row\">\n<th class=\"andes-table__header andes-table__header--left ui-vpp-striped-specs__row__column ui-vpp-striped-specs__row__column--id\" scope=\"col\">\n<div class=\"andes-table__header__container\">Marca<\/div>\n<\/th>\n<td id=\":R19jtat6lphm:\" class=\"andes-table__column andes-table__column--left andes-table__column--vertical-align-center ui-vpp-striped-specs__row__column\" title=\"Plumbuss\"><span class=\"andes-table__column--value\">Plumbuss<\/span><\/td>\n<\/tr>\n<tr class=\"andes-table__row ui-vpp-striped-specs__row\">\n<th class=\"andes-table__header andes-table__header--left ui-vpp-striped-specs__row__column ui-vpp-striped-specs__row__column--id\" scope=\"col\">\n<div class=\"andes-table__header__container\">L\u00ednea<\/div>\n<\/th>\n<td id=\":R19ltat6lphm:\" class=\"andes-table__column andes-table__column--left andes-table__column--vertical-align-center ui-vpp-striped-specs__row__column\" title=\"Creature Cocks\"><span class=\"andes-table__column--value\">Creature Cocks<\/span><\/td>\n<\/tr>\n<tr class=\"andes-table__row ui-vpp-striped-specs__row\">\n<th class=\"andes-table__header andes-table__header--left ui-vpp-striped-specs__row__column ui-vpp-striped-specs__row__column--id\" scope=\"col\">\n<div class=\"andes-table__header__container\">Modelo<\/div>\n<\/th>\n<td id=\":R19ntat6lphm:\" class=\"andes-table__column andes-table__column--left andes-table__column--vertical-align-center ui-vpp-striped-specs__row__column\" title=\"Dildo Dragon\"><span class=\"andes-table__column--value\">Dildo Dragon<\/span><\/td>\n<\/tr>\n<tr class=\"andes-table__row ui-vpp-striped-specs__row\">\n<th class=\"andes-table__header andes-table__header--left ui-vpp-striped-specs__row__column ui-vpp-striped-specs__row__column--id\" scope=\"col\">\n<div class=\"andes-table__header__container\">Largo total<\/div>\n<\/th>\n<td id=\":R19ptat6lphm:\" class=\"andes-table__column andes-table__column--left andes-table__column--vertical-align-center ui-vpp-striped-specs__row__column\" title=\"22 cm\"><span class=\"andes-table__column--value\">22 cm<\/span><\/td>\n<\/tr>\n<tr class=\"andes-table__row ui-vpp-striped-specs__row\">\n<th class=\"andes-table__header andes-table__header--left ui-vpp-striped-specs__row__column ui-vpp-striped-specs__row__column--id\" scope=\"col\">\n<div class=\"andes-table__header__container\">Di\u00e1metro<\/div>\n<\/th>\n<td id=\":R19rtat6lphm:\" class=\"andes-table__column andes-table__column--left andes-table__column--vertical-align-center ui-vpp-striped-specs__row__column\" title=\"6.8 cm\"><span class=\"andes-table__column--value\">6.8 cm<\/span><\/td>\n<\/tr>\n<tr class=\"andes-table__row ui-vpp-striped-specs__row\">\n<th class=\"andes-table__header andes-table__header--left ui-vpp-striped-specs__row__column ui-vpp-striped-specs__row__column--id\" scope=\"col\">\n<div class=\"andes-table__header__container\">Color<\/div>\n<\/th>\n<td id=\":R19ttat6lphm:\" class=\"andes-table__column andes-table__column--left andes-table__column--vertical-align-center ui-vpp-striped-specs__row__column\" title=\"Azul\/Rosa\"><span class=\"andes-table__column--value\">Azul\/Rosa<\/span><\/td>\n<\/tr>\n<\/tbody>\n<\/table>\n<\/div>\n<\/div>\n<div class=\"ui-vpp-striped-specs\">\n<div class=\"ui-vpp-striped-specs__table\">\n<h3 class=\"ui-vpp-striped-specs__header\">Otras caracter\u00edsticas<\/h3>\n<table class=\"andes-table\">\n<tbody class=\"andes-table__body\">\n<tr class=\"andes-table__row ui-vpp-striped-specs__row\">\n<th class=\"andes-table__header andes-table__header--left ui-vpp-striped-specs__row__column ui-vpp-striped-specs__row__column--id\" scope=\"col\">\n<div class=\"andes-table__header__container\">Forma del dildo<\/div>\n<\/th>\n<td id=\":Rkrtit6lphm:\" class=\"andes-table__column andes-table__column--left andes-table__column--vertical-align-center ui-vpp-striped-specs__row__column\" title=\"Dildo Con Ondas\"><span class=\"andes-table__column--value\">Dildo Con Ondas<\/span><\/td>\n<\/tr>\n<tr class=\"andes-table__row ui-vpp-striped-specs__row\">\n<th class=\"andes-table__header andes-table__header--left ui-vpp-striped-specs__row__column ui-vpp-striped-specs__row__column--id\" scope=\"col\">\n<div class=\"andes-table__header__container\">Material<\/div>\n<\/th>\n<td id=\":Rkttit6lphm:\" class=\"andes-table__column andes-table__column--left andes-table__column--vertical-align-center ui-vpp-striped-specs__row__column\" title=\"Silicona\"><span class=\"andes-table__column--value\">Silicona<\/span><\/td>\n<\/tr>\n<tr class=\"andes-table__row ui-vpp-striped-specs__row\">\n<th class=\"andes-table__header andes-table__header--left ui-vpp-striped-specs__row__column ui-vpp-striped-specs__row__column--id\" scope=\"col\">\n<div class=\"andes-table__header__container\">Con ventosa<\/div>\n<\/th>\n<td id=\":Rkvtit6lphm:\" class=\"andes-table__column andes-table__column--left andes-table__column--vertical-align-center ui-vpp-striped-specs__row__column\" title=\"S\u00ed\"><span class=\"andes-table__column--value\">S\u00ed<\/span><\/td>\n<\/tr>\n<\/tbody>\n<\/table>\n<\/div>\n<\/div>\n","protected":false},"excerpt":{"rendered":"<p>DIFERENTES FORMAS + DIFERENTES TEXTURAS = DIFERENTES SENSACION<\/p>\n<p>Los dildos de la l\u00ednea criaturas mitol\u00f3gicas, est\u00e1n hechos de un material que es suave al tacto pero firme para la penetraci\u00f3n, la forma de dildo tipo ola con cabeza realista permite percibir diferencias durante la penetraci\u00f3n, permitiendo diferentes texturas y ligeros cambios en el grosor, aunque su tama\u00f1o puede asustar la primera vez.<\/p>\n<p>Tambi\u00e9n cuenta con un dise\u00f1o multicolor con puntos brillosos que al cargarse en la luz hara que brille en la oscuridad.<\/p>\n<p>Pegue la ventosa en una superficie lisa y conoce cada detalle que te ofrece con sus diferentes grosores.<\/p>\n<p>Informaci\u00f3n esencial:<br \/>\n*Longitud Total: 22 cm<br \/>\n*Longitud insertable: 17.5 cm<br \/>\n*Circunferencia: Diferentes grosores de 5.8 cm a 6.8 cm<br \/>\n*Material: Silicona<br \/>\n*Impermeable: Sumergible<br \/>\n*Libre de ftalatos<\/p>\n<p>*Incluye Sex Bag<\/p>\n<p>***PERMITE MARGEN DE ERROR DE +\/- 1CM***<\/p>\n<p>Instrucciones de uso<\/p>\n<p>1. Coloquelo debajo de una luz LED interior durante 20 minutos.<\/p>\n<p>Notas:<\/p>\n<p>1. Irradiaci\u00f3n LED interior ordinaria durante 20 minutos, despu\u00e9s de que el producto absorbe la luz, puede durar 2 horas (120 minutos) en un lugar oscuro.<\/p>\n<p>Referencia de la l\u00ednea de tiempo de desvanecimiento Lum\u00ednico:<\/p>\n<p>-Brillo reducido a la mitad despu\u00e9s de 30 minutos en la oscuridad<\/p>\n<p>-El brillo cae un 3\/4 despu\u00e9s de 30 minutos<\/p>\n<p>-El brillo cae 7\/8 despu\u00e9s de 60 minutos<\/p>\n<p>-El brillo cae 9\/10 despu\u00e9s de 90 minutos<\/p>\n<p>-Sin brillo despu\u00e9s de 120 minutos<\/p>\n<p>Garant\u00eda del vendedor: 1 meses<\/p>\n","protected":false},"featured_media":3693,"comment_status":"open","ping_status":"closed","template":"","meta":[],"product_cat":[31],"product_tag":[58,80,34],"_links":{"self":[{"href":"https:\/\/plumbuss.com\/index.php?rest_route=\/wp\/v2\/product\/3686"}],"collection":[{"href":"https:\/\/plumbuss.com\/index.php?rest_route=\/wp\/v2\/product"}],"about":[{"href":"https:\/\/plumbuss.com\/index.php?rest_route=\/wp\/v2\/types\/product"}],"replies":[{"embeddable":true,"href":"https:\/\/plumbuss.com\/index.php?rest_route=%2Fwp%2Fv2%2Fcomments&post=3686"}],"wp:featuredmedia":[{"embeddable":true,"href":"https:\/\/plumbuss.com\/index.php?rest_route=\/wp\/v2\/media\/3693"}],"wp:attachment":[{"href":"https:\/\/plumbuss.com\/index.php?rest_route=%2Fwp%2Fv2%2Fmedia&parent=3686"}],"wp:term":[{"taxonomy":"product_cat","embeddable":true,"href":"https:\/\/plumbuss.com\/index.php?rest_route=%2Fwp%2Fv2%2Fproduct_cat&post=3686"},{"taxonomy":"product_tag","embeddable":true,"href":"https:\/\/plumbuss.com\/index.php?rest_route=%2Fwp%2Fv2%2Fproduct_tag&post=3686"}],"curies":[{"name":"wp","href":"https:\/\/api.w.org\/{rel}","templated":true}]}}