{"id":3669,"date":"2023-11-30T01:59:27","date_gmt":"2023-11-30T01:59:27","guid":{"rendered":"https:\/\/plumbuss.com\/?post_type=product&#038;p=3669"},"modified":"2026-02-21T18:57:00","modified_gmt":"2026-02-21T18:57:00","slug":"masturbador-oral-con-vibracion-y-calor-recargable","status":"publish","type":"product","link":"https:\/\/plumbuss.com\/?product=masturbador-oral-con-vibracion-y-calor-recargable","title":{"rendered":"Masturbador Oral Con Vibracion Y Calor Recargable"},"content":{"rendered":"<div class=\"ui-vpp-striped-specs\">\n<div class=\"ui-vpp-striped-specs__table\">\n<h3 class=\"ui-vpp-striped-specs__header\">Caracter\u00edsticas principales<\/h3>\n<table class=\"andes-table\">\n<tbody class=\"andes-table__body\">\n<tr class=\"andes-table__row ui-vpp-striped-specs__row\">\n<th class=\"andes-table__header andes-table__header--left ui-vpp-striped-specs__row__column ui-vpp-striped-specs__row__column--id\" scope=\"col\">\n<div class=\"andes-table__header__container\">Marca<\/div>\n<\/th>\n<td id=\":R19jtat6l9hm:\" class=\"andes-table__column andes-table__column--left andes-table__column--vertical-align-center ui-vpp-striped-specs__row__column\" title=\"OTOUCH\"><span class=\"andes-table__column--value\">OTOUCH<\/span><\/td>\n<\/tr>\n<tr class=\"andes-table__row ui-vpp-striped-specs__row\">\n<th class=\"andes-table__header andes-table__header--left ui-vpp-striped-specs__row__column ui-vpp-striped-specs__row__column--id\" scope=\"col\">\n<div class=\"andes-table__header__container\">L\u00ednea<\/div>\n<\/th>\n<td id=\":R19ltat6l9hm:\" class=\"andes-table__column andes-table__column--left andes-table__column--vertical-align-center ui-vpp-striped-specs__row__column\" title=\"CHIVEN\"><span class=\"andes-table__column--value\">CHIVEN<\/span><\/td>\n<\/tr>\n<tr class=\"andes-table__row ui-vpp-striped-specs__row\">\n<th class=\"andes-table__header andes-table__header--left ui-vpp-striped-specs__row__column ui-vpp-striped-specs__row__column--id\" scope=\"col\">\n<div class=\"andes-table__header__container\">Modelo<\/div>\n<\/th>\n<td id=\":R19ntat6l9hm:\" class=\"andes-table__column andes-table__column--left andes-table__column--vertical-align-center ui-vpp-striped-specs__row__column\" title=\"CHIVEN2\"><span class=\"andes-table__column--value\">CHIVEN2<\/span><\/td>\n<\/tr>\n<tr class=\"andes-table__row ui-vpp-striped-specs__row\">\n<th class=\"andes-table__header andes-table__header--left ui-vpp-striped-specs__row__column ui-vpp-striped-specs__row__column--id\" scope=\"col\">\n<div class=\"andes-table__header__container\">Color<\/div>\n<\/th>\n<td id=\":R19ptat6l9hm:\" class=\"andes-table__column andes-table__column--left andes-table__column--vertical-align-center ui-vpp-striped-specs__row__column\" title=\"NEGRO Y ROJO\"><span class=\"andes-table__column--value\">NEGRO Y ROJO<\/span><\/td>\n<\/tr>\n<tr class=\"andes-table__row ui-vpp-striped-specs__row\">\n<th class=\"andes-table__header andes-table__header--left ui-vpp-striped-specs__row__column ui-vpp-striped-specs__row__column--id\" scope=\"col\">\n<div class=\"andes-table__header__container\">Tipo De Orificio<\/div>\n<\/th>\n<td id=\":R19rtat6l9hm:\" class=\"andes-table__column andes-table__column--left andes-table__column--vertical-align-center ui-vpp-striped-specs__row__column\" title=\"Boca\"><span class=\"andes-table__column--value\">Boca<\/span><\/td>\n<\/tr>\n<\/tbody>\n<\/table>\n<\/div>\n<\/div>\n<div class=\"ui-vpp-striped-specs\">\n<div class=\"ui-vpp-striped-specs__table\">\n<h3 class=\"ui-vpp-striped-specs__header\">Otras caracter\u00edsticas<\/h3>\n<table class=\"andes-table\">\n<tbody class=\"andes-table__body\">\n<tr class=\"andes-table__row ui-vpp-striped-specs__row\">\n<th class=\"andes-table__header andes-table__header--left ui-vpp-striped-specs__row__column ui-vpp-striped-specs__row__column--id\" scope=\"col\">\n<div class=\"andes-table__header__container\">Formato<\/div>\n<\/th>\n<td id=\":R19jtit6l9hm:\" class=\"andes-table__column andes-table__column--left andes-table__column--vertical-align-center ui-vpp-striped-specs__row__column\" title=\"COPA\"><span class=\"andes-table__column--value\">COPA<\/span><\/td>\n<\/tr>\n<tr class=\"andes-table__row ui-vpp-striped-specs__row\">\n<th class=\"andes-table__header andes-table__header--left ui-vpp-striped-specs__row__column ui-vpp-striped-specs__row__column--id\" scope=\"col\">\n<div class=\"andes-table__header__container\">Tipos de acciones<\/div>\n<\/th>\n<td id=\":R19ltit6l9hm:\" class=\"andes-table__column andes-table__column--left andes-table__column--vertical-align-center ui-vpp-striped-specs__row__column\" title=\"Vibraci\u00f3n,Calor\"><span class=\"andes-table__column--value\">Vibraci\u00f3n,Calor<\/span><\/td>\n<\/tr>\n<tr class=\"andes-table__row ui-vpp-striped-specs__row\">\n<th class=\"andes-table__header andes-table__header--left ui-vpp-striped-specs__row__column ui-vpp-striped-specs__row__column--id\" scope=\"col\">\n<div class=\"andes-table__header__container\">Textura interna<\/div>\n<\/th>\n<td id=\":R19ntit6l9hm:\" class=\"andes-table__column andes-table__column--left andes-table__column--vertical-align-center ui-vpp-striped-specs__row__column\" title=\"Suave\"><span class=\"andes-table__column--value\">Suave<\/span><\/td>\n<\/tr>\n<tr class=\"andes-table__row ui-vpp-striped-specs__row\">\n<th class=\"andes-table__header andes-table__header--left ui-vpp-striped-specs__row__column ui-vpp-striped-specs__row__column--id\" scope=\"col\">\n<div class=\"andes-table__header__container\">Material<\/div>\n<\/th>\n<td id=\":R19ptit6l9hm:\" class=\"andes-table__column andes-table__column--left andes-table__column--vertical-align-center ui-vpp-striped-specs__row__column\" title=\"Silicona Grado M\u00e9dico\/ABS\"><span class=\"andes-table__column--value\">Silicona Grado M\u00e9dico\/ABS<\/span><\/td>\n<\/tr>\n<tr class=\"andes-table__row ui-vpp-striped-specs__row\">\n<th class=\"andes-table__header andes-table__header--left ui-vpp-striped-specs__row__column ui-vpp-striped-specs__row__column--id\" scope=\"col\">\n<div class=\"andes-table__header__container\">Largo<\/div>\n<\/th>\n<td id=\":R19rtit6l9hm:\" class=\"andes-table__column andes-table__column--left andes-table__column--vertical-align-center ui-vpp-striped-specs__row__column\" title=\"13 cm\"><span class=\"andes-table__column--value\">13 cm<\/span><\/td>\n<\/tr>\n<tr class=\"andes-table__row ui-vpp-striped-specs__row\">\n<th class=\"andes-table__header andes-table__header--left ui-vpp-striped-specs__row__column ui-vpp-striped-specs__row__column--id\" scope=\"col\">\n<div class=\"andes-table__header__container\">Es masajeador de pr\u00f3stata<\/div>\n<\/th>\n<td id=\":R19ttit6l9hm:\" class=\"andes-table__column andes-table__column--left andes-table__column--vertical-align-center ui-vpp-striped-specs__row__column\" title=\"No\"><span class=\"andes-table__column--value\">No<\/span><\/td>\n<\/tr>\n<\/tbody>\n<\/table>\n<\/div>\n<\/div>\n","protected":false},"excerpt":{"rendered":"<p>Experimenta una estimulaci\u00f3n oral alucinante con el lujoso masturbador vibratorio con calefacci\u00f3n CHIVEN 2.<\/p>\n<p>Dise\u00f1ado para ofrecer la m\u00e1xima comodidad, este masturbador cuenta con un exterior de silicona con un patr\u00f3n antideslizante, lo que garantiza un agarre seguro durante tus momentos \u00edntimos. La funci\u00f3n de autocalentamiento te permite alcanzar una temperatura m\u00e1xima de 45 grados cent\u00edgrados, brindando una experiencia realista y sensual que te dejar\u00e1 sin aliento.<\/p>\n<p>Elige entre 6 patrones de vibraci\u00f3n, cada uno de los cuales ofrece 3 intensidades, para adaptar tu placer exactamente a tu gusto. Con botones f\u00e1ciles de usar ubicados en la parte superior, cambiar entre diferentes configuraciones es muy sencillo.<\/p>\n<p>El CHIVEN 2 no s\u00f3lo es discreto y silencioso, sino tambi\u00e9n resistente al agua, lo que te permite explorar tus deseos en la ducha o en el ba\u00f1o. Para mayor comodidad, recuerde siempre utilizar un lubricante de alta calidad en su pene.<\/p>\n<p>El CHIVEN 2 cuenta con una caracter\u00edstica de lengua tierna, haciendo la experiencia a\u00fan m\u00e1s exquisita. No te dejes enga\u00f1ar por su ternura, ya que ofrece un potente rendimiento con 2000 vibraciones por minuto. Esta combinaci\u00f3n de velocidad, potencia y ternura crea una experiencia incre\u00edblemente placentera.<\/p>\n<p>El CHIVEN 2 viene con un cable USB para una recarga r\u00e1pida y c\u00f3moda, asegurando que su placer nunca tenga que ser interrumpido. Gu\u00e1rdelo de forma segura en la bolsa de almacenamiento proporcionada y mant\u00e9ngalo limpio usando agua tibia y un limpiador de juguetes despu\u00e9s de cada uso.<\/p>\n<p>Material: silicona, pl\u00e1stico ABS<br \/>\nVibraciones: 6 patrones<br \/>\nCalefacci\u00f3n: 2 niveles, 35+\/-5 y 45+\/-5<br \/>\nTama\u00f1o del producto: 76*80*130mm<br \/>\nTama\u00f1o de la caja de regalo: 105*85*155mm<br \/>\nPeso: 500g<br \/>\nEmbalaje: 32PCS-CTN-44*32,8*36,5 cm<br \/>\nDetalles del embalaje: masturbador, cable de carga USB, manual de instrucciones, bolsa<\/p>\n<p>Garant\u00eda del vendedor: 30 d\u00edas<\/p>\n","protected":false},"featured_media":3675,"comment_status":"open","ping_status":"closed","template":"","meta":[],"product_cat":[38],"product_tag":[40,21,41,39,24,73],"_links":{"self":[{"href":"https:\/\/plumbuss.com\/index.php?rest_route=\/wp\/v2\/product\/3669"}],"collection":[{"href":"https:\/\/plumbuss.com\/index.php?rest_route=\/wp\/v2\/product"}],"about":[{"href":"https:\/\/plumbuss.com\/index.php?rest_route=\/wp\/v2\/types\/product"}],"replies":[{"embeddable":true,"href":"https:\/\/plumbuss.com\/index.php?rest_route=%2Fwp%2Fv2%2Fcomments&post=3669"}],"wp:featuredmedia":[{"embeddable":true,"href":"https:\/\/plumbuss.com\/index.php?rest_route=\/wp\/v2\/media\/3675"}],"wp:attachment":[{"href":"https:\/\/plumbuss.com\/index.php?rest_route=%2Fwp%2Fv2%2Fmedia&parent=3669"}],"wp:term":[{"taxonomy":"product_cat","embeddable":true,"href":"https:\/\/plumbuss.com\/index.php?rest_route=%2Fwp%2Fv2%2Fproduct_cat&post=3669"},{"taxonomy":"product_tag","embeddable":true,"href":"https:\/\/plumbuss.com\/index.php?rest_route=%2Fwp%2Fv2%2Fproduct_tag&post=3669"}],"curies":[{"name":"wp","href":"https:\/\/api.w.org\/{rel}","templated":true}]}}