{"id":3630,"date":"2023-11-16T03:47:43","date_gmt":"2023-11-16T03:47:43","guid":{"rendered":"https:\/\/plumbuss.com\/?post_type=product&#038;p=3630"},"modified":"2024-04-16T01:10:21","modified_gmt":"2024-04-16T01:10:21","slug":"arnes-con-dildo-7-kit-principiante","status":"publish","type":"product","link":"https:\/\/plumbuss.com\/?product=arnes-con-dildo-7-kit-principiante","title":{"rendered":"Arnes Con Dildo 7 Kit Principiante"},"content":{"rendered":"<div class=\"ui-vpp-striped-specs\">\n<div class=\"ui-vpp-striped-specs__table\">\n<h3 class=\"ui-vpp-striped-specs__header\">Caracter\u00edsticas principales<\/h3>\n<table class=\"andes-table\">\n<tbody class=\"andes-table__body\">\n<tr class=\"andes-table__row ui-vpp-striped-specs__row\">\n<th class=\"andes-table__header andes-table__header--left ui-vpp-striped-specs__row__column ui-vpp-striped-specs__row__column--id\" scope=\"col\">\n<div class=\"andes-table__header__container\">Marca<\/div>\n<\/th>\n<td id=\":R56van9lacd:\" class=\"andes-table__column andes-table__column--left andes-table__column--vertical-align-center ui-vpp-striped-specs__row__column\" title=\"Blush Novelties\"><span class=\"andes-table__column--value\">Blush Novelties<\/span><\/td>\n<\/tr>\n<tr class=\"andes-table__row ui-vpp-striped-specs__row\">\n<th class=\"andes-table__header andes-table__header--left ui-vpp-striped-specs__row__column ui-vpp-striped-specs__row__column--id\" scope=\"col\">\n<div class=\"andes-table__header__container\">Modelo<\/div>\n<\/th>\n<td id=\":R57fan9lacd:\" class=\"andes-table__column andes-table__column--left andes-table__column--vertical-align-center ui-vpp-striped-specs__row__column\" title=\"Kit Arnes SX 7&quot;\"><span class=\"andes-table__column--value\">Kit Arnes SX 7&#8243;<\/span><\/td>\n<\/tr>\n<\/tbody>\n<\/table>\n<\/div>\n<\/div>\n<div class=\"ui-vpp-striped-specs\">\n<div class=\"ui-vpp-striped-specs__table\">\n<h3 class=\"ui-vpp-striped-specs__header\">Otras caracter\u00edsticas<\/h3>\n<table class=\"andes-table\">\n<tbody class=\"andes-table__body\">\n<tr class=\"andes-table__row ui-vpp-striped-specs__row\">\n<th class=\"andes-table__header andes-table__header--left ui-vpp-striped-specs__row__column ui-vpp-striped-specs__row__column--id\" scope=\"col\">\n<div class=\"andes-table__header__container\">Largo<\/div>\n<\/th>\n<td id=\":Racvcn9lacd:\" class=\"andes-table__column andes-table__column--left andes-table__column--vertical-align-center ui-vpp-striped-specs__row__column\" title=\"17 cm\"><span class=\"andes-table__column--value\">17 cm<\/span><\/td>\n<\/tr>\n<tr class=\"andes-table__row ui-vpp-striped-specs__row\">\n<th class=\"andes-table__header andes-table__header--left ui-vpp-striped-specs__row__column ui-vpp-striped-specs__row__column--id\" scope=\"col\">\n<div class=\"andes-table__header__container\">Tiene vibraci\u00f3n<\/div>\n<\/th>\n<td id=\":Radfcn9lacd:\" class=\"andes-table__column andes-table__column--left andes-table__column--vertical-align-center ui-vpp-striped-specs__row__column\" title=\"No\"><span class=\"andes-table__column--value\">No<\/span><\/td>\n<\/tr>\n<tr class=\"andes-table__row ui-vpp-striped-specs__row\">\n<th class=\"andes-table__header andes-table__header--left ui-vpp-striped-specs__row__column ui-vpp-striped-specs__row__column--id\" scope=\"col\">\n<div class=\"andes-table__header__container\">Material del dildo<\/div>\n<\/th>\n<td id=\":Radvcn9lacd:\" class=\"andes-table__column andes-table__column--left andes-table__column--vertical-align-center ui-vpp-striped-specs__row__column\" title=\"PVC\"><span class=\"andes-table__column--value\">PVC<\/span><\/td>\n<\/tr>\n<tr class=\"andes-table__row ui-vpp-striped-specs__row\">\n<th class=\"andes-table__header andes-table__header--left ui-vpp-striped-specs__row__column ui-vpp-striped-specs__row__column--id\" scope=\"col\">\n<div class=\"andes-table__header__container\">Cantidad de dildos<\/div>\n<\/th>\n<td id=\":Raefcn9lacd:\" class=\"andes-table__column andes-table__column--left andes-table__column--vertical-align-center ui-vpp-striped-specs__row__column\" title=\"1\"><span class=\"andes-table__column--value\">1<\/span><\/td>\n<\/tr>\n<\/tbody>\n<\/table>\n<\/div>\n<\/div>\n","protected":false},"excerpt":{"rendered":"<p>El arn\u00e9s para principiantes SX For You con pene de 7&#8243; es una evoluci\u00f3n en los sistemas de correas ajustables. Incluye 2 resistentes anillos de soporte de silicona Puria, no es necesario volver a medir los consoladores. Los sujetadores aseguran el anillo de soporte de silicona, lo que hace que el arn\u00e9s para principiantes SX For You sea compatible con \u00a1Todos los consoladores, incluso los consoladores extremos! El arn\u00e9s con correa de construcci\u00f3n duradera es ideal tanto para principiantes como para jugadores avanzados. La almohadilla de rendimiento est\u00e1 construida con cuero sint\u00e9tico suave y aterciopelado y las correas ajustables son de nailon suave para un uso c\u00f3modo.<\/p>\n<p>El consolador suave y realista incluido est\u00e1 equipado Con una ventosa resistente y est\u00e1 hecho de PVC suave sin ftalatos para una sensaci\u00f3n realista.<\/p>\n<p>El arn\u00e9s para principiantes SX For You se adapta a una cintura de hasta 47 pulgadas. De color negro<\/p>\n<p>Longitud Total (pulgadas): 7<\/p>\n<p>Longitud (pulgadas): insertable 5.5&#8243;<\/p>\n<p>Diametro Dildo: 3.5cm<\/p>\n<p>Circunferencia (pulgadas): 81,64<\/p>\n<p>Se adapta a cinturas de hasta 47 pulgadas.<br \/>\nIncluye consolador de 7 pulgadas con ventosa.<br \/>\nCorreas totalmente ajustables para muslo y cintura.<br \/>\nIncluye 2 anillos de soporte de silicona Puria.<br \/>\nPiel sint\u00e9tica, lavar a m\u00e1quina, secar al aire.<\/p>\n<p>Garant\u00eda del vendedor: 30 d\u00edas<\/p>\n","protected":false},"featured_media":3631,"comment_status":"open","ping_status":"closed","template":"","meta":[],"product_cat":[79,43],"product_tag":[58,28,33,44],"_links":{"self":[{"href":"https:\/\/plumbuss.com\/index.php?rest_route=\/wp\/v2\/product\/3630"}],"collection":[{"href":"https:\/\/plumbuss.com\/index.php?rest_route=\/wp\/v2\/product"}],"about":[{"href":"https:\/\/plumbuss.com\/index.php?rest_route=\/wp\/v2\/types\/product"}],"replies":[{"embeddable":true,"href":"https:\/\/plumbuss.com\/index.php?rest_route=%2Fwp%2Fv2%2Fcomments&post=3630"}],"wp:featuredmedia":[{"embeddable":true,"href":"https:\/\/plumbuss.com\/index.php?rest_route=\/wp\/v2\/media\/3631"}],"wp:attachment":[{"href":"https:\/\/plumbuss.com\/index.php?rest_route=%2Fwp%2Fv2%2Fmedia&parent=3630"}],"wp:term":[{"taxonomy":"product_cat","embeddable":true,"href":"https:\/\/plumbuss.com\/index.php?rest_route=%2Fwp%2Fv2%2Fproduct_cat&post=3630"},{"taxonomy":"product_tag","embeddable":true,"href":"https:\/\/plumbuss.com\/index.php?rest_route=%2Fwp%2Fv2%2Fproduct_tag&post=3630"}],"curies":[{"name":"wp","href":"https:\/\/api.w.org\/{rel}","templated":true}]}}