{"id":3618,"date":"2023-11-16T03:29:27","date_gmt":"2023-11-16T03:29:27","guid":{"rendered":"https:\/\/plumbuss.com\/?post_type=product&#038;p=3618"},"modified":"2025-04-02T22:37:05","modified_gmt":"2025-04-02T22:37:05","slug":"succionador-de-clitoris-sucky-kitty","status":"publish","type":"product","link":"https:\/\/plumbuss.com\/?product=succionador-de-clitoris-sucky-kitty","title":{"rendered":"Succionador De Clitoris Sucky Kitty"},"content":{"rendered":"<div class=\"ui-vpp-striped-specs\">\n<div class=\"ui-vpp-striped-specs__table\">\n<h3 class=\"ui-vpp-striped-specs__header\">Caracter\u00edsticas principales<\/h3>\n<table class=\"andes-table\">\n<tbody class=\"andes-table__body\">\n<tr class=\"andes-table__row ui-vpp-striped-specs__row\">\n<th class=\"andes-table__header andes-table__header--left ui-vpp-striped-specs__row__column ui-vpp-striped-specs__row__column--id\" scope=\"col\">\n<div class=\"andes-table__header__container\">Marca<\/div>\n<\/th>\n<td id=\":R56van9lacd:\" class=\"andes-table__column andes-table__column--left andes-table__column--vertical-align-center ui-vpp-striped-specs__row__column\" title=\"Shegasm\"><span class=\"andes-table__column--value\">Shegasm<\/span><\/td>\n<\/tr>\n<tr class=\"andes-table__row ui-vpp-striped-specs__row\">\n<th class=\"andes-table__header andes-table__header--left ui-vpp-striped-specs__row__column ui-vpp-striped-specs__row__column--id\" scope=\"col\">\n<div class=\"andes-table__header__container\">Modelo<\/div>\n<\/th>\n<td id=\":R57fan9lacd:\" class=\"andes-table__column andes-table__column--left andes-table__column--vertical-align-center ui-vpp-striped-specs__row__column\" title=\"Sucky Kitty\"><span class=\"andes-table__column--value\">Sucky Kitty<\/span><\/td>\n<\/tr>\n<tr class=\"andes-table__row ui-vpp-striped-specs__row\">\n<th class=\"andes-table__header andes-table__header--left ui-vpp-striped-specs__row__column ui-vpp-striped-specs__row__column--id\" scope=\"col\">\n<div class=\"andes-table__header__container\">Color<\/div>\n<\/th>\n<td id=\":R57van9lacd:\" class=\"andes-table__column andes-table__column--left andes-table__column--vertical-align-center ui-vpp-striped-specs__row__column\" title=\"Negro\"><span class=\"andes-table__column--value\">Negro<\/span><\/td>\n<\/tr>\n<\/tbody>\n<\/table>\n<\/div>\n<\/div>\n<div class=\"ui-vpp-striped-specs\">\n<div class=\"ui-vpp-striped-specs__table\">\n<h3 class=\"ui-vpp-striped-specs__header\">Otras caracter\u00edsticas<\/h3>\n<table class=\"andes-table\">\n<tbody class=\"andes-table__body\">\n<tr class=\"andes-table__row ui-vpp-striped-specs__row\">\n<th class=\"andes-table__header andes-table__header--left ui-vpp-striped-specs__row__column ui-vpp-striped-specs__row__column--id\" scope=\"col\">\n<div class=\"andes-table__header__container\">Tipo de vibrador<\/div>\n<\/th>\n<td id=\":Rkovcn9lacd:\" class=\"andes-table__column andes-table__column--left andes-table__column--vertical-align-center ui-vpp-striped-specs__row__column\" title=\"Succionador\"><span class=\"andes-table__column--value\">Succionador<\/span><\/td>\n<\/tr>\n<tr class=\"andes-table__row ui-vpp-striped-specs__row\">\n<th class=\"andes-table__header andes-table__header--left ui-vpp-striped-specs__row__column ui-vpp-striped-specs__row__column--id\" scope=\"col\">\n<div class=\"andes-table__header__container\">Largo<\/div>\n<\/th>\n<td id=\":Rkpfcn9lacd:\" class=\"andes-table__column andes-table__column--left andes-table__column--vertical-align-center ui-vpp-striped-specs__row__column\" title=\"9 cm\"><span class=\"andes-table__column--value\">9 cm<\/span><\/td>\n<\/tr>\n<tr class=\"andes-table__row ui-vpp-striped-specs__row\">\n<th class=\"andes-table__header andes-table__header--left ui-vpp-striped-specs__row__column ui-vpp-striped-specs__row__column--id\" scope=\"col\">\n<div class=\"andes-table__header__container\">Di\u00e1metro<\/div>\n<\/th>\n<td id=\":Rkpvcn9lacd:\" class=\"andes-table__column andes-table__column--left andes-table__column--vertical-align-center ui-vpp-striped-specs__row__column\" title=\"1.5 cm\"><span class=\"andes-table__column--value\">1.5 cm<\/span><\/td>\n<\/tr>\n<tr class=\"andes-table__row ui-vpp-striped-specs__row\">\n<th class=\"andes-table__header andes-table__header--left ui-vpp-striped-specs__row__column ui-vpp-striped-specs__row__column--id\" scope=\"col\">\n<div class=\"andes-table__header__container\">Tipo de alimentaci\u00f3n<\/div>\n<\/th>\n<td id=\":Rkqfcn9lacd:\" class=\"andes-table__column andes-table__column--left andes-table__column--vertical-align-center ui-vpp-striped-specs__row__column\" title=\"Recargable\"><span class=\"andes-table__column--value\">Recargable<\/span><\/td>\n<\/tr>\n<tr class=\"andes-table__row ui-vpp-striped-specs__row\">\n<th class=\"andes-table__header andes-table__header--left ui-vpp-striped-specs__row__column ui-vpp-striped-specs__row__column--id\" scope=\"col\">\n<div class=\"andes-table__header__container\">Incluye pilas<\/div>\n<\/th>\n<td id=\":Rkqvcn9lacd:\" class=\"andes-table__column andes-table__column--left andes-table__column--vertical-align-center ui-vpp-striped-specs__row__column\" title=\"No\"><span class=\"andes-table__column--value\">No<\/span><\/td>\n<\/tr>\n<tr class=\"andes-table__row ui-vpp-striped-specs__row\">\n<th class=\"andes-table__header andes-table__header--left ui-vpp-striped-specs__row__column ui-vpp-striped-specs__row__column--id\" scope=\"col\">\n<div class=\"andes-table__header__container\">Duraci\u00f3n de la bater\u00eda<\/div>\n<\/th>\n<td id=\":Rkrfcn9lacd:\" class=\"andes-table__column andes-table__column--left andes-table__column--vertical-align-center ui-vpp-striped-specs__row__column\" title=\"1 h\"><span class=\"andes-table__column--value\">1 h<\/span><\/td>\n<\/tr>\n<tr class=\"andes-table__row ui-vpp-striped-specs__row\">\n<th class=\"andes-table__header andes-table__header--left ui-vpp-striped-specs__row__column ui-vpp-striped-specs__row__column--id\" scope=\"col\">\n<div class=\"andes-table__header__container\">Tiempo de carga<\/div>\n<\/th>\n<td id=\":Rkrvcn9lacd:\" class=\"andes-table__column andes-table__column--left andes-table__column--vertical-align-center ui-vpp-striped-specs__row__column\" title=\"1.5 h\"><span class=\"andes-table__column--value\">1.5 h<\/span><\/td>\n<\/tr>\n<tr class=\"andes-table__row ui-vpp-striped-specs__row\">\n<th class=\"andes-table__header andes-table__header--left ui-vpp-striped-specs__row__column ui-vpp-striped-specs__row__column--id\" scope=\"col\">\n<div class=\"andes-table__header__container\">Materiales<\/div>\n<\/th>\n<td id=\":Rksfcn9lacd:\" class=\"andes-table__column andes-table__column--left andes-table__column--vertical-align-center ui-vpp-striped-specs__row__column\" title=\"ABS,Silicona\"><span class=\"andes-table__column--value\">ABS,Silicona<\/span><\/td>\n<\/tr>\n<tr class=\"andes-table__row ui-vpp-striped-specs__row\">\n<th class=\"andes-table__header andes-table__header--left ui-vpp-striped-specs__row__column ui-vpp-striped-specs__row__column--id\" scope=\"col\">\n<div class=\"andes-table__header__container\">Cantidad de modos de vibraci\u00f3n<\/div>\n<\/th>\n<td id=\":Rksvcn9lacd:\" class=\"andes-table__column andes-table__column--left andes-table__column--vertical-align-center ui-vpp-striped-specs__row__column\" title=\"7\"><span class=\"andes-table__column--value\">7<\/span><\/td>\n<\/tr>\n<tr class=\"andes-table__row ui-vpp-striped-specs__row\">\n<th class=\"andes-table__header andes-table__header--left ui-vpp-striped-specs__row__column ui-vpp-striped-specs__row__column--id\" scope=\"col\">\n<div class=\"andes-table__header__container\">Es resistente al agua<\/div>\n<\/th>\n<td id=\":Rktfcn9lacd:\" class=\"andes-table__column andes-table__column--left andes-table__column--vertical-align-center ui-vpp-striped-specs__row__column\" title=\"S\u00ed\"><span class=\"andes-table__column--value\">S\u00ed<\/span><\/td>\n<\/tr>\n<tr class=\"andes-table__row ui-vpp-striped-specs__row\">\n<th class=\"andes-table__header andes-table__header--left ui-vpp-striped-specs__row__column ui-vpp-striped-specs__row__column--id\" scope=\"col\">\n<div class=\"andes-table__header__container\">Con Wi-Fi<\/div>\n<\/th>\n<td id=\":Rktvcn9lacd:\" class=\"andes-table__column andes-table__column--left andes-table__column--vertical-align-center ui-vpp-striped-specs__row__column\" title=\"No\"><span class=\"andes-table__column--value\">No<\/span><\/td>\n<\/tr>\n<tr class=\"andes-table__row ui-vpp-striped-specs__row\">\n<th class=\"andes-table__header andes-table__header--left ui-vpp-striped-specs__row__column ui-vpp-striped-specs__row__column--id\" scope=\"col\">\n<div class=\"andes-table__header__container\">Con Bluetooth<\/div>\n<\/th>\n<td id=\":Rkufcn9lacd:\" class=\"andes-table__column andes-table__column--left andes-table__column--vertical-align-center ui-vpp-striped-specs__row__column\" title=\"No\"><span class=\"andes-table__column--value\">No<\/span><\/td>\n<\/tr>\n<tr class=\"andes-table__row ui-vpp-striped-specs__row\">\n<th class=\"andes-table__header andes-table__header--left ui-vpp-striped-specs__row__column ui-vpp-striped-specs__row__column--id\" scope=\"col\">\n<div class=\"andes-table__header__container\">Con control remoto<\/div>\n<\/th>\n<td id=\":Rkuvcn9lacd:\" class=\"andes-table__column andes-table__column--left andes-table__column--vertical-align-center ui-vpp-striped-specs__row__column\" title=\"No\"><span class=\"andes-table__column--value\">No<\/span><\/td>\n<\/tr>\n<tr class=\"andes-table__row ui-vpp-striped-specs__row\">\n<th class=\"andes-table__header andes-table__header--left ui-vpp-striped-specs__row__column ui-vpp-striped-specs__row__column--id\" scope=\"col\">\n<div class=\"andes-table__header__container\">Con control desde app<\/div>\n<\/th>\n<td id=\":Rkvfcn9lacd:\" class=\"andes-table__column andes-table__column--left andes-table__column--vertical-align-center ui-vpp-striped-specs__row__column\" title=\"No\"><span class=\"andes-table__column--value\">No<\/span><\/td>\n<\/tr>\n<tr class=\"andes-table__row ui-vpp-striped-specs__row\">\n<th class=\"andes-table__header andes-table__header--left ui-vpp-striped-specs__row__column ui-vpp-striped-specs__row__column--id\" scope=\"col\">\n<div class=\"andes-table__header__container\">Con ventosa<\/div>\n<\/th>\n<td id=\":Rkvvcn9lacd:\" class=\"andes-table__column andes-table__column--left andes-table__column--vertical-align-center ui-vpp-striped-specs__row__column\" title=\"No\"><span class=\"andes-table__column--value\">No<\/span><\/td>\n<\/tr>\n<\/tbody>\n<\/table>\n<\/div>\n<\/div>\n","protected":false},"excerpt":{"rendered":"<p>\u00a1Ma\u00falla de placer con este estimulador de cl\u00edtoris de Sucky Kitty! La poderosa tecnolog\u00eda Air-Stim ofrece 7 niveles de succi\u00f3n que provocan y tiran suavemente de tu cl\u00edtoris. \u00a1La silicona suave y sedosa de primera calidad acaricia tu cl\u00edtoris mientras el juguete ronronea contra ti y est\u00e1 hecha de materiales libres de ftalatos y seguros para el cuerpo para una diversi\u00f3n sin preocupaciones! A este gatito tambi\u00e9n le encanta el agua. Clasificado como IPX7 resistente al agua, puedes llevarlo a la piscina, jacuzzi, ducha o ba\u00f1era y sumergirlo hasta por 30 minutos. \u00a1Rel\u00e1jate y m\u00f3jate con un gatito impermeable!<\/p>\n<p>\u00a1Sum\u00e9rgete en un ba\u00f1o caliente con tu Sucky Kitty y deja que el estado de \u00e1nimo te lleve! Despu\u00e9s de un largo d\u00eda, no hay nada mejor que el cuidado personal y \u00a1nada mejor para aliviar la tensi\u00f3n que este peque\u00f1o gato! \u00a1Juega con 7 niveles de deliciosa succi\u00f3n que provocan y succionan tu cl\u00edtoris hasta que est\u00e9s felizmente relajada y tu tensi\u00f3n liberada por completo!<\/p>\n<p>Despu\u00e9s de que termine el tiempo de juego, lave el juguete con agua y jab\u00f3n, luego roc\u00edelo con un limpiador para juguetes y s\u00e9quelo antes de guardarlo. Recarga entre usos con el cable USB proporcionado.<\/p>\n<p>Fabricado con silicona premium sin ftalatos para una sesi\u00f3n de succi\u00f3n de cl\u00edtoris segura para el cuerpo y sin preocupaciones. El dise\u00f1o impermeable IPX7 hace que este peque\u00f1o gatito sea seguro para usar en la ducha o el ba\u00f1o y f\u00e1cil de limpiar antes o despu\u00e9s de su uso.<\/p>\n<p>Medidas: Alto 3,6 pulgadas, ancho 1,8 pulgadas, profundidad 1,8 pulgadas, di\u00e1metro del orificio de succi\u00f3n 0,6 pulgadas<br \/>\nMateriales: Silicona, Pl\u00e1stico ABS<\/p>\n<p>NOTA: A menudo escuchar\u00e1 que los t\u00e9rminos succi\u00f3n y onda de presi\u00f3n se usan indistintamente; esto no es del todo exacto ya que son dos sensaciones diferentes. Este es un juguete de onda de presi\u00f3n.<\/p>\n<p>Unas palabras sobre la carga USB: muchos art\u00edculos de placer fabricados hoy en d\u00eda (incluido \u00e9ste) se cargan mediante tecnolog\u00eda USB. En resumen, si no tienes un adaptador de CA, necesitar\u00e1s conectar este juguete de placer a un puerto USB de tu computadora (Mac o PC) para cargarlo. Para hacer la vida un poco m\u00e1s f\u00e1cil, SheVibe.com ofrece un adaptador de carga de USB a CA como m\u00e9todo de carga alternativo. Con este adaptador podr\u00e1s conectar este juguete de placer a cualquier toma de corriente dom\u00e9stica est\u00e1ndar. Seleccione la opci\u00f3n anterior para agregar un adaptador de carga de USB a CA a su pedido.<\/p>\n<p>Garant\u00eda del vendedor: 30 d\u00edas<\/p>\n","protected":false},"featured_media":3621,"comment_status":"open","ping_status":"closed","template":"","meta":[],"product_cat":[57],"product_tag":[60,61,67,32],"_links":{"self":[{"href":"https:\/\/plumbuss.com\/index.php?rest_route=\/wp\/v2\/product\/3618"}],"collection":[{"href":"https:\/\/plumbuss.com\/index.php?rest_route=\/wp\/v2\/product"}],"about":[{"href":"https:\/\/plumbuss.com\/index.php?rest_route=\/wp\/v2\/types\/product"}],"replies":[{"embeddable":true,"href":"https:\/\/plumbuss.com\/index.php?rest_route=%2Fwp%2Fv2%2Fcomments&post=3618"}],"wp:featuredmedia":[{"embeddable":true,"href":"https:\/\/plumbuss.com\/index.php?rest_route=\/wp\/v2\/media\/3621"}],"wp:attachment":[{"href":"https:\/\/plumbuss.com\/index.php?rest_route=%2Fwp%2Fv2%2Fmedia&parent=3618"}],"wp:term":[{"taxonomy":"product_cat","embeddable":true,"href":"https:\/\/plumbuss.com\/index.php?rest_route=%2Fwp%2Fv2%2Fproduct_cat&post=3618"},{"taxonomy":"product_tag","embeddable":true,"href":"https:\/\/plumbuss.com\/index.php?rest_route=%2Fwp%2Fv2%2Fproduct_tag&post=3618"}],"curies":[{"name":"wp","href":"https:\/\/api.w.org\/{rel}","templated":true}]}}