{"id":3605,"date":"2023-11-16T03:18:27","date_gmt":"2023-11-16T03:18:27","guid":{"rendered":"https:\/\/plumbuss.com\/?post_type=product&#038;p=3605"},"modified":"2024-04-07T03:12:21","modified_gmt":"2024-04-07T03:12:21","slug":"funda-para-pene-vibradora-doble-penetracion-recargable","status":"publish","type":"product","link":"https:\/\/plumbuss.com\/?product=funda-para-pene-vibradora-doble-penetracion-recargable","title":{"rendered":"Funda Para Pene Vibradora Doble Penetracion Recargable"},"content":{"rendered":"<div class=\"ui-vpp-striped-specs\">\n<div class=\"ui-vpp-striped-specs__table\">\n<h3 class=\"ui-vpp-striped-specs__header\">Caracter\u00edsticas principales<\/h3>\n<table class=\"andes-table\">\n<tbody class=\"andes-table__body\">\n<tr class=\"andes-table__row ui-vpp-striped-specs__row\">\n<th class=\"andes-table__header andes-table__header--left ui-vpp-striped-specs__row__column ui-vpp-striped-specs__row__column--id\" scope=\"col\">\n<div class=\"andes-table__header__container\">Marca<\/div>\n<\/th>\n<td id=\":R56van9lacd:\" class=\"andes-table__column andes-table__column--left andes-table__column--vertical-align-center ui-vpp-striped-specs__row__column\" title=\"CalExotics\"><span class=\"andes-table__column--value\">CalExotics<\/span><\/td>\n<\/tr>\n<tr class=\"andes-table__row ui-vpp-striped-specs__row\">\n<th class=\"andes-table__header andes-table__header--left ui-vpp-striped-specs__row__column ui-vpp-striped-specs__row__column--id\" scope=\"col\">\n<div class=\"andes-table__header__container\">Modelo<\/div>\n<\/th>\n<td id=\":R57fan9lacd:\" class=\"andes-table__column andes-table__column--left andes-table__column--vertical-align-center ui-vpp-striped-specs__row__column\" title=\"Performance Maxx\"><span class=\"andes-table__column--value\">Performance Maxx<\/span><\/td>\n<\/tr>\n<\/tbody>\n<\/table>\n<\/div>\n<\/div>\n<div class=\"ui-vpp-striped-specs\">\n<div class=\"ui-vpp-striped-specs__table\">\n<h3 class=\"ui-vpp-striped-specs__header\">Otras caracter\u00edsticas<\/h3>\n<table class=\"andes-table\">\n<tbody class=\"andes-table__body\">\n<tr class=\"andes-table__row ui-vpp-striped-specs__row\">\n<th class=\"andes-table__header andes-table__header--left ui-vpp-striped-specs__row__column ui-vpp-striped-specs__row__column--id\" scope=\"col\">\n<div class=\"andes-table__header__container\">Largo total<\/div>\n<\/th>\n<td id=\":Racvcn9lacd:\" class=\"andes-table__column andes-table__column--left andes-table__column--vertical-align-center ui-vpp-striped-specs__row__column\" title=\"14 cm\"><span class=\"andes-table__column--value\">14 cm<\/span><\/td>\n<\/tr>\n<tr class=\"andes-table__row ui-vpp-striped-specs__row\">\n<th class=\"andes-table__header andes-table__header--left ui-vpp-striped-specs__row__column ui-vpp-striped-specs__row__column--id\" scope=\"col\">\n<div class=\"andes-table__header__container\">Di\u00e1metro de la funda peniana<\/div>\n<\/th>\n<td id=\":Radfcn9lacd:\" class=\"andes-table__column andes-table__column--left andes-table__column--vertical-align-center ui-vpp-striped-specs__row__column\" title=\"3.5 cm\"><span class=\"andes-table__column--value\">3.5 cm<\/span><\/td>\n<\/tr>\n<tr class=\"andes-table__row ui-vpp-striped-specs__row\">\n<th class=\"andes-table__header andes-table__header--left ui-vpp-striped-specs__row__column ui-vpp-striped-specs__row__column--id\" scope=\"col\">\n<div class=\"andes-table__header__container\">Material<\/div>\n<\/th>\n<td id=\":Radvcn9lacd:\" class=\"andes-table__column andes-table__column--left andes-table__column--vertical-align-center ui-vpp-striped-specs__row__column\" title=\"Silicona\"><span class=\"andes-table__column--value\">Silicona<\/span><\/td>\n<\/tr>\n<tr class=\"andes-table__row ui-vpp-striped-specs__row\">\n<th class=\"andes-table__header andes-table__header--left ui-vpp-striped-specs__row__column ui-vpp-striped-specs__row__column--id\" scope=\"col\">\n<div class=\"andes-table__header__container\">Incluye vibrador<\/div>\n<\/th>\n<td id=\":Raefcn9lacd:\" class=\"andes-table__column andes-table__column--left andes-table__column--vertical-align-center ui-vpp-striped-specs__row__column\" title=\"S\u00ed\"><span class=\"andes-table__column--value\">S\u00ed<\/span><\/td>\n<\/tr>\n<\/tbody>\n<\/table>\n<\/div>\n<\/div>\n","protected":false},"excerpt":{"rendered":"<p>Disfrute del placer er\u00f3tico de la doble penetraci\u00f3n con el penetrador dual recargable Performance Maxx\u2122. El potenciador de sonda de contorno sensual est\u00e1 dise\u00f1ado para el \u00e9xtasis anal con una sonda vibratoria de sensaci\u00f3n real, anillos de soporte incorporados y 10 funciones de vibraci\u00f3n que hace temblar las rodillas. El c\u00f3modo dise\u00f1o de doble anillo proporciona soporte adicional para el escroto y el eje para una diversi\u00f3n prolongada de doble penetraci\u00f3n.<\/p>\n<p>El eje retumba con 10 funciones de vibraci\u00f3n para sumergirse profundamente en el emocionante placer de la puerta trasera. Para una mayor sensibilidad y el m\u00e1ximo placer org\u00e1smico, utilice siempre un lubricante de calidad con este juguete. Realice sus fantas\u00edas secretas de tr\u00edos con la emocionante sonda curva con textura y cabeza realistas.<\/p>\n<p>La sonda de forma er\u00f3tica maximiza el placer de la penetraci\u00f3n y tambi\u00e9n ayuda a mantener una erecci\u00f3n dura como una roca para una mayor satisfacci\u00f3n del desempe\u00f1o. Recarga tu placer en poco tiempo con un tiempo de carga de 1,5 horas y disfruta de un tiempo de reproducci\u00f3n de hasta 90 minutos.<\/p>\n<p>Medidas:<br \/>\n5,5 x 1,25 pulgadas\/14 cm x 3,25 cm (sonda)<br \/>\n3,25 cm\/1,25 pulgadas (di\u00e1metro &#8211; anillo del eje)<br \/>\n3,75 cm\/1,5 pulgadas (di\u00e1metro &#8211; anillo del escroto)<\/p>\n<p>Color: Flesh<\/p>\n<p>Garant\u00eda del vendedor: 30 d\u00edas<\/p>\n","protected":false},"featured_media":3607,"comment_status":"open","ping_status":"closed","template":"","meta":[],"product_cat":[19],"product_tag":[49,20,71,21,50,73,47],"_links":{"self":[{"href":"https:\/\/plumbuss.com\/index.php?rest_route=\/wp\/v2\/product\/3605"}],"collection":[{"href":"https:\/\/plumbuss.com\/index.php?rest_route=\/wp\/v2\/product"}],"about":[{"href":"https:\/\/plumbuss.com\/index.php?rest_route=\/wp\/v2\/types\/product"}],"replies":[{"embeddable":true,"href":"https:\/\/plumbuss.com\/index.php?rest_route=%2Fwp%2Fv2%2Fcomments&post=3605"}],"wp:featuredmedia":[{"embeddable":true,"href":"https:\/\/plumbuss.com\/index.php?rest_route=\/wp\/v2\/media\/3607"}],"wp:attachment":[{"href":"https:\/\/plumbuss.com\/index.php?rest_route=%2Fwp%2Fv2%2Fmedia&parent=3605"}],"wp:term":[{"taxonomy":"product_cat","embeddable":true,"href":"https:\/\/plumbuss.com\/index.php?rest_route=%2Fwp%2Fv2%2Fproduct_cat&post=3605"},{"taxonomy":"product_tag","embeddable":true,"href":"https:\/\/plumbuss.com\/index.php?rest_route=%2Fwp%2Fv2%2Fproduct_tag&post=3605"}],"curies":[{"name":"wp","href":"https:\/\/api.w.org\/{rel}","templated":true}]}}