{"id":3566,"date":"2023-11-16T02:11:35","date_gmt":"2023-11-16T02:11:35","guid":{"rendered":"https:\/\/plumbuss.com\/?post_type=product&#038;p=3566"},"modified":"2025-11-17T02:57:56","modified_gmt":"2025-11-17T02:57:56","slug":"plug-anal-colas-intercambiables-kit-de-3-zorro-conejo","status":"publish","type":"product","link":"https:\/\/plumbuss.com\/?product=plug-anal-colas-intercambiables-kit-de-3-zorro-conejo","title":{"rendered":"Plug Anal Colas Intercambiables Kit De 3 (zorro-conejo)"},"content":{"rendered":"<div class=\"ui-vpp-striped-specs\">\n<div class=\"ui-vpp-striped-specs__table\">\n<h3 class=\"ui-vpp-striped-specs__header\">Caracter\u00edsticas principales<\/h3>\n<table class=\"andes-table\">\n<tbody class=\"andes-table__body\">\n<tr class=\"andes-table__row ui-vpp-striped-specs__row\">\n<th class=\"andes-table__header andes-table__header--left ui-vpp-striped-specs__row__column ui-vpp-striped-specs__row__column--id\" scope=\"col\">\n<div class=\"andes-table__header__container\">Marca<\/div>\n<\/th>\n<td id=\":R56van9lacd:\" class=\"andes-table__column andes-table__column--left andes-table__column--vertical-align-center ui-vpp-striped-specs__row__column\" title=\"TAILZ\"><span class=\"andes-table__column--value\">TAILZ<\/span><\/td>\n<\/tr>\n<tr class=\"andes-table__row ui-vpp-striped-specs__row\">\n<th class=\"andes-table__header andes-table__header--left ui-vpp-striped-specs__row__column ui-vpp-striped-specs__row__column--id\" scope=\"col\">\n<div class=\"andes-table__header__container\">Modelo<\/div>\n<\/th>\n<td id=\":R57fan9lacd:\" class=\"andes-table__column andes-table__column--left andes-table__column--vertical-align-center ui-vpp-striped-specs__row__column\" title=\"Set Colas Intercambiables\"><span class=\"andes-table__column--value\">Set Colas Intercambiables<\/span><\/td>\n<\/tr>\n<tr class=\"andes-table__row ui-vpp-striped-specs__row\">\n<th class=\"andes-table__header andes-table__header--left ui-vpp-striped-specs__row__column ui-vpp-striped-specs__row__column--id\" scope=\"col\">\n<div class=\"andes-table__header__container\">Color<\/div>\n<\/th>\n<td id=\":R57van9lacd:\" class=\"andes-table__column andes-table__column--left andes-table__column--vertical-align-center ui-vpp-striped-specs__row__column\" title=\"Gris oscuro Blanco Rosa\"><span class=\"andes-table__column--value\">Gris oscuro Blanco Rosa<\/span><\/td>\n<\/tr>\n<\/tbody>\n<\/table>\n<\/div>\n<\/div>\n<div class=\"ui-vpp-striped-specs\">\n<div class=\"ui-vpp-striped-specs__table\">\n<h3 class=\"ui-vpp-striped-specs__header\">Otras caracter\u00edsticas<\/h3>\n<table class=\"andes-table\">\n<tbody class=\"andes-table__body\">\n<tr class=\"andes-table__row ui-vpp-striped-specs__row\">\n<th class=\"andes-table__header andes-table__header--left ui-vpp-striped-specs__row__column ui-vpp-striped-specs__row__column--id\" scope=\"col\">\n<div class=\"andes-table__header__container\">Material<\/div>\n<\/th>\n<td id=\":R56vcn9lacd:\" class=\"andes-table__column andes-table__column--left andes-table__column--vertical-align-center ui-vpp-striped-specs__row__column\" title=\"Silicona, ABS, Poliester\"><span class=\"andes-table__column--value\">Silicona, ABS, Poliester<\/span><\/td>\n<\/tr>\n<tr class=\"andes-table__row ui-vpp-striped-specs__row\">\n<th class=\"andes-table__header andes-table__header--left ui-vpp-striped-specs__row__column ui-vpp-striped-specs__row__column--id\" scope=\"col\">\n<div class=\"andes-table__header__container\">Largo x Ancho<\/div>\n<\/th>\n<td id=\":R57fcn9lacd:\" class=\"andes-table__column andes-table__column--left andes-table__column--vertical-align-center ui-vpp-striped-specs__row__column\" title=\"8 cm x 3.3 cm\"><span class=\"andes-table__column--value\">8 cm x 3.3 cm<\/span><\/td>\n<\/tr>\n<tr class=\"andes-table__row ui-vpp-striped-specs__row\">\n<th class=\"andes-table__header andes-table__header--left ui-vpp-striped-specs__row__column ui-vpp-striped-specs__row__column--id\" scope=\"col\">\n<div class=\"andes-table__header__container\">Con vibraci\u00f3n<\/div>\n<\/th>\n<td id=\":R57vcn9lacd:\" class=\"andes-table__column andes-table__column--left andes-table__column--vertical-align-center ui-vpp-striped-specs__row__column\" title=\"No\"><span class=\"andes-table__column--value\">No<\/span><\/td>\n<\/tr>\n<\/tbody>\n<\/table>\n<\/div>\n<\/div>\n","protected":false},"excerpt":{"rendered":"<p>Para todos los entusiastas del juego con animales, \u00a1disfruten de este tr\u00edo de colas para jugar!<br \/>\nEste kit ofrece una cola de zorro blanca, una cola de zorro gris y una cola de conejo rosa. Completo con un tap\u00f3n anal de silicona para sujetar las colas, \u00a1este kit te ofrece opciones para jugar como depredador o como presa!<\/p>\n<p>\u00a1Combina tus colas de piel sint\u00e9tica, aptas para veganos, con un conjunto o accesorios a juego para darle vida a tu animal! Disfrute del juego primario con diferentes personalidades; la cola de zorro blanca invernal resalta lo inocente y recatado, la cola de conejo rosa est\u00e1 esperando para entrar en acci\u00f3n y hacer que t\u00fa y tu pareja se sonrojen mientras mueves tu trasero y coqueteas, y la cola de zorro gris es ruda, juguetona y lista para saltar. sobre su presa!<\/p>\n<p>Disfruta usando un plug al que podr\u00e1s dejar que tu cuerpo se acostumbre con este fant\u00e1stico kit. La punta c\u00f3nica de este tap\u00f3n anal de silicona es f\u00e1cil de insertar para principiantes o entusiastas anales experimentados. Hecho de materiales libres de ftalatos y seguros para el cuerpo, \u00a1puedes disfrutar de diversi\u00f3n sin preocupaciones mientras te sumerges en tu escena primaria! \u00a1La piel sint\u00e9tica es suave y esponjosa, las colas de zorro son fant\u00e1sticas para balancearse y balancearse y las colas de conejo le dan a tu trasero un poco m\u00e1s de movimiento! \u00bfPor qu\u00e9 elegir uno cuando puedes cambiar entre tres?<\/p>\n<p>Limpie la cola despu\u00e9s de su uso con un pa\u00f1o h\u00famedo y s\u00e9quela con secador seg\u00fan sea necesario. Lave el enchufe con agua tibia y jab\u00f3n y luego roc\u00edelo con un limpiador de juguetes antes de secarlo y guardarlo en un lugar fresco y oscuro.<\/p>\n<p>Medidas:<br \/>\nLongitud insertable del enchufe: 3,2 pulgadas (8.1 cm)<br \/>\nDi\u00e1metro insertable m\u00e1s ancho: 1,3 pulgadas. (3.3 cm)<br \/>\nLongitud de la cola de conejito: 5 pulgadas (12.7 cm)<br \/>\nLongitud de la cola de zorro gris: 20 pulgadas ( 50.8 cm)<br \/>\nLongitud de la cola de zorro blanco: 18,5 pulgadas. (46.99 cm)<\/p>\n<p>***PERMITE MARGEN DE ERROR DE +\/- 1 CM***<\/p>\n<p>Materiales: Silicona, pl\u00e1stico ABS, poli\u00e9ster<\/p>\n<p>Color: Enchufe: Negro. Colas: rosa, blanco, gris.<\/p>\n<p>Nota: \u00daselo \u00fanicamente con lubricante a base de agua.<\/p>\n<p>Garant\u00eda del vendedor: 30 d\u00edas<\/p>\n","protected":false},"featured_media":3574,"comment_status":"open","ping_status":"closed","template":"","meta":[],"product_cat":[25],"product_tag":[33,27],"_links":{"self":[{"href":"https:\/\/plumbuss.com\/index.php?rest_route=\/wp\/v2\/product\/3566"}],"collection":[{"href":"https:\/\/plumbuss.com\/index.php?rest_route=\/wp\/v2\/product"}],"about":[{"href":"https:\/\/plumbuss.com\/index.php?rest_route=\/wp\/v2\/types\/product"}],"replies":[{"embeddable":true,"href":"https:\/\/plumbuss.com\/index.php?rest_route=%2Fwp%2Fv2%2Fcomments&post=3566"}],"wp:featuredmedia":[{"embeddable":true,"href":"https:\/\/plumbuss.com\/index.php?rest_route=\/wp\/v2\/media\/3574"}],"wp:attachment":[{"href":"https:\/\/plumbuss.com\/index.php?rest_route=%2Fwp%2Fv2%2Fmedia&parent=3566"}],"wp:term":[{"taxonomy":"product_cat","embeddable":true,"href":"https:\/\/plumbuss.com\/index.php?rest_route=%2Fwp%2Fv2%2Fproduct_cat&post=3566"},{"taxonomy":"product_tag","embeddable":true,"href":"https:\/\/plumbuss.com\/index.php?rest_route=%2Fwp%2Fv2%2Fproduct_tag&post=3566"}],"curies":[{"name":"wp","href":"https:\/\/api.w.org\/{rel}","templated":true}]}}