{"id":3561,"date":"2023-11-16T02:07:12","date_gmt":"2023-11-16T02:07:12","guid":{"rendered":"https:\/\/plumbuss.com\/?post_type=product&#038;p=3561"},"modified":"2025-09-26T23:16:21","modified_gmt":"2025-09-26T23:16:21","slug":"liquid-virgin","status":"publish","type":"product","link":"https:\/\/plumbuss.com\/?product=liquid-virgin","title":{"rendered":"Liquid Virgin"},"content":{"rendered":"","protected":false},"excerpt":{"rendered":"<p>REJUVENECEDOR VAGINAL!<\/p>\n<p>Estrechador Primera Vez Fresa Liquid virgin 30 mL<\/p>\n<p>Es un lubricante sedoso e hidratante vaginal, que refuerza las paredes de la vagina para crear una sensaci\u00f3n de presi\u00f3n, d\u00e1ndote una mayor estimulaci\u00f3n y as\u00ed ayudarte a alcanzar un intenso orgasmo. ! Como tu primera vez \u00a1 Liquid virgin estrechar\u00e1 tu vagina y sentir\u00e1s como tu primera vez nuevamente\u2026Estrechante vaginal<br \/>\nContrae las paredes vaginales temporalmente<br \/>\nAumenta el placer sexual<br \/>\nCrea una sensaci\u00f3n de presi\u00f3n<br \/>\nF\u00f3rmula a base de agua<br \/>\nHidratante<br \/>\nAroma a fresas perfumadas<br \/>\nCompatible con el l\u00e1tex<br \/>\nSensaciones para \u00e9l y para ella<br \/>\nF\u00e1cil de usar y retirar<br \/>\nOrgasmos m\u00e0s intensos<br \/>\nContenido: tubo con 30 ml<br \/>\nModo de uso:<br \/>\nAplica una peque\u00f1a cantidad en el interior en la vagina, d\u00e1ndote peque\u00f1os masajes aproximadamente 15 minutos antes del coito..<\/p>\n","protected":false},"featured_media":3565,"comment_status":"open","ping_status":"closed","template":"","meta":[],"product_cat":[22],"product_tag":[74,24,23],"_links":{"self":[{"href":"https:\/\/plumbuss.com\/index.php?rest_route=\/wp\/v2\/product\/3561"}],"collection":[{"href":"https:\/\/plumbuss.com\/index.php?rest_route=\/wp\/v2\/product"}],"about":[{"href":"https:\/\/plumbuss.com\/index.php?rest_route=\/wp\/v2\/types\/product"}],"replies":[{"embeddable":true,"href":"https:\/\/plumbuss.com\/index.php?rest_route=%2Fwp%2Fv2%2Fcomments&post=3561"}],"wp:featuredmedia":[{"embeddable":true,"href":"https:\/\/plumbuss.com\/index.php?rest_route=\/wp\/v2\/media\/3565"}],"wp:attachment":[{"href":"https:\/\/plumbuss.com\/index.php?rest_route=%2Fwp%2Fv2%2Fmedia&parent=3561"}],"wp:term":[{"taxonomy":"product_cat","embeddable":true,"href":"https:\/\/plumbuss.com\/index.php?rest_route=%2Fwp%2Fv2%2Fproduct_cat&post=3561"},{"taxonomy":"product_tag","embeddable":true,"href":"https:\/\/plumbuss.com\/index.php?rest_route=%2Fwp%2Fv2%2Fproduct_tag&post=3561"}],"curies":[{"name":"wp","href":"https:\/\/api.w.org\/{rel}","templated":true}]}}