{"id":3433,"date":"2023-11-15T23:33:02","date_gmt":"2023-11-15T23:33:02","guid":{"rendered":"https:\/\/plumbuss.com\/?post_type=product&#038;p=3433"},"modified":"2025-01-30T00:22:56","modified_gmt":"2025-01-30T00:22:56","slug":"vibrador-con-testiculos-latino-7-x5","status":"publish","type":"product","link":"https:\/\/plumbuss.com\/?product=vibrador-con-testiculos-latino-7-x5","title":{"rendered":"Vibrador con Testiculos Latino 7&#8243; X5"},"content":{"rendered":"<div class=\"ui-vpp-striped-specs\">\n<div class=\"ui-vpp-striped-specs__table\">\n<h3 class=\"ui-vpp-striped-specs__header\">Caracter\u00edsticas principales<\/h3>\n<table class=\"andes-table\">\n<tbody class=\"andes-table__body\">\n<tr class=\"andes-table__row ui-vpp-striped-specs__row\">\n<th class=\"andes-table__header andes-table__header--left ui-vpp-striped-specs__row__column ui-vpp-striped-specs__row__column--id\" scope=\"col\">\n<div class=\"andes-table__header__container\">Marca<\/div>\n<\/th>\n<td id=\":R56van9lacd:\" class=\"andes-table__column andes-table__column--left andes-table__column--vertical-align-center ui-vpp-striped-specs__row__column\" title=\"Blush Novelties\"><span class=\"andes-table__column--value\">Blush Novelties<\/span><\/td>\n<\/tr>\n<tr class=\"andes-table__row ui-vpp-striped-specs__row\">\n<th class=\"andes-table__header andes-table__header--left ui-vpp-striped-specs__row__column ui-vpp-striped-specs__row__column--id\" scope=\"col\">\n<div class=\"andes-table__header__container\">Modelo<\/div>\n<\/th>\n<td id=\":R57fan9lacd:\" class=\"andes-table__column andes-table__column--left andes-table__column--vertical-align-center ui-vpp-striped-specs__row__column\" title=\"X5 Plus - 7&quot; Vibrating Cock - Latin\"><span class=\"andes-table__column--value\">X5 Plus &#8211; 7&#8243; Vibrating Cock &#8211; Latin<\/span><\/td>\n<\/tr>\n<\/tbody>\n<\/table>\n<\/div>\n<\/div>\n<div class=\"ui-vpp-striped-specs\">\n<div class=\"ui-vpp-striped-specs__table\">\n<h3 class=\"ui-vpp-striped-specs__header\">Otras caracter\u00edsticas<\/h3>\n<table class=\"andes-table\">\n<tbody class=\"andes-table__body\">\n<tr class=\"andes-table__row ui-vpp-striped-specs__row\">\n<th class=\"andes-table__header andes-table__header--left ui-vpp-striped-specs__row__column ui-vpp-striped-specs__row__column--id\" scope=\"col\">\n<div class=\"andes-table__header__container\">Tipo de vibrador<\/div>\n<\/th>\n<td id=\":Racvcn9lacd:\" class=\"andes-table__column andes-table__column--left andes-table__column--vertical-align-center ui-vpp-striped-specs__row__column\" title=\"Realista\"><span class=\"andes-table__column--value\">Realista<\/span><\/td>\n<\/tr>\n<tr class=\"andes-table__row ui-vpp-striped-specs__row\">\n<th class=\"andes-table__header andes-table__header--left ui-vpp-striped-specs__row__column ui-vpp-striped-specs__row__column--id\" scope=\"col\">\n<div class=\"andes-table__header__container\">Largo<\/div>\n<\/th>\n<td id=\":Radfcn9lacd:\" class=\"andes-table__column andes-table__column--left andes-table__column--vertical-align-center ui-vpp-striped-specs__row__column\" title=\"17 cm\"><span class=\"andes-table__column--value\">17 cm<\/span><\/td>\n<\/tr>\n<tr class=\"andes-table__row ui-vpp-striped-specs__row\">\n<th class=\"andes-table__header andes-table__header--left ui-vpp-striped-specs__row__column ui-vpp-striped-specs__row__column--id\" scope=\"col\">\n<div class=\"andes-table__header__container\">Di\u00e1metro<\/div>\n<\/th>\n<td id=\":Radvcn9lacd:\" class=\"andes-table__column andes-table__column--left andes-table__column--vertical-align-center ui-vpp-striped-specs__row__column\" title=\"11 cm\"><span class=\"andes-table__column--value\">11 cm<\/span><\/td>\n<\/tr>\n<tr class=\"andes-table__row ui-vpp-striped-specs__row\">\n<th class=\"andes-table__header andes-table__header--left ui-vpp-striped-specs__row__column ui-vpp-striped-specs__row__column--id\" scope=\"col\">\n<div class=\"andes-table__header__container\">Tipo de alimentaci\u00f3n<\/div>\n<\/th>\n<td id=\":Raefcn9lacd:\" class=\"andes-table__column andes-table__column--left andes-table__column--vertical-align-center ui-vpp-striped-specs__row__column\" title=\"Pilas\"><span class=\"andes-table__column--value\">Pilas<\/span><\/td>\n<\/tr>\n<\/tbody>\n<\/table>\n<\/div>\n<\/div>\n","protected":false},"excerpt":{"rendered":"<p>Si est\u00e1s buscando una polla y pelotas vibrantes multi velocidad, impermeables, latinas, latinas y realistas para acelerar y explotar tus sentidos er\u00f3ticos, \u00a1no busques m\u00e1s! Blush Novelties X5 7 pulgadas Cock and Balls est\u00e1 hecho de un material extraordinario libre de ftalatos que hace un excelente trabajo imitando la sensaci\u00f3n flexible, suave y sensual de la piel real. Este elemento satisfactorio se calienta r\u00e1pidamente con el calor de su cuerpo y es a\u00fan mejor si remoja el eje durante unos minutos antes en agua tibia para darle una sensaci\u00f3n a\u00fan m\u00e1s realista a su sesi\u00f3n individual o de pareja. Incluso puedes poner la manga de la polla y la pelota en CUALQUIER vibrador que tengas que cambiarlo un poco, \u00a1ahora eso se est\u00e1 haciendo m\u00e1s rentable, literalmente! \u00a1Todo lo que TIENES que hacer es lubricar y disfrutar tu X-tasy 5 veces m\u00e1s!Requiere 2 bater\u00edas AA, no incluidas.<\/p>\n","protected":false},"featured_media":3434,"comment_status":"open","ping_status":"closed","template":"","meta":[],"product_cat":[51],"product_tag":[],"_links":{"self":[{"href":"https:\/\/plumbuss.com\/index.php?rest_route=\/wp\/v2\/product\/3433"}],"collection":[{"href":"https:\/\/plumbuss.com\/index.php?rest_route=\/wp\/v2\/product"}],"about":[{"href":"https:\/\/plumbuss.com\/index.php?rest_route=\/wp\/v2\/types\/product"}],"replies":[{"embeddable":true,"href":"https:\/\/plumbuss.com\/index.php?rest_route=%2Fwp%2Fv2%2Fcomments&post=3433"}],"wp:featuredmedia":[{"embeddable":true,"href":"https:\/\/plumbuss.com\/index.php?rest_route=\/wp\/v2\/media\/3434"}],"wp:attachment":[{"href":"https:\/\/plumbuss.com\/index.php?rest_route=%2Fwp%2Fv2%2Fmedia&parent=3433"}],"wp:term":[{"taxonomy":"product_cat","embeddable":true,"href":"https:\/\/plumbuss.com\/index.php?rest_route=%2Fwp%2Fv2%2Fproduct_cat&post=3433"},{"taxonomy":"product_tag","embeddable":true,"href":"https:\/\/plumbuss.com\/index.php?rest_route=%2Fwp%2Fv2%2Fproduct_tag&post=3433"}],"curies":[{"name":"wp","href":"https:\/\/api.w.org\/{rel}","templated":true}]}}