{"id":3382,"date":"2023-11-15T22:41:12","date_gmt":"2023-11-15T22:41:12","guid":{"rendered":"https:\/\/plumbuss.com\/?post_type=product&#038;p=3382"},"modified":"2025-04-02T22:41:46","modified_gmt":"2025-04-02T22:41:46","slug":"dildo-eyaculador-densidad-doble-8-pulgadas","status":"publish","type":"product","link":"https:\/\/plumbuss.com\/?product=dildo-eyaculador-densidad-doble-8-pulgadas","title":{"rendered":"Dildo Eyaculador Densidad Doble 8 Pulgadas"},"content":{"rendered":"<div class=\"ui-vpp-striped-specs\">\n<div class=\"ui-vpp-striped-specs__table\">\n<h3 class=\"ui-vpp-striped-specs__header\">Caracter\u00edsticas principales<\/h3>\n<table class=\"andes-table\">\n<tbody class=\"andes-table__body\">\n<tr class=\"andes-table__row ui-vpp-striped-specs__row\">\n<th class=\"andes-table__header andes-table__header--left ui-vpp-striped-specs__row__column ui-vpp-striped-specs__row__column--id\" scope=\"col\">\n<div class=\"andes-table__header__container\">Marca<\/div>\n<\/th>\n<td id=\":Racvan9lacd:\" class=\"andes-table__column andes-table__column--left andes-table__column--vertical-align-center ui-vpp-striped-specs__row__column\" title=\"Loadz\"><span class=\"andes-table__column--value\">Loadz<\/span><\/td>\n<\/tr>\n<tr class=\"andes-table__row ui-vpp-striped-specs__row\">\n<th class=\"andes-table__header andes-table__header--left ui-vpp-striped-specs__row__column ui-vpp-striped-specs__row__column--id\" scope=\"col\">\n<div class=\"andes-table__header__container\">L\u00ednea<\/div>\n<\/th>\n<td id=\":Radfan9lacd:\" class=\"andes-table__column andes-table__column--left andes-table__column--vertical-align-center ui-vpp-striped-specs__row__column\" title=\"Double Density\"><span class=\"andes-table__column--value\">Double Density<\/span><\/td>\n<\/tr>\n<tr class=\"andes-table__row ui-vpp-striped-specs__row\">\n<th class=\"andes-table__header andes-table__header--left ui-vpp-striped-specs__row__column ui-vpp-striped-specs__row__column--id\" scope=\"col\">\n<div class=\"andes-table__header__container\">Modelo<\/div>\n<\/th>\n<td id=\":Radvan9lacd:\" class=\"andes-table__column andes-table__column--left andes-table__column--vertical-align-center ui-vpp-striped-specs__row__column\" title=\"Eyaculador con testiculos\"><span class=\"andes-table__column--value\">Eyaculador con testiculos<\/span><\/td>\n<\/tr>\n<tr class=\"andes-table__row ui-vpp-striped-specs__row\">\n<th class=\"andes-table__header andes-table__header--left ui-vpp-striped-specs__row__column ui-vpp-striped-specs__row__column--id\" scope=\"col\">\n<div class=\"andes-table__header__container\">Largo total<\/div>\n<\/th>\n<td id=\":Raefan9lacd:\" class=\"andes-table__column andes-table__column--left andes-table__column--vertical-align-center ui-vpp-striped-specs__row__column\" title=\"21 cm\"><span class=\"andes-table__column--value\">21 cm<\/span><\/td>\n<\/tr>\n<tr class=\"andes-table__row ui-vpp-striped-specs__row\">\n<th class=\"andes-table__header andes-table__header--left ui-vpp-striped-specs__row__column ui-vpp-striped-specs__row__column--id\" scope=\"col\">\n<div class=\"andes-table__header__container\">Di\u00e1metro<\/div>\n<\/th>\n<td id=\":Raevan9lacd:\" class=\"andes-table__column andes-table__column--left andes-table__column--vertical-align-center ui-vpp-striped-specs__row__column\" title=\"5 cm\"><span class=\"andes-table__column--value\">5 cm<\/span><\/td>\n<\/tr>\n<\/tbody>\n<\/table>\n<\/div>\n<\/div>\n<div class=\"ui-vpp-striped-specs\">\n<div class=\"ui-vpp-striped-specs__table\">\n<h3 class=\"ui-vpp-striped-specs__header\">Otras caracter\u00edsticas<\/h3>\n<table class=\"andes-table\">\n<tbody class=\"andes-table__body\">\n<tr class=\"andes-table__row ui-vpp-striped-specs__row\">\n<th class=\"andes-table__header andes-table__header--left ui-vpp-striped-specs__row__column ui-vpp-striped-specs__row__column--id\" scope=\"col\">\n<div class=\"andes-table__header__container\">Forma del dildo<\/div>\n<\/th>\n<td id=\":Racvcn9lacd:\" class=\"andes-table__column andes-table__column--left andes-table__column--vertical-align-center ui-vpp-striped-specs__row__column\" title=\"Realista con test\u00edculos\"><span class=\"andes-table__column--value\">Realista con test\u00edculos<\/span><\/td>\n<\/tr>\n<tr class=\"andes-table__row ui-vpp-striped-specs__row\">\n<th class=\"andes-table__header andes-table__header--left ui-vpp-striped-specs__row__column ui-vpp-striped-specs__row__column--id\" scope=\"col\">\n<div class=\"andes-table__header__container\">Material<\/div>\n<\/th>\n<td id=\":Radfcn9lacd:\" class=\"andes-table__column andes-table__column--left andes-table__column--vertical-align-center ui-vpp-striped-specs__row__column\" title=\"TPR\"><span class=\"andes-table__column--value\">TPR<\/span><\/td>\n<\/tr>\n<tr class=\"andes-table__row ui-vpp-striped-specs__row\">\n<th class=\"andes-table__header andes-table__header--left ui-vpp-striped-specs__row__column ui-vpp-striped-specs__row__column--id\" scope=\"col\">\n<div class=\"andes-table__header__container\">Con ventosa<\/div>\n<\/th>\n<td id=\":Radvcn9lacd:\" class=\"andes-table__column andes-table__column--left andes-table__column--vertical-align-center ui-vpp-striped-specs__row__column\" title=\"S\u00ed\"><span class=\"andes-table__column--value\">S\u00ed<\/span><\/td>\n<\/tr>\n<tr class=\"andes-table__row ui-vpp-striped-specs__row\">\n<th class=\"andes-table__header andes-table__header--left ui-vpp-striped-specs__row__column ui-vpp-striped-specs__row__column--id\" scope=\"col\">\n<div class=\"andes-table__header__container\">Es compatible con arn\u00e9s<\/div>\n<\/th>\n<td id=\":Raefcn9lacd:\" class=\"andes-table__column andes-table__column--left andes-table__column--vertical-align-center ui-vpp-striped-specs__row__column\" title=\"No\"><span class=\"andes-table__column--value\">No<\/span><\/td>\n<\/tr>\n<\/tbody>\n<\/table>\n<\/div>\n<\/div>\n","protected":false},"excerpt":{"rendered":"<p>\u00a1Disfruta de un delicioso consolador de doble densidad y ofrece un espect\u00e1culo para tu amante o tus fans con este pene carnoso, satisfactorio y chorreante! Los amantes de la eyaculaci\u00f3n disfrutar\u00e1n del sencillo dise\u00f1o de apretar y rociar: \u00faselo con su amante y c\u00fabralo con el l\u00edquido de su elecci\u00f3n. \u00a1Perfecto para usar con un lubricante para semen realista, este consolador de doble densidad est\u00e1 dise\u00f1ado para quienes tienen hambre de semen!<\/p>\n<p>Este dong chorreador es compatible con l\u00edquidos tanto espesos como finos. Llene este eje con lubricante espeso con la ayuda de una jeringa o un lanzador de lubricante, mientras que los l\u00edquidos finos pueden llenarse simplemente con la succi\u00f3n natural del dep\u00f3sito de l\u00edquido interno: apriete las bolas para dejar salir el aire y sum\u00e9rjalas en el l\u00edquido fino. l\u00edquido de tu elecci\u00f3n. \u00a1Suelta las bolas para succionar el l\u00edquido dentro del consolador y disfruta!<\/p>\n<p>Para una eyaculaci\u00f3n m\u00e1s explosiva, use un lubricante m\u00e1s diluido o diluya lubricantes espesos con agua para obtener la consistencia que prefiera.<\/p>\n<p>La construcci\u00f3n de doble densidad proporciona a este pene chorreante un exterior lujoso para un m\u00e1ximo placer, con un n\u00facleo interno r\u00edgido para rigidez y satisfacci\u00f3n. \u00a1La cabeza f\u00e1lica definida y los bultos y venas realistas del eje te brindan un relleno realista para satisfacer los ojos mientras chorreas y disparas tu carga sobre ti o tu pareja!<\/p>\n<p>Este consolador viene en polvo para evitar que quede pegajoso y hacer que el consolador sea suave al tacto.<\/p>\n<p>Medidas:<br \/>\nLongitud total 8,3 pulgadas (21.08 cm)<br \/>\nLongitud insertable 6,8 pulgadas (17.27 cm)<br \/>\nDi\u00e1metro insertable m\u00e1s ancho 2 pulgadas (5 cm)<\/p>\n<p>Materiales: TPR<\/p>\n<p>Garant\u00eda del vendedor: 30 d\u00edas<\/p>\n","protected":false},"featured_media":3393,"comment_status":"open","ping_status":"closed","template":"","meta":[],"product_cat":[55],"product_tag":[34,50,76,77],"_links":{"self":[{"href":"https:\/\/plumbuss.com\/index.php?rest_route=\/wp\/v2\/product\/3382"}],"collection":[{"href":"https:\/\/plumbuss.com\/index.php?rest_route=\/wp\/v2\/product"}],"about":[{"href":"https:\/\/plumbuss.com\/index.php?rest_route=\/wp\/v2\/types\/product"}],"replies":[{"embeddable":true,"href":"https:\/\/plumbuss.com\/index.php?rest_route=%2Fwp%2Fv2%2Fcomments&post=3382"}],"wp:featuredmedia":[{"embeddable":true,"href":"https:\/\/plumbuss.com\/index.php?rest_route=\/wp\/v2\/media\/3393"}],"wp:attachment":[{"href":"https:\/\/plumbuss.com\/index.php?rest_route=%2Fwp%2Fv2%2Fmedia&parent=3382"}],"wp:term":[{"taxonomy":"product_cat","embeddable":true,"href":"https:\/\/plumbuss.com\/index.php?rest_route=%2Fwp%2Fv2%2Fproduct_cat&post=3382"},{"taxonomy":"product_tag","embeddable":true,"href":"https:\/\/plumbuss.com\/index.php?rest_route=%2Fwp%2Fv2%2Fproduct_tag&post=3382"}],"curies":[{"name":"wp","href":"https:\/\/api.w.org\/{rel}","templated":true}]}}