{"id":3341,"date":"2024-09-12T03:16:11","date_gmt":"2024-09-12T03:16:11","guid":{"rendered":"https:\/\/plumbuss.com\/?post_type=product&#038;p=3341"},"modified":"2025-01-30T00:04:51","modified_gmt":"2025-01-30T00:04:51","slug":"lubricante-base-agua-hipoarlergico-id-glide-2","status":"publish","type":"product","link":"https:\/\/plumbuss.com\/?product=lubricante-base-agua-hipoarlergico-id-glide-2","title":{"rendered":"Lubricante Base Agua Hip\u00f3arlergico Id Glide"},"content":{"rendered":"<p>El Lubricante ID Glide Sensaci\u00f3n Natural es uno de los lubricantes tanto para hombre como para mujer m\u00e1s vendidos en Espa\u00f1a. Es un lubricante a base de agua que no mancha y se puede utilizar conjuntamente con preservativos. Este lubricante se puede utilizar para casi cualquier situaci\u00f3n sexual en el dormitorio, ya sea durante los juegos preliminares, la penetraci\u00f3n o para el uso en solitario con juguetes sexuales.<\/p>\n<p>Uno de los mejores lubricantes de base acuosa<br \/>\nA base de agua y se puede utilizar con preservativos<br \/>\nNo mancha la ropa o s\u00e1banas<br \/>\nCada bote viene con tapa superior abre-f\u00e1cil<br \/>\nCompatible con juguetes sexuales hechos de silicona<\/p>\n<p>No importa cu\u00e1l sea el escenario sexual en el que te encuentres, ID Glide es el lubricante sexual dise\u00f1ado para todos. \u00c9ste no mancha, es compatible con los preservativos e incluso se puede utilizar con juguetes sexuales. Si sientes como si el lubricante se est\u00e1 secando, no a\u00f1ada m\u00e1s lubricante, basta con aplicar una peque\u00f1a cantidad de agua o saliva para reactivarlo de nuevo<\/p>\n","protected":false},"excerpt":{"rendered":"<div class=\"ui-pdp-specs__table\">\n<table class=\"andes-table\">\n<tbody class=\"andes-table__body\">\n<tr class=\"andes-table__row\">\n<th class=\"andes-table__header andes-table__header--left ui-pdp-specs__table__column ui-pdp-specs__table__column-title\">Marca<\/th>\n<td class=\"andes-table__column andes-table__column--left ui-pdp-specs__table__column\"><span class=\"andes-table__column--value\">GLIDE ID<\/span><\/td>\n<\/tr>\n<tr class=\"andes-table__row\">\n<th class=\"andes-table__header andes-table__header--left ui-pdp-specs__table__column ui-pdp-specs__table__column-title\">Modelo<\/th>\n<td class=\"andes-table__column andes-table__column--left ui-pdp-specs__table__column\"><span class=\"andes-table__column--value\">NATURAL<\/span><\/td>\n<\/tr>\n<tr class=\"andes-table__row\">\n<th class=\"andes-table__header andes-table__header--left ui-pdp-specs__table__column ui-pdp-specs__table__column-title\">Volumen de la unidad<\/th>\n<td class=\"andes-table__column andes-table__column--left ui-pdp-specs__table__column\"><span class=\"andes-table__column--value\">65 mL<\/span><\/td>\n<\/tr>\n<\/tbody>\n<\/table>\n<\/div>\n<h3 class=\"ui-pdp-specs__subtitle\">Otras caracter\u00edsticas<\/h3>\n<div class=\"ui-pdp-list ui-pdp-specs__list\">\n<ul class=\"ui-pdp-list__wrapper\">\n<li class=\"ui-pdp-list__item\">\n<p class=\"ui-pdp-family--REGULAR ui-pdp-list__text\"><span class=\"ui-pdp-color--BLACK ui-pdp-size--XSMALL ui-pdp-family--BOLD\">Efectos<\/span>: Sensaci\u00f3n de humedad no pegajosa<\/p>\n<\/li>\n<li class=\"ui-pdp-list__item\">\n<p class=\"ui-pdp-family--REGULAR ui-pdp-list__text\"><span class=\"ui-pdp-color--BLACK ui-pdp-size--XSMALL ui-pdp-family--BOLD\">Base del producto<\/span>: Agua<\/p>\n<\/li>\n<\/ul>\n<ul class=\"ui-pdp-list__wrapper\">\n<li class=\"ui-pdp-list__item\">\n<p class=\"ui-pdp-family--REGULAR ui-pdp-list__text\"><span class=\"ui-pdp-color--BLACK ui-pdp-size--XSMALL ui-pdp-family--BOLD\">Zonas de aplicaci\u00f3n<\/span>: Zona Intima,Compatible con juguetes y preservativos<\/p>\n<\/li>\n<li class=\"ui-pdp-list__item\">\n<p class=\"ui-pdp-family--REGULAR ui-pdp-list__text\"><span class=\"ui-pdp-color--BLACK ui-pdp-size--XSMALL ui-pdp-family--BOLD\">Unidades por envase<\/span>: 1<\/p>\n<\/li>\n<\/ul>\n<p>LA IMAGEN ES DE REFERENCIA, EL PRODUCTO OFERTADO ES DE 65ML<\/p>\n<\/div>\n","protected":false},"featured_media":2678,"comment_status":"open","ping_status":"closed","template":"","meta":[],"product_cat":[56],"product_tag":[40,24],"_links":{"self":[{"href":"https:\/\/plumbuss.com\/index.php?rest_route=\/wp\/v2\/product\/3341"}],"collection":[{"href":"https:\/\/plumbuss.com\/index.php?rest_route=\/wp\/v2\/product"}],"about":[{"href":"https:\/\/plumbuss.com\/index.php?rest_route=\/wp\/v2\/types\/product"}],"replies":[{"embeddable":true,"href":"https:\/\/plumbuss.com\/index.php?rest_route=%2Fwp%2Fv2%2Fcomments&post=3341"}],"wp:featuredmedia":[{"embeddable":true,"href":"https:\/\/plumbuss.com\/index.php?rest_route=\/wp\/v2\/media\/2678"}],"wp:attachment":[{"href":"https:\/\/plumbuss.com\/index.php?rest_route=%2Fwp%2Fv2%2Fmedia&parent=3341"}],"wp:term":[{"taxonomy":"product_cat","embeddable":true,"href":"https:\/\/plumbuss.com\/index.php?rest_route=%2Fwp%2Fv2%2Fproduct_cat&post=3341"},{"taxonomy":"product_tag","embeddable":true,"href":"https:\/\/plumbuss.com\/index.php?rest_route=%2Fwp%2Fv2%2Fproduct_tag&post=3341"}],"curies":[{"name":"wp","href":"https:\/\/api.w.org\/{rel}","templated":true}]}}