{"id":3284,"date":"2023-11-15T01:23:04","date_gmt":"2023-11-15T01:23:04","guid":{"rendered":"https:\/\/plumbuss.com\/?post_type=product&#038;p=3284"},"modified":"2024-04-15T05:30:39","modified_gmt":"2024-04-15T05:30:39","slug":"dildo-con-ventosa-modelo-reptil-stegosaurus","status":"publish","type":"product","link":"https:\/\/plumbuss.com\/?product=dildo-con-ventosa-modelo-reptil-stegosaurus","title":{"rendered":"Dildo Con Ventosa Modelo Reptil (stegosaurus)"},"content":{"rendered":"<h3 class=\"ui-vpp-striped-specs__header\">Caracter\u00edsticas principales<\/h3>\n<table class=\"andes-table\">\n<tbody class=\"andes-table__body\">\n<tr class=\"andes-table__row ui-vpp-striped-specs__row\">\n<th class=\"andes-table__header andes-table__header--left ui-vpp-striped-specs__row__column ui-vpp-striped-specs__row__column--id\" scope=\"col\">\n<div class=\"andes-table__header__container\">Marca<\/div>\n<\/th>\n<td id=\":Racvan9lacd:\" class=\"andes-table__column andes-table__column--left andes-table__column--vertical-align-center ui-vpp-striped-specs__row__column\" title=\"Creature Cocks\"><span class=\"andes-table__column--value\">Creature Cocks<\/span><\/td>\n<\/tr>\n<tr class=\"andes-table__row ui-vpp-striped-specs__row\">\n<th class=\"andes-table__header andes-table__header--left ui-vpp-striped-specs__row__column ui-vpp-striped-specs__row__column--id\" scope=\"col\">\n<div class=\"andes-table__header__container\">L\u00ednea<\/div>\n<\/th>\n<td id=\":Radfan9lacd:\" class=\"andes-table__column andes-table__column--left andes-table__column--vertical-align-center ui-vpp-striped-specs__row__column\" title=\"Reptil\"><span class=\"andes-table__column--value\">Reptil<\/span><\/td>\n<\/tr>\n<tr class=\"andes-table__row ui-vpp-striped-specs__row\">\n<th class=\"andes-table__header andes-table__header--left ui-vpp-striped-specs__row__column ui-vpp-striped-specs__row__column--id\" scope=\"col\">\n<div class=\"andes-table__header__container\">Modelo<\/div>\n<\/th>\n<td id=\":Radvan9lacd:\" class=\"andes-table__column andes-table__column--left andes-table__column--vertical-align-center ui-vpp-striped-specs__row__column\" title=\"Stegosaurus Puntiagudo\"><span class=\"andes-table__column--value\">Stegosaurus Puntiagudo<\/span><\/td>\n<\/tr>\n<tr class=\"andes-table__row ui-vpp-striped-specs__row\">\n<th class=\"andes-table__header andes-table__header--left ui-vpp-striped-specs__row__column ui-vpp-striped-specs__row__column--id\" scope=\"col\">\n<div class=\"andes-table__header__container\">Largo total<\/div>\n<\/th>\n<td id=\":Raefan9lacd:\" class=\"andes-table__column andes-table__column--left andes-table__column--vertical-align-center ui-vpp-striped-specs__row__column\" title=\"19.3 cm\"><span class=\"andes-table__column--value\">19.3 cm<\/span><\/td>\n<\/tr>\n<tr class=\"andes-table__row ui-vpp-striped-specs__row\">\n<th class=\"andes-table__header andes-table__header--left ui-vpp-striped-specs__row__column ui-vpp-striped-specs__row__column--id\" scope=\"col\">\n<div class=\"andes-table__header__container\">Di\u00e1metro<\/div>\n<\/th>\n<td id=\":Raevan9lacd:\" class=\"andes-table__column andes-table__column--left andes-table__column--vertical-align-center ui-vpp-striped-specs__row__column\" title=\"5.5 cm\"><span class=\"andes-table__column--value\">5.5 cm<\/span><\/td>\n<\/tr>\n<tr class=\"andes-table__row ui-vpp-striped-specs__row\">\n<th class=\"andes-table__header andes-table__header--left ui-vpp-striped-specs__row__column ui-vpp-striped-specs__row__column--id\" scope=\"col\">\n<div class=\"andes-table__header__container\">Color<\/div>\n<\/th>\n<td id=\":Raffan9lacd:\" class=\"andes-table__column andes-table__column--left andes-table__column--vertical-align-center ui-vpp-striped-specs__row__column\" title=\"Verde\"><span class=\"andes-table__column--value\">Verde<\/span><\/td>\n<\/tr>\n<\/tbody>\n<\/table>\n<h3 class=\"ui-vpp-striped-specs__header\">Otras caracter\u00edsticas<\/h3>\n<table class=\"andes-table\">\n<tbody class=\"andes-table__body\">\n<tr class=\"andes-table__row ui-vpp-striped-specs__row\">\n<th class=\"andes-table__header andes-table__header--left ui-vpp-striped-specs__row__column ui-vpp-striped-specs__row__column--id\" scope=\"col\">\n<div class=\"andes-table__header__container\">Forma del dildo<\/div>\n<\/th>\n<td id=\":Racvcn9lacd:\" class=\"andes-table__column andes-table__column--left andes-table__column--vertical-align-center ui-vpp-striped-specs__row__column\" title=\"Puntiagudo con imitacion espinas\"><span class=\"andes-table__column--value\">Puntiagudo con imitacion espinas<\/span><\/td>\n<\/tr>\n<tr class=\"andes-table__row ui-vpp-striped-specs__row\">\n<th class=\"andes-table__header andes-table__header--left ui-vpp-striped-specs__row__column ui-vpp-striped-specs__row__column--id\" scope=\"col\">\n<div class=\"andes-table__header__container\">Material<\/div>\n<\/th>\n<td id=\":Radfcn9lacd:\" class=\"andes-table__column andes-table__column--left andes-table__column--vertical-align-center ui-vpp-striped-specs__row__column\" title=\"Silicona\"><span class=\"andes-table__column--value\">Silicona<\/span><\/td>\n<\/tr>\n<tr class=\"andes-table__row ui-vpp-striped-specs__row\">\n<th class=\"andes-table__header andes-table__header--left ui-vpp-striped-specs__row__column ui-vpp-striped-specs__row__column--id\" scope=\"col\">\n<div class=\"andes-table__header__container\">Con ventosa<\/div>\n<\/th>\n<td id=\":Radvcn9lacd:\" class=\"andes-table__column andes-table__column--left andes-table__column--vertical-align-center ui-vpp-striped-specs__row__column\" title=\"S\u00ed\"><span class=\"andes-table__column--value\">S\u00ed<\/span><\/td>\n<\/tr>\n<tr class=\"andes-table__row ui-vpp-striped-specs__row\">\n<th class=\"andes-table__header andes-table__header--left ui-vpp-striped-specs__row__column ui-vpp-striped-specs__row__column--id\" scope=\"col\">\n<div class=\"andes-table__header__container\">Es compatible con arn\u00e9s<\/div>\n<\/th>\n<td id=\":Raefcn9lacd:\" class=\"andes-table__column andes-table__column--left andes-table__column--vertical-align-center ui-vpp-striped-specs__row__column\" title=\"S\u00ed\"><span class=\"andes-table__column--value\">S\u00ed<\/span><\/td>\n<\/tr>\n<\/tbody>\n<\/table>\n","protected":false},"excerpt":{"rendered":"<p>Si alguna vez te ha excitado la cola tupida y puntiaguda de un estegosaurio, o te ha encantado abrazar un cactus alto y espinoso, \u00a1este consolador reptil puntiagudo es para ti!<\/p>\n<p>\u00a1Te tratar\u00e1 m\u00e1s amablemente que la planta o criatura mencionada y agregar\u00e1 sensaciones nuevas e incre\u00edbles mientras exploras su varilla texturizada!<\/p>\n<p>Tiene un hermoso color dorado y verde azulado en todo el eje grueso. Se estrecha hasta llegar a una punta redonda y m\u00e1s delgada para facilitar la inserci\u00f3n. La base es redonda y est\u00e1 cubierta de escamas, mientras que el eje tiene p\u00faas largas con puntas redondas que apuntan hacia ti mientras te empalas en este juguete incre\u00edblemente estimulante.<\/p>\n<p>Hecho de silicona premium, flexible y sin ftalatos, este dong es seguro para el cuerpo y se usa mejor solo con lubricantes a base de agua. \u00a1Disfruta de paseos con manos libres gracias a la fuerte base de ventosa! \u00a1Invita a un compa\u00f1ero a disfrutar de un cosplay o un juego de rol de fantas\u00eda y usa su arn\u00e9s favorito para transformar este pene en un arn\u00e9s!<\/p>\n<p>Luego, aseg\u00farate de lavarlo con agua tibia y jab\u00f3n suave, luego roc\u00edalo con un limpiador de juguetes y s\u00e9calo al aire. Mantener alejado de la luz solar directa y del calor.<\/p>\n<p>Mediciones:<br \/>\nLongitud total: 7,6 pulgadas (19.30 cm)<br \/>\nLongitud insertable: 6 pulgadas. (15.24 cm)<br \/>\nDi\u00e1metro insertable m\u00e1s estrecho: 1 pulgada. (2.54 cm)<br \/>\nDi\u00e1metro insertable m\u00e1s ancho: 2,2 pulgadas. (5.58 cm)<\/p>\n<p>***PERMITE MARGEN DE ERROR DE +\/- 1CM***<\/p>\n<p>Materiales: Silicona<\/p>\n<p>Color: dorado, verde azulado<\/p>\n<p>Nota: \u00daselo \u00fanicamente con lubricantes a base de agua para obtener mejores resultados.<\/p>\n","protected":false},"featured_media":3285,"comment_status":"open","ping_status":"closed","template":"","meta":[],"product_cat":[31],"product_tag":[58,34,26,69,33,44],"_links":{"self":[{"href":"https:\/\/plumbuss.com\/index.php?rest_route=\/wp\/v2\/product\/3284"}],"collection":[{"href":"https:\/\/plumbuss.com\/index.php?rest_route=\/wp\/v2\/product"}],"about":[{"href":"https:\/\/plumbuss.com\/index.php?rest_route=\/wp\/v2\/types\/product"}],"replies":[{"embeddable":true,"href":"https:\/\/plumbuss.com\/index.php?rest_route=%2Fwp%2Fv2%2Fcomments&post=3284"}],"wp:featuredmedia":[{"embeddable":true,"href":"https:\/\/plumbuss.com\/index.php?rest_route=\/wp\/v2\/media\/3285"}],"wp:attachment":[{"href":"https:\/\/plumbuss.com\/index.php?rest_route=%2Fwp%2Fv2%2Fmedia&parent=3284"}],"wp:term":[{"taxonomy":"product_cat","embeddable":true,"href":"https:\/\/plumbuss.com\/index.php?rest_route=%2Fwp%2Fv2%2Fproduct_cat&post=3284"},{"taxonomy":"product_tag","embeddable":true,"href":"https:\/\/plumbuss.com\/index.php?rest_route=%2Fwp%2Fv2%2Fproduct_tag&post=3284"}],"curies":[{"name":"wp","href":"https:\/\/api.w.org\/{rel}","templated":true}]}}