{"id":3177,"date":"2023-10-04T05:36:58","date_gmt":"2023-10-04T05:36:58","guid":{"rendered":"https:\/\/plumbuss.com\/?post_type=product&#038;p=3177"},"modified":"2025-01-30T00:02:58","modified_gmt":"2025-01-30T00:02:58","slug":"arnes-king-cock-fit-rite-harness","status":"publish","type":"product","link":"https:\/\/plumbuss.com\/?product=arnes-king-cock-fit-rite-harness","title":{"rendered":"Arn\u00e9s King Cock Fit-rite Harness"},"content":{"rendered":"<div class=\"ui-vpp-striped-specs\">\n<div class=\"ui-vpp-striped-specs__table\">\n<h3 class=\"ui-vpp-striped-specs__header\">Caracter\u00edsticas principales<\/h3>\n<table class=\"andes-table\">\n<tbody class=\"andes-table__body\">\n<tr class=\"andes-table__row ui-vpp-striped-specs__row\">\n<th class=\"andes-table__header andes-table__header--left ui-vpp-striped-specs__row__column ui-vpp-striped-specs__row__column--id\" scope=\"col\">\n<div class=\"andes-table__header__container\">Marca<\/div>\n<\/th>\n<td id=\":R56van9lacd:\" class=\"andes-table__column andes-table__column--left andes-table__column--vertical-align-center ui-vpp-striped-specs__row__column\" title=\"Pipedream\"><span class=\"andes-table__column--value\">Pipedream<\/span><\/td>\n<\/tr>\n<tr class=\"andes-table__row ui-vpp-striped-specs__row\">\n<th class=\"andes-table__header andes-table__header--left ui-vpp-striped-specs__row__column ui-vpp-striped-specs__row__column--id\" scope=\"col\">\n<div class=\"andes-table__header__container\">Modelo<\/div>\n<\/th>\n<td id=\":R57fan9lacd:\" class=\"andes-table__column andes-table__column--left andes-table__column--vertical-align-center ui-vpp-striped-specs__row__column\" title=\"King Cock Fit-Rite Harness\"><span class=\"andes-table__column--value\">King Cock Fit-Rite Harness<\/span><\/td>\n<\/tr>\n<\/tbody>\n<\/table>\n<\/div>\n<\/div>\n<div class=\"ui-vpp-striped-specs\">\n<div class=\"ui-vpp-striped-specs__table\">\n<h3 class=\"ui-vpp-striped-specs__header\">Otras caracter\u00edsticas<\/h3>\n<table class=\"andes-table\">\n<tbody class=\"andes-table__body\">\n<tr class=\"andes-table__row ui-vpp-striped-specs__row\">\n<th class=\"andes-table__header andes-table__header--left ui-vpp-striped-specs__row__column ui-vpp-striped-specs__row__column--id\" scope=\"col\">\n<div class=\"andes-table__header__container\">Largo<\/div>\n<\/th>\n<td id=\":R2jvcn9lacd:\" class=\"andes-table__column andes-table__column--left andes-table__column--vertical-align-center ui-vpp-striped-specs__row__column\" title=\"173 cm\"><span class=\"andes-table__column--value\">173 cm<\/span><\/td>\n<\/tr>\n<\/tbody>\n<\/table>\n<\/div>\n<\/div>\n","protected":false},"excerpt":{"rendered":"<p>King Cock Fit Rite Harness \u2013 Black. Es un bonito arn\u00e9s estilo rudo con un ajuste agradable y sexy correas en cintura y alrededor de los muslos, se adapta a los contornos individuales del cuerpo para proporcionar un calce perfecto, se ajusta r\u00e1pidamente, un tir\u00f3n para ajustar a tu medida, presenta anillos incluidos que se adaptan a la mayor\u00eda de los juguetes con una base de hasta 5,08 cm de di\u00e1metro\u2026<\/p>\n<p>Caracter\u00edsticas:<br \/>\nArn\u00e9s Suave piel sint\u00e9tica<br \/>\nCompatible para la mayor\u00eda de dildos<br \/>\nUnitalla<br \/>\nPara cinturas: 173 cm<br \/>\nNo incluye dildo<br \/>\nIncluye 3 anillos de silic\u00f3n.<\/p>\n<p>Recomendaciones y cuidados:<br \/>\nLavar por separado<br \/>\nLavar con agua fr\u00eda o ligeramente tibia<br \/>\nSecar bajo sombra<br \/>\nNo mezclar con blancos<\/p>\n","protected":false},"featured_media":3178,"comment_status":"open","ping_status":"closed","template":"","meta":[],"product_cat":[79],"product_tag":[58,26,33,45,44],"_links":{"self":[{"href":"https:\/\/plumbuss.com\/index.php?rest_route=\/wp\/v2\/product\/3177"}],"collection":[{"href":"https:\/\/plumbuss.com\/index.php?rest_route=\/wp\/v2\/product"}],"about":[{"href":"https:\/\/plumbuss.com\/index.php?rest_route=\/wp\/v2\/types\/product"}],"replies":[{"embeddable":true,"href":"https:\/\/plumbuss.com\/index.php?rest_route=%2Fwp%2Fv2%2Fcomments&post=3177"}],"wp:featuredmedia":[{"embeddable":true,"href":"https:\/\/plumbuss.com\/index.php?rest_route=\/wp\/v2\/media\/3178"}],"wp:attachment":[{"href":"https:\/\/plumbuss.com\/index.php?rest_route=%2Fwp%2Fv2%2Fmedia&parent=3177"}],"wp:term":[{"taxonomy":"product_cat","embeddable":true,"href":"https:\/\/plumbuss.com\/index.php?rest_route=%2Fwp%2Fv2%2Fproduct_cat&post=3177"},{"taxonomy":"product_tag","embeddable":true,"href":"https:\/\/plumbuss.com\/index.php?rest_route=%2Fwp%2Fv2%2Fproduct_tag&post=3177"}],"curies":[{"name":"wp","href":"https:\/\/api.w.org\/{rel}","templated":true}]}}