{"id":3084,"date":"2023-05-09T03:37:57","date_gmt":"2023-05-09T03:37:57","guid":{"rendered":"https:\/\/plumbuss.com\/?post_type=product&#038;p=3084"},"modified":"2023-05-09T03:37:58","modified_gmt":"2023-05-09T03:37:58","slug":"vibrador-ropa-int-iman-vibrador-concha-vibrador-control","status":"publish","type":"product","link":"https:\/\/plumbuss.com\/?product=vibrador-ropa-int-iman-vibrador-concha-vibrador-control","title":{"rendered":"Vibrador Ropa Int Im\u00e1n\/vibrador Concha\/vibrador Control"},"content":{"rendered":"<p>LLEVA LA DIVERSI\u00d3N CONTIGO<\/p>\n<p>Este vibrador portable con estimulador de punto G y succionador de cl\u00edtoris.<br \/>\nEs un vibrador de silicona grado medico, suave al tacto. La forma del vibrador y su im\u00e1n antimovimientos, permite un mejor ajuste con la ropa interior.<\/p>\n<p>Adem\u00e1s de estimular el punto G, en el otro extremo podr\u00e1s encontrar un succionador de cl\u00edtoris bastante divertido con 4 diferentes tipos de succi\u00f3n.<\/p>\n<p>Por ultimo, no olvides que es un vibrador dise\u00f1ado para que lleves tus orgasmos fuera de casa, con su control remoto con 10 metros de alcance (depende del sitio en el que te encuentres) permite que puedas hacer vibrar a tu pareja en cualquier lugar.<\/p>\n<p>Suave y ligero, te har\u00e1 vibrar con 10 modalidades diferentes y 4 modalidades de succi\u00f3n. Es momento de llevar tu vida sexual al m\u00e1ximo.<\/p>\n<p>Caracter\u00edsticas:<\/p>\n<p>Material: ABS + Silicon<br \/>\nResistente al agua (Excepto el control)<br \/>\nAlimentaci\u00f3n: Recargable USB, el control usa pila tipo 23A 12V (incluida)<br \/>\nPeso: 96gr<br \/>\nTama\u00f1o: 9 cm (largo de la base) x 4.3 cm (porci\u00f3n mas gruesa del dildo)<br \/>\nRuido: &lt;50db<br \/>\nResistencia al agua: tipo IPX67 (no sumergible, resistente al contacto con el agua. El control no es a prueba de agua)<\/p>\n","protected":false},"excerpt":{"rendered":"<p>LLEVA LA DIVERSI\u00d3N CONTIGO<\/p>\n<p>Este vibrador portable con estimulador de punto G y succionador de cl\u00edtoris.<br \/>\nEs un vibrador de silicona grado medico, suave al tacto. La forma del vibrador y su im\u00e1n antimovimientos, permite un mejor ajuste con la ropa interior.<\/p>\n<p>Adem\u00e1s de estimular el punto G, en el otro extremo podr\u00e1s encontrar un succionador de cl\u00edtoris bastante divertido con 4 diferentes tipos de succi\u00f3n.<\/p>\n<p>Por ultimo, no olvides que es un vibrador dise\u00f1ado para que lleves tus orgasmos fuera de casa, con su control remoto con 10 metros de alcance (depende del sitio en el que te encuentres) permite que puedas hacer vibrar a tu pareja en cualquier lugar.<\/p>\n<p>Suave y ligero, te har\u00e1 vibrar con 10 modalidades diferentes y 4 modalidades de succi\u00f3n. Es momento de llevar tu vida sexual al m\u00e1ximo.<\/p>\n<p>Caracter\u00edsticas:<\/p>\n<p>Material: ABS + Silicon<br \/>\nResistente al agua (Excepto el control)<br \/>\nAlimentaci\u00f3n: Recargable USB, el control usa pila tipo 23A 12V (incluida)<br \/>\nPeso: 96gr<br \/>\nTama\u00f1o: 9 cm (largo de la base) x 4.3 cm (porci\u00f3n mas gruesa del dildo)<br \/>\nRuido: &lt;50db<br \/>\nResistencia al agua: tipo IPX67 (no sumergible, resistente al contacto con el agua. El control no es a prueba de agua)<\/p>\n","protected":false},"featured_media":3093,"comment_status":"open","ping_status":"closed","template":"","meta":[],"product_cat":[57],"product_tag":[68,61,67,32,47],"_links":{"self":[{"href":"https:\/\/plumbuss.com\/index.php?rest_route=\/wp\/v2\/product\/3084"}],"collection":[{"href":"https:\/\/plumbuss.com\/index.php?rest_route=\/wp\/v2\/product"}],"about":[{"href":"https:\/\/plumbuss.com\/index.php?rest_route=\/wp\/v2\/types\/product"}],"replies":[{"embeddable":true,"href":"https:\/\/plumbuss.com\/index.php?rest_route=%2Fwp%2Fv2%2Fcomments&post=3084"}],"wp:featuredmedia":[{"embeddable":true,"href":"https:\/\/plumbuss.com\/index.php?rest_route=\/wp\/v2\/media\/3093"}],"wp:attachment":[{"href":"https:\/\/plumbuss.com\/index.php?rest_route=%2Fwp%2Fv2%2Fmedia&parent=3084"}],"wp:term":[{"taxonomy":"product_cat","embeddable":true,"href":"https:\/\/plumbuss.com\/index.php?rest_route=%2Fwp%2Fv2%2Fproduct_cat&post=3084"},{"taxonomy":"product_tag","embeddable":true,"href":"https:\/\/plumbuss.com\/index.php?rest_route=%2Fwp%2Fv2%2Fproduct_tag&post=3084"}],"curies":[{"name":"wp","href":"https:\/\/api.w.org\/{rel}","templated":true}]}}