{"id":3069,"date":"2023-04-11T18:23:13","date_gmt":"2023-04-11T18:23:13","guid":{"rendered":"https:\/\/plumbuss.com\/?post_type=product&#038;p=3069"},"modified":"2025-09-26T22:55:14","modified_gmt":"2025-09-26T22:55:14","slug":"vigorizante-femenino-kangaroo-venus","status":"publish","type":"product","link":"https:\/\/plumbuss.com\/?product=vigorizante-femenino-kangaroo-venus","title":{"rendered":"Vigorizante Femenino Kangaroo Venus"},"content":{"rendered":"<h2 class=\"ui-pdp-specs__title\">Caracter\u00edsticas principales<\/h2>\n<div class=\"ui-pdp-specs__table\">\n<table class=\"andes-table\">\n<tbody class=\"andes-table__body\">\n<tr class=\"andes-table__row\">\n<th class=\"andes-table__header andes-table__header--left ui-pdp-specs__table__column ui-pdp-specs__table__column-title\">Marca<\/th>\n<td class=\"andes-table__column andes-table__column--left ui-pdp-specs__table__column\"><span class=\"andes-table__column--value\">Kangaroo<\/span><\/td>\n<\/tr>\n<tr class=\"andes-table__row\">\n<th class=\"andes-table__header andes-table__header--left ui-pdp-specs__table__column ui-pdp-specs__table__column-title\">Modelo<\/th>\n<td class=\"andes-table__column andes-table__column--left ui-pdp-specs__table__column\"><span class=\"andes-table__column--value\">Venus<\/span><\/td>\n<\/tr>\n<tr class=\"andes-table__row\">\n<th class=\"andes-table__header andes-table__header--left ui-pdp-specs__table__column ui-pdp-specs__table__column-title\">Formato del estimulante<\/th>\n<td class=\"andes-table__column andes-table__column--left ui-pdp-specs__table__column\"><span class=\"andes-table__column--value\">P\u00edldora<\/span><\/td>\n<\/tr>\n<tr class=\"andes-table__row\">\n<th class=\"andes-table__header andes-table__header--left ui-pdp-specs__table__column ui-pdp-specs__table__column-title\">Unidades por envase<\/th>\n<td class=\"andes-table__column andes-table__column--left ui-pdp-specs__table__column\"><span class=\"andes-table__column--value\">1<\/span><\/td>\n<\/tr>\n<\/tbody>\n<\/table>\n<\/div>\n<h3 class=\"ui-pdp-specs__subtitle\">Otras caracter\u00edsticas<\/h3>\n<div class=\"ui-pdp-list ui-pdp-specs__list\">\n<ul class=\"ui-pdp-list__wrapper\">\n<li class=\"ui-pdp-list__item\">\n<p class=\"ui-pdp-family--REGULAR ui-pdp-list__text\"><span class=\"ui-pdp-color--BLACK ui-pdp-size--XSMALL ui-pdp-family--BOLD\">G\u00e9nero<\/span>: Mujer<\/p>\n<\/li>\n<li class=\"ui-pdp-list__item\">\n<p class=\"ui-pdp-family--REGULAR ui-pdp-list__text\"><span class=\"ui-pdp-color--BLACK ui-pdp-size--XSMALL ui-pdp-family--BOLD\">Duraci\u00f3n del efecto<\/span>: 69 h<\/p>\n<\/li>\n<\/ul>\n<ul class=\"ui-pdp-list__wrapper\">\n<li class=\"ui-pdp-list__item\">\n<p class=\"ui-pdp-family--REGULAR ui-pdp-list__text\"><span class=\"ui-pdp-color--BLACK ui-pdp-size--XSMALL ui-pdp-family--BOLD\">Dosis sugerida<\/span>: 1<\/p>\n<\/li>\n<li class=\"ui-pdp-list__item\">\n<p class=\"ui-pdp-family--REGULAR ui-pdp-list__text\"><span class=\"ui-pdp-color--BLACK ui-pdp-size--XSMALL ui-pdp-family--BOLD\">Tipo de envase<\/span>: Sobre<\/p>\n<\/li>\n<\/ul>\n<\/div>\n","protected":false},"excerpt":{"rendered":"<p>De los creadores de Kangaroo for Men, Kangaroo for Women Intense Venus est\u00e1 formulado espec\u00edficamente para que las mujeres aumenten el placer y el rendimiento sexual; promover la lubricaci\u00f3n vaginal y mejorar la experiencia del orgasmo.<\/p>\n<p>Pastilla Estimuladora Kangaroo para Dama, efecto hasta 3 d\u00edas, sin dolor de cabeza, ayuda a levantar el l\u00edbido, a sensibilizar zonas er\u00f3genas y sentir mucho mayor placer al momento del orgasmo. Se activa con estimulo.<\/p>\n<p>INSTRUCCIONES:<br \/>\nTome hasta 1 tableta al menos 30 minutos antes de tener actividad sexual. No tome m\u00e1s de 1 tableta en 2 d\u00edas.<\/p>\n<p>PRECAUCIONES:<br \/>\nNo tome este producto si est\u00e1 embarazada. No tome este producto si est\u00e1 amamantando. No tome este producto si est\u00e1 tomando alg\u00fan tipo de medicamento o droga, especialmente si contiene solo nitratos en las \u00faltimas 12 horas. No use este producto si tiene alg\u00fan tipo de condici\u00f3n m\u00e9dica, especialmente una condici\u00f3n card\u00edaca o presi\u00f3n arterial alta. Deje de usar este producto inmediatamente si experimenta dificultad para respirar o irregularidad card\u00edaca.<\/p>\n<p>INGREDIENTES:<br \/>\nMezcla patentada : 1000 mg<\/p>\n<p>Ra\u00edz de Ashwagandha<br \/>\nTribulus terrestris<br \/>\nExtracto de hierba de cabra en celo<br \/>\nRa\u00edz de maca<br \/>\nPanax ginseng<br \/>\nComplejo BioPerino<br \/>\nComplejo de isoflavonas de soja<br \/>\nL-tirosina<br \/>\nL-histidina<br \/>\ncolina<br \/>\ndimetilglicina<br \/>\nNADH usar si tiene problemas card\u00edacos o presi\u00f3n arterial alta.<\/p>\n","protected":false},"featured_media":3070,"comment_status":"open","ping_status":"closed","template":"","meta":[],"product_cat":[22],"product_tag":[24,23],"_links":{"self":[{"href":"https:\/\/plumbuss.com\/index.php?rest_route=\/wp\/v2\/product\/3069"}],"collection":[{"href":"https:\/\/plumbuss.com\/index.php?rest_route=\/wp\/v2\/product"}],"about":[{"href":"https:\/\/plumbuss.com\/index.php?rest_route=\/wp\/v2\/types\/product"}],"replies":[{"embeddable":true,"href":"https:\/\/plumbuss.com\/index.php?rest_route=%2Fwp%2Fv2%2Fcomments&post=3069"}],"wp:featuredmedia":[{"embeddable":true,"href":"https:\/\/plumbuss.com\/index.php?rest_route=\/wp\/v2\/media\/3070"}],"wp:attachment":[{"href":"https:\/\/plumbuss.com\/index.php?rest_route=%2Fwp%2Fv2%2Fmedia&parent=3069"}],"wp:term":[{"taxonomy":"product_cat","embeddable":true,"href":"https:\/\/plumbuss.com\/index.php?rest_route=%2Fwp%2Fv2%2Fproduct_cat&post=3069"},{"taxonomy":"product_tag","embeddable":true,"href":"https:\/\/plumbuss.com\/index.php?rest_route=%2Fwp%2Fv2%2Fproduct_tag&post=3069"}],"curies":[{"name":"wp","href":"https:\/\/api.w.org\/{rel}","templated":true}]}}