{"id":3051,"date":"2023-04-10T21:26:11","date_gmt":"2023-04-10T21:26:11","guid":{"rendered":"https:\/\/plumbuss.com\/?post_type=product&#038;p=3051"},"modified":"2023-11-15T22:57:04","modified_gmt":"2023-11-15T22:57:04","slug":"vibrador-en-u-satisfyer-partner","status":"publish","type":"product","link":"https:\/\/plumbuss.com\/?product=vibrador-en-u-satisfyer-partner","title":{"rendered":"Vibrador En U Satisfyer (partner)"},"content":{"rendered":"<h2 class=\"ui-pdp-specs__title\">Caracter\u00edsticas principales<\/h2>\n<div class=\"ui-pdp-specs__table\">\n<table class=\"andes-table\">\n<tbody class=\"andes-table__body\">\n<tr class=\"andes-table__row\">\n<th class=\"andes-table__header andes-table__header--left ui-pdp-specs__table__column ui-pdp-specs__table__column-title\">Marca<\/th>\n<td class=\"andes-table__column andes-table__column--left ui-pdp-specs__table__column\"><span class=\"andes-table__column--value\">Satisfyer<\/span><\/td>\n<\/tr>\n<tr class=\"andes-table__row\">\n<th class=\"andes-table__header andes-table__header--left ui-pdp-specs__table__column ui-pdp-specs__table__column-title\">Modelo<\/th>\n<td class=\"andes-table__column andes-table__column--left ui-pdp-specs__table__column\"><span class=\"andes-table__column--value\">Double Classic<\/span><\/td>\n<\/tr>\n<\/tbody>\n<\/table>\n<\/div>\n<div class=\"ui-pdp-collapsable\">\n<div class=\"ui-pdp-collapsable__container\">\n<h3 class=\"ui-pdp-specs__subtitle\">Otras caracter\u00edsticas<\/h3>\n<div class=\"ui-pdp-list ui-pdp-specs__list\">\n<ul class=\"ui-pdp-list__wrapper\">\n<li class=\"ui-pdp-list__item\">\n<p class=\"ui-pdp-family--REGULAR ui-pdp-list__text\"><span class=\"ui-pdp-color--BLACK ui-pdp-size--XSMALL ui-pdp-family--BOLD\">Tipo de vibrador<\/span>: Doble estimulaci\u00f3n<\/p>\n<\/li>\n<li class=\"ui-pdp-list__item\">\n<p class=\"ui-pdp-family--REGULAR ui-pdp-list__text\"><span class=\"ui-pdp-color--BLACK ui-pdp-size--XSMALL ui-pdp-family--BOLD\">Largo<\/span>: 9.5 cm<\/p>\n<\/li>\n<\/ul>\n<ul class=\"ui-pdp-list__wrapper\">\n<li class=\"ui-pdp-list__item\">\n<p class=\"ui-pdp-family--REGULAR ui-pdp-list__text\"><span class=\"ui-pdp-color--BLACK ui-pdp-size--XSMALL ui-pdp-family--BOLD\">Di\u00e1metro<\/span>: 3.5 cm<\/p>\n<\/li>\n<li class=\"ui-pdp-list__item\">\n<p class=\"ui-pdp-family--REGULAR ui-pdp-list__text\"><span class=\"ui-pdp-color--BLACK ui-pdp-size--XSMALL ui-pdp-family--BOLD\">Tipo de alimentaci\u00f3n<\/span>: Recargable<\/p>\n<\/li>\n<\/ul>\n<ul class=\"ui-pdp-list__wrapper\">\n<li class=\"ui-pdp-list__item\">\n<p class=\"ui-pdp-family--REGULAR ui-pdp-list__text\"><span class=\"ui-pdp-color--BLACK ui-pdp-size--XSMALL ui-pdp-family--BOLD\">Incluye pilas<\/span>: S\u00ed<\/p>\n<\/li>\n<li class=\"ui-pdp-list__item\">\n<p class=\"ui-pdp-family--REGULAR ui-pdp-list__text\"><span class=\"ui-pdp-color--BLACK ui-pdp-size--XSMALL ui-pdp-family--BOLD\">Voltaje de la bater\u00eda<\/span>: 5V<\/p>\n<\/li>\n<\/ul>\n<ul class=\"ui-pdp-list__wrapper\">\n<li class=\"ui-pdp-list__item\">\n<p class=\"ui-pdp-family--REGULAR ui-pdp-list__text\"><span class=\"ui-pdp-color--BLACK ui-pdp-size--XSMALL ui-pdp-family--BOLD\">Materiales<\/span>: Silicona+ABS<\/p>\n<\/li>\n<li class=\"ui-pdp-list__item\">\n<p class=\"ui-pdp-family--REGULAR ui-pdp-list__text\"><span class=\"ui-pdp-color--BLACK ui-pdp-size--XSMALL ui-pdp-family--BOLD\">Cantidad de modos de vibraci\u00f3n<\/span>: 10<\/p>\n<\/li>\n<\/ul>\n<ul class=\"ui-pdp-list__wrapper\">\n<li class=\"ui-pdp-list__item\">\n<p class=\"ui-pdp-family--REGULAR ui-pdp-list__text\"><span class=\"ui-pdp-color--BLACK ui-pdp-size--XSMALL ui-pdp-family--BOLD\">Es resistente al agua<\/span>: S\u00ed<\/p>\n<\/li>\n<li class=\"ui-pdp-list__item\">\n<p class=\"ui-pdp-family--REGULAR ui-pdp-list__text\"><span class=\"ui-pdp-color--BLACK ui-pdp-size--XSMALL ui-pdp-family--BOLD\">Con Wi-Fi<\/span>: No<\/p>\n<\/li>\n<\/ul>\n<ul class=\"ui-pdp-list__wrapper\">\n<li class=\"ui-pdp-list__item\">\n<p class=\"ui-pdp-family--REGULAR ui-pdp-list__text\"><span class=\"ui-pdp-color--BLACK ui-pdp-size--XSMALL ui-pdp-family--BOLD\">Con Bluetooth<\/span>: No<\/p>\n<\/li>\n<li class=\"ui-pdp-list__item\">\n<p class=\"ui-pdp-family--REGULAR ui-pdp-list__text\"><span class=\"ui-pdp-color--BLACK ui-pdp-size--XSMALL ui-pdp-family--BOLD\">Con control remoto<\/span>: No<\/p>\n<\/li>\n<\/ul>\n<ul class=\"ui-pdp-list__wrapper\">\n<li class=\"ui-pdp-list__item\">\n<p class=\"ui-pdp-family--REGULAR ui-pdp-list__text\"><span class=\"ui-pdp-color--BLACK ui-pdp-size--XSMALL ui-pdp-family--BOLD\">Con control desde app<\/span>: No<\/p>\n<\/li>\n<li class=\"ui-pdp-list__item\">\n<p class=\"ui-pdp-family--REGULAR ui-pdp-list__text\"><span class=\"ui-pdp-color--BLACK ui-pdp-size--XSMALL ui-pdp-family--BOLD\">Con ventosa<\/span>: No<\/p>\n<\/li>\n<\/ul>\n<\/div>\n<\/div>\n<\/div>\n","protected":false},"excerpt":{"rendered":"<p>El Satisfyer Double Classic es uno de los vibradores para parejas m\u00e1s populares de Satisfyer. Utilizado durante el coito, es el compa\u00f1ero perfecto para conseguir la estimulaci\u00f3n del cl\u00edtoris, pero no \u00fanicamente. \u00bfEst\u00e1is preparados para este vibrante juguete sexual?<\/p>\n<p>El Satisfyer Double Classic es un vibrador suave y con una forma totalmente ergon\u00f3mica. Esta peculiar disposici\u00f3n en forma de \u201cU\u201d hace que su uso sea doble, tanto vaginal como clitoriano. Adem\u00e1s, el hecho de que no guarde una apariencia sim\u00e9trica forma parte de su funcionalidad: dispone de un lado m\u00e1s ancho, en el que se encuentra el bot\u00f3n de control, utilizado para estimular el exterior del cl\u00edtoris. El lado m\u00e1s estrecho es el que se introduce en la vagina para masajear el punto G, estimulando as\u00ed estas dos zonas er\u00f3genas de la mujer al mismo tiempo. Esa parte, adem\u00e1s, es muy flexible, de manera que se adaptar\u00e1 perfectamente a la zona \u00edntima femenina.<\/p>\n<p>Y si bien pod\u00e9is pensar que el Satisfyer Double Classic est\u00e1 dise\u00f1ado en apariencia para ella, est\u00e1is equivocados. El hombre de la pareja tambi\u00e9n disfrutar\u00e1 de las ventajas de usar este vibrador para parejas. \u00bfC\u00f3mo? Las vibraciones del Satisfyer Double Classic se transmiten al lado m\u00e1s estrecho del estimulador, que es el que se introduce en la vagina de la mujer. Esto provocar\u00e1 una sensaci\u00f3n de estrechez de la que disfrutar\u00e1 principalmente el hombre.<\/p>\n<p>El Satisfyer Double Classic dispone de 10 programas de vibraci\u00f3n, con 3 intensidades y 7 ritmos, gracias a dos ultrapotentes motores. Es f\u00e1cil de limpiar y su superficie herm\u00e9tica asegura que ning\u00fan l\u00edquido pueda entrar en \u00e9l. Adem\u00e1s, es resistente al agua (no sumergible), as\u00ed que podr\u00e1s disfrutar de este juguete\u2026 \u00a1tambi\u00e9n en la ducha!<\/p>\n<p>Recordad que el Satisfyer Double Classic incluye un cable cargador por USB de tipo magn\u00e9tico, para que vuestro juguete favorito no se quede sin bater\u00eda.<\/p>\n<p>Para encenderlo, simplemente tendr\u00e9is que pulsar el bot\u00f3n central durante 2 segundos. Esto activar\u00e1 el nivel m\u00e1s bajo de vibraci\u00f3n. Si quer\u00e9is bucear en los distintos programas, simplemente deber\u00e9is hacer clic en ese mismo bot\u00f3n. Y, para apagarlo, volved a presionarlo otros 2 segundos.<\/p>\n<p>Si quer\u00e9is mejorar vuestra experiencia sexual a\u00fan m\u00e1s, os recomendamos que utilic\u00e9is lubricantes a base de agua; as\u00ed conseguir\u00e9is que haya un mayor deslizamiento.<\/p>\n<p>Por \u00faltimo, pero no por ello menos importante, su limpieza es muy f\u00e1cil. Para ello, utilizad agua tibia y un jab\u00f3n neutro. Procurad secarlo correctamente y vuestro Satisfyer Double Classic quedar\u00e1 listo para ser utilizado de nuevo.<\/p>\n<p>Dimensiones: 9,5 cm x 6,7 cm x 3,5 cm<\/p>\n","protected":false},"featured_media":3052,"comment_status":"open","ping_status":"closed","template":"","meta":[],"product_cat":[30],"product_tag":[33,47],"_links":{"self":[{"href":"https:\/\/plumbuss.com\/index.php?rest_route=\/wp\/v2\/product\/3051"}],"collection":[{"href":"https:\/\/plumbuss.com\/index.php?rest_route=\/wp\/v2\/product"}],"about":[{"href":"https:\/\/plumbuss.com\/index.php?rest_route=\/wp\/v2\/types\/product"}],"replies":[{"embeddable":true,"href":"https:\/\/plumbuss.com\/index.php?rest_route=%2Fwp%2Fv2%2Fcomments&post=3051"}],"wp:featuredmedia":[{"embeddable":true,"href":"https:\/\/plumbuss.com\/index.php?rest_route=\/wp\/v2\/media\/3052"}],"wp:attachment":[{"href":"https:\/\/plumbuss.com\/index.php?rest_route=%2Fwp%2Fv2%2Fmedia&parent=3051"}],"wp:term":[{"taxonomy":"product_cat","embeddable":true,"href":"https:\/\/plumbuss.com\/index.php?rest_route=%2Fwp%2Fv2%2Fproduct_cat&post=3051"},{"taxonomy":"product_tag","embeddable":true,"href":"https:\/\/plumbuss.com\/index.php?rest_route=%2Fwp%2Fv2%2Fproduct_tag&post=3051"}],"curies":[{"name":"wp","href":"https:\/\/api.w.org\/{rel}","templated":true}]}}