{"id":3010,"date":"2023-03-17T00:26:59","date_gmt":"2023-03-17T00:26:59","guid":{"rendered":"https:\/\/plumbuss.com\/?post_type=product&#038;p=3010"},"modified":"2023-11-15T02:58:08","modified_gmt":"2023-11-15T02:58:08","slug":"dildo-moreno-9-con-ventosa-masturbable-piel-deslizante","status":"publish","type":"product","link":"https:\/\/plumbuss.com\/?product=dildo-moreno-9-con-ventosa-masturbable-piel-deslizante","title":{"rendered":"Dildo Moreno 9 Con Ventosa Masturbable (piel Deslizante)"},"content":{"rendered":"<h2 class=\"ui-pdp-specs__title\">Caracter\u00edsticas principales<\/h2>\n<div class=\"ui-pdp-specs__table\">\n<table class=\"andes-table\">\n<tbody class=\"andes-table__body\">\n<tr class=\"andes-table__row\">\n<th class=\"andes-table__header andes-table__header--left ui-pdp-specs__table__column ui-pdp-specs__table__column-title\">Marca<\/th>\n<td class=\"andes-table__column andes-table__column--left ui-pdp-specs__table__column\"><span class=\"andes-table__column--value\">LIKE TRUE<\/span><\/td>\n<\/tr>\n<tr class=\"andes-table__row\">\n<th class=\"andes-table__header andes-table__header--left ui-pdp-specs__table__column ui-pdp-specs__table__column-title\">Modelo<\/th>\n<td class=\"andes-table__column andes-table__column--left ui-pdp-specs__table__column\"><span class=\"andes-table__column--value\">SLIDY BLACK<\/span><\/td>\n<\/tr>\n<tr class=\"andes-table__row\">\n<th class=\"andes-table__header andes-table__header--left ui-pdp-specs__table__column ui-pdp-specs__table__column-title\">Largo total<\/th>\n<td class=\"andes-table__column andes-table__column--left ui-pdp-specs__table__column\"><span class=\"andes-table__column--value\">22.8 cm<\/span><\/td>\n<\/tr>\n<tr class=\"andes-table__row\">\n<th class=\"andes-table__header andes-table__header--left ui-pdp-specs__table__column ui-pdp-specs__table__column-title\">Di\u00e1metro<\/th>\n<td class=\"andes-table__column andes-table__column--left ui-pdp-specs__table__column\"><span class=\"andes-table__column--value\">5 cm<\/span><\/td>\n<\/tr>\n<\/tbody>\n<\/table>\n<\/div>\n<h3 class=\"ui-pdp-specs__subtitle\">Otras caracter\u00edsticas<\/h3>\n<div class=\"ui-pdp-list ui-pdp-specs__list\">\n<ul class=\"ui-pdp-list__wrapper\">\n<li class=\"ui-pdp-list__item\">\n<p class=\"ui-pdp-family--REGULAR ui-pdp-list__text\"><span class=\"ui-pdp-color--BLACK ui-pdp-size--XSMALL ui-pdp-family--BOLD\">Forma del dildo<\/span>: Realista<\/p>\n<\/li>\n<li class=\"ui-pdp-list__item\">\n<p class=\"ui-pdp-family--REGULAR ui-pdp-list__text\"><span class=\"ui-pdp-color--BLACK ui-pdp-size--XSMALL ui-pdp-family--BOLD\">Con ventosa<\/span>: S\u00ed<\/p>\n<\/li>\n<\/ul>\n<ul class=\"ui-pdp-list__wrapper\">\n<li class=\"ui-pdp-list__item\">\n<p class=\"ui-pdp-family--REGULAR ui-pdp-list__text\"><span class=\"ui-pdp-color--BLACK ui-pdp-size--XSMALL ui-pdp-family--BOLD\">Es compatible con arn\u00e9s<\/span>: S\u00ed<\/p>\n<\/li>\n<\/ul>\n<\/div>\n","protected":false},"excerpt":{"rendered":"<p>Like True es una marca hiperrealista, concebida y dise\u00f1ada para el placer m\u00e1s intenso. Cuerpos texturizados, curvas perfectas, detalles \u00fanicos, eso es lo que encontrar\u00e1s dentro de Like True.<\/p>\n<p>Este consolador realista tiene una doble capa, lo que lo hace flexible y muy agradable de usar. En la punta, un glande redondeado y esponjoso se abrir\u00e1 paso hasta el cuerpo realista de Slidy para llenarte de placer. Para a\u00f1adir a\u00fan m\u00e1s realismo, si cabe, encontrar\u00e1s unos test\u00edculos texturizados, ideales para un delicioso agarre.<\/p>\n<p>Pero no solo eso, sino que Slidy se puede moldear a tu antojo, mucho mejor que un pene de verdad. Tiene una \u201cpiel\u201d exterior que se moldear\u00e1 a tu gusto si la aprietas, si le das un pellizco, si la masturbas, siendo as\u00ed retr\u00e1ctil&#8230;.las posibilidades son ilimitadas.<\/p>\n<p>Gracias a la ventosa en la parte inferior del consolador, puedes usar Slidy en casi cualquier superficie plana para una experiencia de manos libres. Esta ventosa tambi\u00e9n es perfecta para que puedas combinarla con un arn\u00e9s y jugar con tu pareja.<\/p>\n<p>Recuerda limpiar adecuadamente tu juguete con un buen limpiador de juguetes, y usa tu lubricante a base de agua favorito, para una noche loca y s\u00faper h\u00fameda.<\/p>\n<p>Caracter\u00edstica:<br \/>\nConsolador realista<br \/>\nCon piel deslizante &#8211; retr\u00e1ctil<br \/>\nMuy flexible y maleable<br \/>\nFirme por dentro, suave por fuera<br \/>\nTPE de doble capa<br \/>\nImpermeable<br \/>\nFuerte base de ventosa &#8211; compatible con arn\u00e9s<br \/>\nLibre de Ftalato<br \/>\nsin l\u00e1tex<\/p>\n<p>Medidas:<br \/>\nLongitud total: 9&#8243; : 22.8 cm<br \/>\nDi\u00e1metro: 5.25 cm<br \/>\nCircunferencia : 13.3 cm<br \/>\nLongitud insertable: 7&#8243; : 17.8 cm<\/p>\n","protected":false},"featured_media":3011,"comment_status":"open","ping_status":"closed","template":"","meta":[],"product_cat":[31],"product_tag":[],"_links":{"self":[{"href":"https:\/\/plumbuss.com\/index.php?rest_route=\/wp\/v2\/product\/3010"}],"collection":[{"href":"https:\/\/plumbuss.com\/index.php?rest_route=\/wp\/v2\/product"}],"about":[{"href":"https:\/\/plumbuss.com\/index.php?rest_route=\/wp\/v2\/types\/product"}],"replies":[{"embeddable":true,"href":"https:\/\/plumbuss.com\/index.php?rest_route=%2Fwp%2Fv2%2Fcomments&post=3010"}],"wp:featuredmedia":[{"embeddable":true,"href":"https:\/\/plumbuss.com\/index.php?rest_route=\/wp\/v2\/media\/3011"}],"wp:attachment":[{"href":"https:\/\/plumbuss.com\/index.php?rest_route=%2Fwp%2Fv2%2Fmedia&parent=3010"}],"wp:term":[{"taxonomy":"product_cat","embeddable":true,"href":"https:\/\/plumbuss.com\/index.php?rest_route=%2Fwp%2Fv2%2Fproduct_cat&post=3010"},{"taxonomy":"product_tag","embeddable":true,"href":"https:\/\/plumbuss.com\/index.php?rest_route=%2Fwp%2Fv2%2Fproduct_tag&post=3010"}],"curies":[{"name":"wp","href":"https:\/\/api.w.org\/{rel}","templated":true}]}}