{"id":2971,"date":"2023-03-16T23:06:18","date_gmt":"2023-03-16T23:06:18","guid":{"rendered":"https:\/\/plumbuss.com\/?post_type=product&#038;p=2971"},"modified":"2023-03-16T23:06:18","modified_gmt":"2023-03-16T23:06:18","slug":"vibrador-tipo-conejo-texturizado-bert","status":"publish","type":"product","link":"https:\/\/plumbuss.com\/?product=vibrador-tipo-conejo-texturizado-bert","title":{"rendered":"Vibrador Tipo Conejo Texturizado BERT"},"content":{"rendered":"<h2 class=\"ui-pdp-specs__title\">Caracter\u00edsticas principales<\/h2>\n<div class=\"ui-pdp-specs__table\">\n<table class=\"andes-table\">\n<tbody class=\"andes-table__body\">\n<tr class=\"andes-table__row\">\n<th class=\"andes-table__header andes-table__header--left ui-pdp-specs__table__column ui-pdp-specs__table__column-title\">Marca<\/th>\n<td class=\"andes-table__column andes-table__column--left ui-pdp-specs__table__column\"><span class=\"andes-table__column--value\">Pretty Love<\/span><\/td>\n<\/tr>\n<tr class=\"andes-table__row\">\n<th class=\"andes-table__header andes-table__header--left ui-pdp-specs__table__column ui-pdp-specs__table__column-title\">Modelo<\/th>\n<td class=\"andes-table__column andes-table__column--left ui-pdp-specs__table__column\"><span class=\"andes-table__column--value\">Bert<\/span><\/td>\n<\/tr>\n<\/tbody>\n<\/table>\n<\/div>\n<h3 class=\"ui-pdp-specs__subtitle\">Otras caracter\u00edsticas<\/h3>\n<div class=\"ui-pdp-list ui-pdp-specs__list\">\n<ul class=\"ui-pdp-list__wrapper\">\n<li class=\"ui-pdp-list__item\">\n<p class=\"ui-pdp-family--REGULAR ui-pdp-list__text\"><span class=\"ui-pdp-color--BLACK ui-pdp-size--XSMALL ui-pdp-family--BOLD\">Tipo de vibrador<\/span>: VIBRADOR CON ESTIMULADOR DE CLITORIS<\/p>\n<\/li>\n<li class=\"ui-pdp-list__item\">\n<p class=\"ui-pdp-family--REGULAR ui-pdp-list__text\"><span class=\"ui-pdp-color--BLACK ui-pdp-size--XSMALL ui-pdp-family--BOLD\">Largo<\/span>: 18 cm<\/p>\n<\/li>\n<\/ul>\n<ul class=\"ui-pdp-list__wrapper\">\n<li class=\"ui-pdp-list__item\">\n<p class=\"ui-pdp-family--REGULAR ui-pdp-list__text\"><span class=\"ui-pdp-color--BLACK ui-pdp-size--XSMALL ui-pdp-family--BOLD\">Di\u00e1metro<\/span>: 35 mm<\/p>\n<\/li>\n<li class=\"ui-pdp-list__item\">\n<p class=\"ui-pdp-family--REGULAR ui-pdp-list__text\"><span class=\"ui-pdp-color--BLACK ui-pdp-size--XSMALL ui-pdp-family--BOLD\">Tipo de alimentaci\u00f3n<\/span>: 2 PILAS AAA<\/p>\n<\/li>\n<\/ul>\n<ul class=\"ui-pdp-list__wrapper\">\n<li class=\"ui-pdp-list__item\">\n<p class=\"ui-pdp-family--REGULAR ui-pdp-list__text\"><span class=\"ui-pdp-color--BLACK ui-pdp-size--XSMALL ui-pdp-family--BOLD\">Materiales<\/span>: Silicon + ABS<\/p>\n<\/li>\n<li class=\"ui-pdp-list__item\">\n<p class=\"ui-pdp-family--REGULAR ui-pdp-list__text\"><span class=\"ui-pdp-color--BLACK ui-pdp-size--XSMALL ui-pdp-family--BOLD\">Material<\/span>: SILICON + ABS<\/p>\n<\/li>\n<\/ul>\n<ul class=\"ui-pdp-list__wrapper\">\n<li class=\"ui-pdp-list__item\">\n<p class=\"ui-pdp-family--REGULAR ui-pdp-list__text\"><span class=\"ui-pdp-color--BLACK ui-pdp-size--XSMALL ui-pdp-family--BOLD\">Cantidad de velocidades<\/span>: 30<\/p>\n<\/li>\n<li class=\"ui-pdp-list__item\">\n<p class=\"ui-pdp-family--REGULAR ui-pdp-list__text\"><span class=\"ui-pdp-color--BLACK ui-pdp-size--XSMALL ui-pdp-family--BOLD\">Peso<\/span>: 152 g<\/p>\n<\/li>\n<\/ul>\n<\/div>\n","protected":false},"excerpt":{"rendered":"<p>CONOCE A BERT, TU NUEVO AMIGO<\/p>\n<p>Este vibrador cuenta con 2 cabezas (cada una con un motor potente e independiente) que te llevar\u00e1n a alcanzar un orgasmo \u00fanico. El estimulador de cl\u00edtoris, con una base tipo plato texturizado que se adapta perfectamente a tu cl\u00edtoris, el extremo penetrante cuenta con un potente motor con 30 modalidades de vibraci\u00f3n y una cabeza suave y redondeada.<\/p>\n<p>Caracter\u00edsticas:<\/p>\n<p>Solo disponible en el color de la publicaci\u00f3n (magenta con tapa blanca)<br \/>\nMaterial: Silicon + ABS<br \/>\nAlimentaci\u00f3n: 2 bater\u00edas AAA (no incluidas)<br \/>\nModalidades: 30 tipos de Vibraci\u00f3n<br \/>\nA prueba de agua<br \/>\nRuido: &lt;60 db<br \/>\nPeso: 152 gr<\/p>\n<p>Medidas:<\/p>\n<p>Longitud Total: 188 mm<br \/>\nLongitud Insertable: 112 mm<br \/>\nDi\u00e1metro: 36mm<\/p>\n","protected":false},"featured_media":2972,"comment_status":"open","ping_status":"closed","template":"","meta":[],"product_cat":[51],"product_tag":[33,50,47],"_links":{"self":[{"href":"https:\/\/plumbuss.com\/index.php?rest_route=\/wp\/v2\/product\/2971"}],"collection":[{"href":"https:\/\/plumbuss.com\/index.php?rest_route=\/wp\/v2\/product"}],"about":[{"href":"https:\/\/plumbuss.com\/index.php?rest_route=\/wp\/v2\/types\/product"}],"replies":[{"embeddable":true,"href":"https:\/\/plumbuss.com\/index.php?rest_route=%2Fwp%2Fv2%2Fcomments&post=2971"}],"wp:featuredmedia":[{"embeddable":true,"href":"https:\/\/plumbuss.com\/index.php?rest_route=\/wp\/v2\/media\/2972"}],"wp:attachment":[{"href":"https:\/\/plumbuss.com\/index.php?rest_route=%2Fwp%2Fv2%2Fmedia&parent=2971"}],"wp:term":[{"taxonomy":"product_cat","embeddable":true,"href":"https:\/\/plumbuss.com\/index.php?rest_route=%2Fwp%2Fv2%2Fproduct_cat&post=2971"},{"taxonomy":"product_tag","embeddable":true,"href":"https:\/\/plumbuss.com\/index.php?rest_route=%2Fwp%2Fv2%2Fproduct_tag&post=2971"}],"curies":[{"name":"wp","href":"https:\/\/api.w.org\/{rel}","templated":true}]}}