{"id":2894,"date":"2022-10-18T18:24:46","date_gmt":"2022-10-18T18:24:46","guid":{"rendered":"https:\/\/plumbuss.com\/?post_type=product&#038;p=2894"},"modified":"2023-11-15T02:58:08","modified_gmt":"2023-11-15T02:58:08","slug":"vibrador-tipo-conejo-hyman","status":"publish","type":"product","link":"https:\/\/plumbuss.com\/?product=vibrador-tipo-conejo-hyman","title":{"rendered":"Vibrador Tipo Conejo Hyman"},"content":{"rendered":"<p>HYMAN!!!!<\/p>\n<p>Entr\u00e9gate al placer con el Vibrador Hyman, gracias a sus 30 funciones de vibraci\u00f3n y una curvatura ideal para la estimulaci\u00f3n clitorial y punto g. El Vibrador Hyman es un maravilloso juguete que te obsequiar\u00e1 momentos de placer inigualables. Cuenta con un dise\u00f1o dual y ergon\u00f3mico para estimular de manera simult\u00e1nea cl\u00edtoris y punto G.<\/p>\n<p>Hyman est\u00e1 fabricado de silicona muy suave, agradable al tacto, flexible y adaptable f\u00e1cilmente a la temperatura corporal.<br \/>\nPosee 30 patrones de vibraci\u00f3n, con motor en ambas puntas de estimulaci\u00f3n que llevar\u00e1n la experiencia a otro nivel.<\/p>\n<p>Caracter\u00edsticas<br \/>\nMaterial: silicona + ABS<br \/>\n30 funciones de vibraci\u00f3n<br \/>\nPoder: 2 pilas AAA (NO INCLUIDAS)<br \/>\nColor: P\u00farpura<br \/>\nProveedor: Pretty Love<br \/>\nLargo Total: 20 cm<br \/>\nLargo Insertable: 10 cm<br \/>\nDi\u00e1metro: 3.2 cm<br \/>\nPeso: 120 gramos<\/p>\n<p>Observaciones<br \/>\nResistente al agua NO sumergible<br \/>\nLibre de ftalatos<br \/>\nBater\u00edas no incluidas<br \/>\nLas baterias deben retirarse antes de lavar\/limpiar el juguete, y si estara tiempo sin usarse<\/p>\n","protected":false},"excerpt":{"rendered":"<h2 class=\"ui-pdp-specs__title\">Caracter\u00edsticas principales<\/h2>\n<div class=\"ui-pdp-specs__table\">\n<table class=\"andes-table\">\n<tbody class=\"andes-table__body\">\n<tr class=\"andes-table__row\">\n<th class=\"andes-table__header andes-table__header--left ui-pdp-specs__table__column ui-pdp-specs__table__column-title\">Marca<\/th>\n<td class=\"andes-table__column andes-table__column--left ui-pdp-specs__table__column\"><span class=\"andes-table__column--value\">Pretty Love<\/span><\/td>\n<\/tr>\n<tr class=\"andes-table__row\">\n<th class=\"andes-table__header andes-table__header--left ui-pdp-specs__table__column ui-pdp-specs__table__column-title\">Modelo<\/th>\n<td class=\"andes-table__column andes-table__column--left ui-pdp-specs__table__column\"><span class=\"andes-table__column--value\">Hyman<\/span><\/td>\n<\/tr>\n<\/tbody>\n<\/table>\n<\/div>\n<h3 class=\"ui-pdp-specs__subtitle\">Otras caracter\u00edsticas<\/h3>\n<div class=\"ui-pdp-list ui-pdp-specs__list\">\n<ul class=\"ui-pdp-list__wrapper\">\n<li class=\"ui-pdp-list__item\">\n<p class=\"ui-pdp-family--REGULAR ui-pdp-list__text\"><span class=\"ui-pdp-color--BLACK ui-pdp-size--XSMALL ui-pdp-family--BOLD\">Tipo de vibrador<\/span>: Punto G<\/p>\n<\/li>\n<li class=\"ui-pdp-list__item\">\n<p class=\"ui-pdp-family--REGULAR ui-pdp-list__text\"><span class=\"ui-pdp-color--BLACK ui-pdp-size--XSMALL ui-pdp-family--BOLD\">Largo<\/span>: 20 cm<\/p>\n<\/li>\n<\/ul>\n<ul class=\"ui-pdp-list__wrapper\">\n<li class=\"ui-pdp-list__item\">\n<p class=\"ui-pdp-family--REGULAR ui-pdp-list__text\"><span class=\"ui-pdp-color--BLACK ui-pdp-size--XSMALL ui-pdp-family--BOLD\">Di\u00e1metro<\/span>: 3 cm<\/p>\n<\/li>\n<li class=\"ui-pdp-list__item\">\n<p class=\"ui-pdp-family--REGULAR ui-pdp-list__text\"><span class=\"ui-pdp-color--BLACK ui-pdp-size--XSMALL ui-pdp-family--BOLD\">Tipo de alimentaci\u00f3n<\/span>: 2 Pila AAA (NO INCLUIDAS)<\/p>\n<\/li>\n<\/ul>\n<ul class=\"ui-pdp-list__wrapper\">\n<li class=\"ui-pdp-list__item\">\n<p class=\"ui-pdp-family--REGULAR ui-pdp-list__text\"><span class=\"ui-pdp-color--BLACK ui-pdp-size--XSMALL ui-pdp-family--BOLD\">Material<\/span>: Silicona + ABS<\/p>\n<\/li>\n<li class=\"ui-pdp-list__item\">\n<p class=\"ui-pdp-family--REGULAR ui-pdp-list__text\"><span class=\"ui-pdp-color--BLACK ui-pdp-size--XSMALL ui-pdp-family--BOLD\">Cantidad de velocidades<\/span>: 30<\/p>\n<\/li>\n<\/ul>\n<\/div>\n","protected":false},"featured_media":2895,"comment_status":"open","ping_status":"closed","template":"","meta":[],"product_cat":[51],"product_tag":[33,47],"_links":{"self":[{"href":"https:\/\/plumbuss.com\/index.php?rest_route=\/wp\/v2\/product\/2894"}],"collection":[{"href":"https:\/\/plumbuss.com\/index.php?rest_route=\/wp\/v2\/product"}],"about":[{"href":"https:\/\/plumbuss.com\/index.php?rest_route=\/wp\/v2\/types\/product"}],"replies":[{"embeddable":true,"href":"https:\/\/plumbuss.com\/index.php?rest_route=%2Fwp%2Fv2%2Fcomments&post=2894"}],"wp:featuredmedia":[{"embeddable":true,"href":"https:\/\/plumbuss.com\/index.php?rest_route=\/wp\/v2\/media\/2895"}],"wp:attachment":[{"href":"https:\/\/plumbuss.com\/index.php?rest_route=%2Fwp%2Fv2%2Fmedia&parent=2894"}],"wp:term":[{"taxonomy":"product_cat","embeddable":true,"href":"https:\/\/plumbuss.com\/index.php?rest_route=%2Fwp%2Fv2%2Fproduct_cat&post=2894"},{"taxonomy":"product_tag","embeddable":true,"href":"https:\/\/plumbuss.com\/index.php?rest_route=%2Fwp%2Fv2%2Fproduct_tag&post=2894"}],"curies":[{"name":"wp","href":"https:\/\/api.w.org\/{rel}","templated":true}]}}