{"id":2860,"date":"2022-10-18T18:04:30","date_gmt":"2022-10-18T18:04:30","guid":{"rendered":"https:\/\/plumbuss.com\/?post_type=product&#038;p=2860"},"modified":"2024-03-23T19:21:35","modified_gmt":"2024-03-23T19:21:35","slug":"strap-on-sin-arnes-estimulacion-triple-a-control","status":"publish","type":"product","link":"https:\/\/plumbuss.com\/?product=strap-on-sin-arnes-estimulacion-triple-a-control","title":{"rendered":"Strap On Sin Arnes Estimulacion Triple A Control"},"content":{"rendered":"<p>UN STRAP ON AL QUE NO LE FALTARA NADA<\/p>\n<p>Este juguete esta dise\u00f1ado para que ambos tengan diversi\u00f3n garantizada. Esta elaborado en silicona grado medico de tacto suave y resistente al agua, compuesto por un dildo semi r\u00edgido de impresi\u00f3n realista, un plug en la parte media para penetraci\u00f3n vaginal, y si te gusta el placer anal, tambi\u00e9n cuenta con una extensi\u00f3n tipo rosario chino de diversos grosores, suave y ligeramente maleable.<\/p>\n<p>Este juguete que cuenta con 10 frecuencias de vibraci\u00f3n, recargable y a control remoto, triple motor potente y material suave.<\/p>\n<p>Caracter\u00edsticas:<\/p>\n<p>Material: Silicon + ABS<br \/>\nVibraci\u00f3n: 10 Frecuencias<br \/>\nAlimentaci\u00f3n: Bater\u00eda de litio recargable, control pila CR2032 (Incluida)<br \/>\nMedidas:<br \/>\n*Largo total: 39.8 cm<br \/>\n*Largo dildo 1: 17 cm x 3.6 cm (en la porci\u00f3n mas gruesa)<br \/>\n*Lardo dildo 2: 9 cm x 3.6 cm (en la porci\u00f3n mas gruesa)<br \/>\n*Largo dildo 3: 18 cm x 2.5 cm (en la porci\u00f3n mas gruesa) x 1.5 cm (en la porci\u00f3n mas delgada)<\/p>\n<p>Resistencia al agua: IPX67 el strap on y la bala son resistentes al agua (la bala no es sumergible por mas de 30 minutos) el control NO ES A PRUEBA DE AGUA.<\/p>\n<p>***PERMITE MARGEN DE ERROR DE +\/-1 CM***<\/p>\n<p>La intensidad del tono puede variar un poco por el brillo de la pantalla.<\/p>\n<p>Incluye:<br \/>\n*Caja<br \/>\n*Instructivo*<br \/>\n*Bolsa de guardado<\/p>\n","protected":false},"excerpt":{"rendered":"<h2 class=\"ui-pdp-specs__title\">Caracter\u00edsticas principales<\/h2>\n<div class=\"ui-pdp-specs__table\">\n<table class=\"andes-table\">\n<tbody class=\"andes-table__body\">\n<tr class=\"andes-table__row\">\n<th class=\"andes-table__header andes-table__header--left ui-pdp-specs__table__column ui-pdp-specs__table__column-title\">Marca<\/th>\n<td class=\"andes-table__column andes-table__column--left ui-pdp-specs__table__column\"><span class=\"andes-table__column--value\">PLUMBUSS<\/span><\/td>\n<\/tr>\n<tr class=\"andes-table__row\">\n<th class=\"andes-table__header andes-table__header--left ui-pdp-specs__table__column ui-pdp-specs__table__column-title\">Modelo<\/th>\n<td class=\"andes-table__column andes-table__column--left ui-pdp-specs__table__column\"><span class=\"andes-table__column--value\">STRAP ON ESTIMULACION TRIPLE<\/span><\/td>\n<\/tr>\n<\/tbody>\n<\/table>\n<\/div>\n<h3 class=\"ui-pdp-specs__subtitle\">Otras caracter\u00edsticas<\/h3>\n<div class=\"ui-pdp-list ui-pdp-specs__list\">\n<ul class=\"ui-pdp-list__wrapper\">\n<li class=\"ui-pdp-list__item\">\n<p class=\"ui-pdp-family--REGULAR ui-pdp-list__text\"><span class=\"ui-pdp-color--BLACK ui-pdp-size--XSMALL ui-pdp-family--BOLD\">Largo<\/span>: 39.8 cm<\/p>\n<\/li>\n<li class=\"ui-pdp-list__item\">\n<p class=\"ui-pdp-family--REGULAR ui-pdp-list__text\"><span class=\"ui-pdp-color--BLACK ui-pdp-size--XSMALL ui-pdp-family--BOLD\">Tiene vibraci\u00f3n<\/span>: S\u00ed<\/p>\n<\/li>\n<\/ul>\n<ul class=\"ui-pdp-list__wrapper\">\n<li class=\"ui-pdp-list__item\">\n<p class=\"ui-pdp-family--REGULAR ui-pdp-list__text\"><span class=\"ui-pdp-color--BLACK ui-pdp-size--XSMALL ui-pdp-family--BOLD\">Material del dildo<\/span>: SILICON + ABS<\/p>\n<\/li>\n<li class=\"ui-pdp-list__item\">\n<p class=\"ui-pdp-family--REGULAR ui-pdp-list__text\"><span class=\"ui-pdp-color--BLACK ui-pdp-size--XSMALL ui-pdp-family--BOLD\">Cantidad de dildos<\/span>: 3<\/p>\n<\/li>\n<\/ul>\n<\/div>\n","protected":false},"featured_media":2864,"comment_status":"open","ping_status":"closed","template":"","meta":[],"product_cat":[43],"product_tag":[58,33,27,45,44],"_links":{"self":[{"href":"https:\/\/plumbuss.com\/index.php?rest_route=\/wp\/v2\/product\/2860"}],"collection":[{"href":"https:\/\/plumbuss.com\/index.php?rest_route=\/wp\/v2\/product"}],"about":[{"href":"https:\/\/plumbuss.com\/index.php?rest_route=\/wp\/v2\/types\/product"}],"replies":[{"embeddable":true,"href":"https:\/\/plumbuss.com\/index.php?rest_route=%2Fwp%2Fv2%2Fcomments&post=2860"}],"wp:featuredmedia":[{"embeddable":true,"href":"https:\/\/plumbuss.com\/index.php?rest_route=\/wp\/v2\/media\/2864"}],"wp:attachment":[{"href":"https:\/\/plumbuss.com\/index.php?rest_route=%2Fwp%2Fv2%2Fmedia&parent=2860"}],"wp:term":[{"taxonomy":"product_cat","embeddable":true,"href":"https:\/\/plumbuss.com\/index.php?rest_route=%2Fwp%2Fv2%2Fproduct_cat&post=2860"},{"taxonomy":"product_tag","embeddable":true,"href":"https:\/\/plumbuss.com\/index.php?rest_route=%2Fwp%2Fv2%2Fproduct_tag&post=2860"}],"curies":[{"name":"wp","href":"https:\/\/api.w.org\/{rel}","templated":true}]}}