{"id":2853,"date":"2022-10-18T17:56:05","date_gmt":"2022-10-18T17:56:05","guid":{"rendered":"https:\/\/plumbuss.com\/?post_type=product&#038;p=2853"},"modified":"2024-04-07T02:48:27","modified_gmt":"2024-04-07T02:48:27","slug":"arnes-ajuste-perfecto-perforado-para-strap-on-doble","status":"publish","type":"product","link":"https:\/\/plumbuss.com\/?product=arnes-ajuste-perfecto-perforado-para-strap-on-doble","title":{"rendered":"Arnes Ajuste Perfecto Perforado Para Strap On Doble"},"content":{"rendered":"<p>Cuando busca un arn\u00e9s con correa asequible y de gran ajuste que pueda hacerlo todo, el arn\u00e9s Dillio\u00ae Perfect Fit es justo lo que necesita para hacer el trabajo.<\/p>\n<p>Dise\u00f1ado para la m\u00e1xima comodidad, el arn\u00e9s Perfect Fit est\u00e1 fabricado con nailon suave y materiales Luv Touch\u2122 que evitan las rozaduras y se sienten muy bien contra la piel.<\/p>\n<p>Las duraderas correas ajustables en 4 direcciones cuentan con un clip de cierre f\u00e1cil y se ajustan a muslos de hasta 30 pulgadas (76 cm), mientras que la extensi\u00f3n de cintura incluida se adapta a cinturas de hasta 68 pulgadas (173 cm).<\/p>\n<p>Tres broches de metal aseguran la junta t\u00f3rica y mantienen la mayor\u00eda de los consoladores con ventosa en su lugar, incluso cuando la acci\u00f3n se intensifica.<\/p>\n<p>Como adicional, pr\u00e1ctico paquete de 3 anillos de silicona que permiten que el arn\u00e9s de adapte a una variedad de consoladores con un di\u00e1metro de hasta 2 pulgadas (5 cm), el consolador se bloquea de forma segura en su lugar mediante los sujetadores de cierre a presi\u00f3n.<\/p>\n","protected":false},"excerpt":{"rendered":"<h2 class=\"ui-pdp-specs__title\">Caracter\u00edsticas principales<\/h2>\n<div class=\"ui-pdp-specs__table\">\n<table class=\"andes-table\">\n<tbody class=\"andes-table__body\">\n<tr class=\"andes-table__row\">\n<th class=\"andes-table__header andes-table__header--left ui-pdp-specs__table__column ui-pdp-specs__table__column-title\">Marca<\/th>\n<td class=\"andes-table__column andes-table__column--left ui-pdp-specs__table__column\"><span class=\"andes-table__column--value\">Pipedream<\/span><\/td>\n<\/tr>\n<tr class=\"andes-table__row\">\n<th class=\"andes-table__header andes-table__header--left ui-pdp-specs__table__column ui-pdp-specs__table__column-title\">Modelo<\/th>\n<td class=\"andes-table__column andes-table__column--left ui-pdp-specs__table__column\"><span class=\"andes-table__column--value\">ARNES AJUSTE PERFECTO<\/span><\/td>\n<\/tr>\n<\/tbody>\n<\/table>\n<\/div>\n<h3 class=\"ui-pdp-specs__subtitle\">Otras caracter\u00edsticas<\/h3>\n<div class=\"ui-pdp-list ui-pdp-specs__list\">\n<ul class=\"ui-pdp-list__wrapper\">\n<li class=\"ui-pdp-list__item\">\n<p class=\"ui-pdp-family--REGULAR ui-pdp-list__text\"><span class=\"ui-pdp-color--BLACK ui-pdp-size--XSMALL ui-pdp-family--BOLD\">Tiene vibraci\u00f3n<\/span>: No<\/p>\n<\/li>\n<li class=\"ui-pdp-list__item\">\n<p class=\"ui-pdp-family--REGULAR ui-pdp-list__text\"><span class=\"ui-pdp-color--BLACK ui-pdp-size--XSMALL ui-pdp-family--BOLD\">Di\u00e1metro<\/span>: 2 pulgadas<\/p>\n<\/li>\n<\/ul>\n<\/div>\n","protected":false},"featured_media":2858,"comment_status":"open","ping_status":"closed","template":"","meta":[],"product_cat":[79],"product_tag":[58,34,33,45,44],"_links":{"self":[{"href":"https:\/\/plumbuss.com\/index.php?rest_route=\/wp\/v2\/product\/2853"}],"collection":[{"href":"https:\/\/plumbuss.com\/index.php?rest_route=\/wp\/v2\/product"}],"about":[{"href":"https:\/\/plumbuss.com\/index.php?rest_route=\/wp\/v2\/types\/product"}],"replies":[{"embeddable":true,"href":"https:\/\/plumbuss.com\/index.php?rest_route=%2Fwp%2Fv2%2Fcomments&post=2853"}],"wp:featuredmedia":[{"embeddable":true,"href":"https:\/\/plumbuss.com\/index.php?rest_route=\/wp\/v2\/media\/2858"}],"wp:attachment":[{"href":"https:\/\/plumbuss.com\/index.php?rest_route=%2Fwp%2Fv2%2Fmedia&parent=2853"}],"wp:term":[{"taxonomy":"product_cat","embeddable":true,"href":"https:\/\/plumbuss.com\/index.php?rest_route=%2Fwp%2Fv2%2Fproduct_cat&post=2853"},{"taxonomy":"product_tag","embeddable":true,"href":"https:\/\/plumbuss.com\/index.php?rest_route=%2Fwp%2Fv2%2Fproduct_tag&post=2853"}],"curies":[{"name":"wp","href":"https:\/\/api.w.org\/{rel}","templated":true}]}}