{"id":2827,"date":"2022-10-18T17:05:52","date_gmt":"2022-10-18T17:05:52","guid":{"rendered":"https:\/\/plumbuss.com\/?post_type=product&#038;p=2827"},"modified":"2024-04-15T05:33:46","modified_gmt":"2024-04-15T05:33:46","slug":"kit-bondage-principiante-mordaza-comestible-esposas","status":"publish","type":"product","link":"https:\/\/plumbuss.com\/?product=kit-bondage-principiante-mordaza-comestible-esposas","title":{"rendered":"Kit Bondage Principiante Mordaza Comestible + Esposas"},"content":{"rendered":"<p>\u00bfQui\u00e9n dijo que las mordazas de bola realmente deber\u00edan hacerte vomitar?<\/p>\n<p>\u00a1Este Candy Ball Gag comestible es el sabroso manjar que mantendr\u00e1 a su ser querido en silencio y sonriendo con un gusto por lo dulce! El caramelo duro encaja de forma segura en la boca de tu pareja, mientras que el arn\u00e9s de cuerda se ajusta f\u00e1cilmente para adaptarse c\u00f3modamente a la mayor\u00eda de los tama\u00f1os. Es perfecto para principiantes y cualquiera que quiera una alternativa de mejor sabor a las mordazas de bolas de goma o pl\u00e1stico. \u00a1No querr\u00e1n quit\u00e1rselo de la boca!<\/p>\n<p>Caracter\u00edsticas y beneficios<br \/>\n\u2022 Caramelo duro con sabor a cereza<br \/>\n\u2022 Correa de cuerda ajustable para la cabeza<br \/>\n\u2022 Di\u00e1metro de la mordaza de bola 3,8 cm<\/p>\n<p>Incluye: 1 pieza mordaza comestible fetish<br \/>\n1 pieza de esposas con peluche negras<\/p>\n<p>OJO: LAS ESPOSAS NO SON MARCA FETISH<\/p>\n","protected":false},"excerpt":{"rendered":"<h2 class=\"ui-pdp-specs__title\">Caracter\u00edsticas principales<\/h2>\n<div class=\"ui-pdp-specs__table\">\n<table class=\"andes-table\">\n<tbody class=\"andes-table__body\">\n<tr class=\"andes-table__row\">\n<th class=\"andes-table__header andes-table__header--left ui-pdp-specs__table__column ui-pdp-specs__table__column-title\">Marca<\/th>\n<td class=\"andes-table__column andes-table__column--left ui-pdp-specs__table__column\"><span class=\"andes-table__column--value\">Fetish Fantasy Series<\/span><\/td>\n<\/tr>\n<tr class=\"andes-table__row\">\n<th class=\"andes-table__header andes-table__header--left ui-pdp-specs__table__column ui-pdp-specs__table__column-title\">Modelo<\/th>\n<td class=\"andes-table__column andes-table__column--left ui-pdp-specs__table__column\"><span class=\"andes-table__column--value\">Mordaza Caramelo + Esposas<\/span><\/td>\n<\/tr>\n<\/tbody>\n<\/table>\n<\/div>\n<h3 class=\"ui-pdp-specs__subtitle\">Otras caracter\u00edsticas<\/h3>\n<div class=\"ui-pdp-list ui-pdp-specs__list\">\n<ul class=\"ui-pdp-list__wrapper\">\n<li class=\"ui-pdp-list__item\">\n<p class=\"ui-pdp-family--REGULAR ui-pdp-list__text\"><span class=\"ui-pdp-color--BLACK ui-pdp-size--XSMALL ui-pdp-family--BOLD\">Piezas incluidas<\/span>: 2<\/p>\n<\/li>\n<\/ul>\n<\/div>\n","protected":false},"featured_media":2828,"comment_status":"open","ping_status":"closed","template":"","meta":[],"product_cat":[59],"product_tag":[28,33],"_links":{"self":[{"href":"https:\/\/plumbuss.com\/index.php?rest_route=\/wp\/v2\/product\/2827"}],"collection":[{"href":"https:\/\/plumbuss.com\/index.php?rest_route=\/wp\/v2\/product"}],"about":[{"href":"https:\/\/plumbuss.com\/index.php?rest_route=\/wp\/v2\/types\/product"}],"replies":[{"embeddable":true,"href":"https:\/\/plumbuss.com\/index.php?rest_route=%2Fwp%2Fv2%2Fcomments&post=2827"}],"wp:featuredmedia":[{"embeddable":true,"href":"https:\/\/plumbuss.com\/index.php?rest_route=\/wp\/v2\/media\/2828"}],"wp:attachment":[{"href":"https:\/\/plumbuss.com\/index.php?rest_route=%2Fwp%2Fv2%2Fmedia&parent=2827"}],"wp:term":[{"taxonomy":"product_cat","embeddable":true,"href":"https:\/\/plumbuss.com\/index.php?rest_route=%2Fwp%2Fv2%2Fproduct_cat&post=2827"},{"taxonomy":"product_tag","embeddable":true,"href":"https:\/\/plumbuss.com\/index.php?rest_route=%2Fwp%2Fv2%2Fproduct_tag&post=2827"}],"curies":[{"name":"wp","href":"https:\/\/api.w.org\/{rel}","templated":true}]}}