{"id":2816,"date":"2022-10-18T17:01:17","date_gmt":"2022-10-18T17:01:17","guid":{"rendered":"https:\/\/plumbuss.com\/?post_type=product&#038;p=2816"},"modified":"2024-04-19T13:48:34","modified_gmt":"2024-04-19T13:48:34","slug":"anillo-vibrador-para-pene-con-plug-anal-silicon-platino","status":"publish","type":"product","link":"https:\/\/plumbuss.com\/?product=anillo-vibrador-para-pene-con-plug-anal-silicon-platino","title":{"rendered":"Anillo Vibrador Para Pene Con Plug Anal Silicon Platino"},"content":{"rendered":"<p>\u00a1Para cualquiera que busque explorar nuevas sensaciones anales solo o con un compa\u00f1ero!<\/p>\n<p>Anal Adventures ofrece muchas opciones para elegir.<\/p>\n<p>Esta bola y C-Ring vibrador con una sola bala de alta potencia ofrece una combinaci\u00f3n de sensaciones y placer m\u00e1s duradero. La bola se inserta y se asienta c\u00f3modamente contra la pr\u00f3stata, mientras que el anillo el\u00e1stico y c\u00f3modo se asienta contra la base del eje para generar vibraciones durante el juego en solitario o en pareja.<\/p>\n<p>Ultrasilk\u2122 suave y fabricado con silicona Puria\u2122 curada con platino, este poderoso juguete es seguro para el cuerpo, f\u00e1cil de limpiar y no contiene ftalatos, parafinas ni l\u00e1tex.<\/p>\n<p>Silicona Puria\u2122 curada con platino puro.<br \/>\nUltrasilk\u00ae Liso<br \/>\nA base de agua, seguro para lubricantes h\u00edbridos<br \/>\nConfiguraci\u00f3n \u00fanica de vibraci\u00f3n ajustada de forma \u00f3ptima<br \/>\nUtiliza 1 bater\u00eda AA. No incluido.<br \/>\nIPX7 a prueba de agua (no sumergible)<br \/>\nBola anal de 1.5&#8243; de ancho; anillo para el pene de 2&#8243; de ancho<\/p>\n","protected":false},"excerpt":{"rendered":"<h2 class=\"ui-pdp-specs__title\">Caracter\u00edsticas principales<\/h2>\n<div class=\"ui-pdp-specs__table\">\n<table class=\"andes-table\">\n<tbody class=\"andes-table__body\">\n<tr class=\"andes-table__row\">\n<th class=\"andes-table__header andes-table__header--left ui-pdp-specs__table__column ui-pdp-specs__table__column-title\">Marca<\/th>\n<td class=\"andes-table__column andes-table__column--left ui-pdp-specs__table__column\"><span class=\"andes-table__column--value\">Blush<\/span><\/td>\n<\/tr>\n<tr class=\"andes-table__row\">\n<th class=\"andes-table__header andes-table__header--left ui-pdp-specs__table__column ui-pdp-specs__table__column-title\">Modelo<\/th>\n<td class=\"andes-table__column andes-table__column--left ui-pdp-specs__table__column\"><span class=\"andes-table__column--value\">Anal Adventures Anillo en C con Plug<\/span><\/td>\n<\/tr>\n<\/tbody>\n<\/table>\n<\/div>\n<h3 class=\"ui-pdp-specs__subtitle\">Otras caracter\u00edsticas<\/h3>\n<div class=\"ui-pdp-list ui-pdp-specs__list\">\n<ul class=\"ui-pdp-list__wrapper\">\n<li class=\"ui-pdp-list__item\">\n<p class=\"ui-pdp-family--REGULAR ui-pdp-list__text\"><span class=\"ui-pdp-color--BLACK ui-pdp-size--XSMALL ui-pdp-family--BOLD\">Con vibrador<\/span>: S\u00ed<\/p>\n<\/li>\n<li class=\"ui-pdp-list__item\">\n<p class=\"ui-pdp-family--REGULAR ui-pdp-list__text\"><span class=\"ui-pdp-color--BLACK ui-pdp-size--XSMALL ui-pdp-family--BOLD\">Tipo de anillo para pene<\/span>: Anillo con Plug Anal<\/p>\n<\/li>\n<\/ul>\n<ul class=\"ui-pdp-list__wrapper\">\n<li class=\"ui-pdp-list__item\">\n<p class=\"ui-pdp-family--REGULAR ui-pdp-list__text\"><span class=\"ui-pdp-color--BLACK ui-pdp-size--XSMALL ui-pdp-family--BOLD\">Material<\/span>: Silicon Platino Curado + ABS<\/p>\n<\/li>\n<li class=\"ui-pdp-list__item\">\n<p class=\"ui-pdp-family--REGULAR ui-pdp-list__text\"><span class=\"ui-pdp-color--BLACK ui-pdp-size--XSMALL ui-pdp-family--BOLD\">Di\u00e1metro del anillo para pene<\/span>: 5 cm<\/p>\n<\/li>\n<\/ul>\n<\/div>\n","protected":false},"featured_media":2821,"comment_status":"open","ping_status":"closed","template":"","meta":[],"product_cat":[46,66],"product_tag":[49,33,27,37],"_links":{"self":[{"href":"https:\/\/plumbuss.com\/index.php?rest_route=\/wp\/v2\/product\/2816"}],"collection":[{"href":"https:\/\/plumbuss.com\/index.php?rest_route=\/wp\/v2\/product"}],"about":[{"href":"https:\/\/plumbuss.com\/index.php?rest_route=\/wp\/v2\/types\/product"}],"replies":[{"embeddable":true,"href":"https:\/\/plumbuss.com\/index.php?rest_route=%2Fwp%2Fv2%2Fcomments&post=2816"}],"wp:featuredmedia":[{"embeddable":true,"href":"https:\/\/plumbuss.com\/index.php?rest_route=\/wp\/v2\/media\/2821"}],"wp:attachment":[{"href":"https:\/\/plumbuss.com\/index.php?rest_route=%2Fwp%2Fv2%2Fmedia&parent=2816"}],"wp:term":[{"taxonomy":"product_cat","embeddable":true,"href":"https:\/\/plumbuss.com\/index.php?rest_route=%2Fwp%2Fv2%2Fproduct_cat&post=2816"},{"taxonomy":"product_tag","embeddable":true,"href":"https:\/\/plumbuss.com\/index.php?rest_route=%2Fwp%2Fv2%2Fproduct_tag&post=2816"}],"curies":[{"name":"wp","href":"https:\/\/api.w.org\/{rel}","templated":true}]}}