{"id":2812,"date":"2022-10-13T21:00:52","date_gmt":"2022-10-13T21:00:52","guid":{"rendered":"https:\/\/plumbuss.com\/?post_type=product&#038;p=2812"},"modified":"2025-01-30T00:27:59","modified_gmt":"2025-01-30T00:27:59","slug":"lubricante-anal-premium-base-agua-130ml-moist","status":"publish","type":"product","link":"https:\/\/plumbuss.com\/?product=lubricante-anal-premium-base-agua-130ml-moist","title":{"rendered":"Lubricante Anal Premium base Agua 130ml Moist"},"content":{"rendered":"<p>TU COMPA\u00d1ERO PERFECTO PARA EL SEXO ANAL<\/p>\n<p>Moist\u00ae es un lubricante personal, para aplicaci\u00f3n en el pene y\/o la vagina, destinado a hidratar y lubricar, para mejorar la facilidad y comodidad de la actividad sexual \u00edntima y complementar la lubricaci\u00f3n natural del cuerpo.<\/p>\n<p>\u00a1Nuestro nuevo lubricante personal a base de agua aprobado 510(k) ha sido completamente redise\u00f1ado y est\u00e1 disponible en esta f\u00f3rmula de puerta trasera! Dise\u00f1ado para imitar la lubricaci\u00f3n natural del cuerpo, este lubricante es inodoro, suave para la piel, no pegajoso y formulado para una diversi\u00f3n duradera.<\/p>\n<p>Caracter\u00edsticas y beneficios<br \/>\n\u2022 F\u00f3rmula aprobada 510(K)<br \/>\n\u2022 Hecho en los EE. UU.<br \/>\n\u2022 La f\u00f3rmula m\u00e1s espesa es perfecta para la acci\u00f3n clandestina<br \/>\n\u2022 Lubricante a base de agua<br \/>\n\u2022 Compatible con preservativos<br \/>\n\u2022 No produce irritacion<br \/>\n\u2022 De larga duraci\u00f3n<br \/>\n\u2022 No pegajoso<\/p>\n","protected":false},"excerpt":{"rendered":"<h2 class=\"ui-pdp-specs__title\">Caracter\u00edsticas principales<\/h2>\n<div class=\"ui-pdp-specs__table\">\n<table class=\"andes-table\">\n<tbody class=\"andes-table__body\">\n<tr class=\"andes-table__row\">\n<th class=\"andes-table__header andes-table__header--left ui-pdp-specs__table__column ui-pdp-specs__table__column-title\">Marca<\/th>\n<td class=\"andes-table__column andes-table__column--left ui-pdp-specs__table__column\"><span class=\"andes-table__column--value\">Pipedream<\/span><\/td>\n<\/tr>\n<tr class=\"andes-table__row\">\n<th class=\"andes-table__header andes-table__header--left ui-pdp-specs__table__column ui-pdp-specs__table__column-title\">Modelo<\/th>\n<td class=\"andes-table__column andes-table__column--left ui-pdp-specs__table__column\"><span class=\"andes-table__column--value\">lubricante anal premiun base agua<\/span><\/td>\n<\/tr>\n<tr class=\"andes-table__row\">\n<th class=\"andes-table__header andes-table__header--left ui-pdp-specs__table__column ui-pdp-specs__table__column-title\">Volumen de la unidad<\/th>\n<td class=\"andes-table__column andes-table__column--left ui-pdp-specs__table__column\"><span class=\"andes-table__column--value\">130 mL<\/span><\/td>\n<\/tr>\n<\/tbody>\n<\/table>\n<\/div>\n<h3 class=\"ui-pdp-specs__subtitle\">Otros<\/h3>\n<div class=\"ui-pdp-list ui-pdp-specs__list\">\n<ul class=\"ui-pdp-list__wrapper\">\n<li class=\"ui-pdp-list__item\">\n<p class=\"ui-pdp-family--REGULAR ui-pdp-list__text\"><span class=\"ui-pdp-color--BLACK ui-pdp-size--XSMALL ui-pdp-family--BOLD\">Base del producto<\/span>: Agua<\/p>\n<\/li>\n<li class=\"ui-pdp-list__item\">\n<p class=\"ui-pdp-family--REGULAR ui-pdp-list__text\"><span class=\"ui-pdp-color--BLACK ui-pdp-size--XSMALL ui-pdp-family--BOLD\">Es comestible<\/span>: No<\/p>\n<\/li>\n<\/ul>\n<ul class=\"ui-pdp-list__wrapper\">\n<li class=\"ui-pdp-list__item\">\n<p class=\"ui-pdp-family--REGULAR ui-pdp-list__text\"><span class=\"ui-pdp-color--BLACK ui-pdp-size--XSMALL ui-pdp-family--BOLD\">Zonas de aplicaci\u00f3n<\/span>: Anal<\/p>\n<\/li>\n<li class=\"ui-pdp-list__item\">\n<p class=\"ui-pdp-family--REGULAR ui-pdp-list__text\"><span class=\"ui-pdp-color--BLACK ui-pdp-size--XSMALL ui-pdp-family--BOLD\">Unidades por envase<\/span>: 1<\/p>\n<\/li>\n<\/ul>\n<\/div>\n","protected":false},"featured_media":2813,"comment_status":"open","ping_status":"closed","template":"","meta":[],"product_cat":[56],"product_tag":[40,27],"_links":{"self":[{"href":"https:\/\/plumbuss.com\/index.php?rest_route=\/wp\/v2\/product\/2812"}],"collection":[{"href":"https:\/\/plumbuss.com\/index.php?rest_route=\/wp\/v2\/product"}],"about":[{"href":"https:\/\/plumbuss.com\/index.php?rest_route=\/wp\/v2\/types\/product"}],"replies":[{"embeddable":true,"href":"https:\/\/plumbuss.com\/index.php?rest_route=%2Fwp%2Fv2%2Fcomments&post=2812"}],"wp:featuredmedia":[{"embeddable":true,"href":"https:\/\/plumbuss.com\/index.php?rest_route=\/wp\/v2\/media\/2813"}],"wp:attachment":[{"href":"https:\/\/plumbuss.com\/index.php?rest_route=%2Fwp%2Fv2%2Fmedia&parent=2812"}],"wp:term":[{"taxonomy":"product_cat","embeddable":true,"href":"https:\/\/plumbuss.com\/index.php?rest_route=%2Fwp%2Fv2%2Fproduct_cat&post=2812"},{"taxonomy":"product_tag","embeddable":true,"href":"https:\/\/plumbuss.com\/index.php?rest_route=%2Fwp%2Fv2%2Fproduct_tag&post=2812"}],"curies":[{"name":"wp","href":"https:\/\/api.w.org\/{rel}","templated":true}]}}