{"id":2759,"date":"2022-04-18T23:04:47","date_gmt":"2022-04-18T23:04:47","guid":{"rendered":"https:\/\/plumbuss.com\/?post_type=product&#038;p=2759"},"modified":"2022-04-27T17:45:03","modified_gmt":"2022-04-27T17:45:03","slug":"juego-plug-de-zorro-vertebrado-base-removible","status":"publish","type":"product","link":"https:\/\/plumbuss.com\/?product=juego-plug-de-zorro-vertebrado-base-removible","title":{"rendered":"Juego Plug De Zorro Vertebrado Base Removible"},"content":{"rendered":"<h2 class=\"ui-pdp-specs__title\">Caracter\u00edsticas principales<\/h2>\n<div class=\"ui-pdp-specs__table\">\n<table class=\"andes-table\">\n<tbody class=\"andes-table__body\">\n<tr class=\"andes-table__row\">\n<th class=\"andes-table__header andes-table__header--left ui-pdp-specs__table__column ui-pdp-specs__table__column-title\">Marca<\/th>\n<td class=\"andes-table__column andes-table__column--left ui-pdp-specs__table__column\"><span class=\"andes-table__column--value\">PLUMBUSS<\/span><\/td>\n<\/tr>\n<tr class=\"andes-table__row\">\n<th class=\"andes-table__header andes-table__header--left ui-pdp-specs__table__column ui-pdp-specs__table__column-title\">Modelo<\/th>\n<td class=\"andes-table__column andes-table__column--left ui-pdp-specs__table__column\"><span class=\"andes-table__column--value\">KIT ZORRO VERTEBRADO<\/span><\/td>\n<\/tr>\n<\/tbody>\n<\/table>\n<\/div>\n<h3 class=\"ui-pdp-specs__subtitle\">Otras caracter\u00edsticas<\/h3>\n<div class=\"ui-pdp-list ui-pdp-specs__list\">\n<ul class=\"ui-pdp-list__wrapper\">\n<li class=\"ui-pdp-list__item\">\n<p class=\"ui-pdp-family--REGULAR ui-pdp-list__text\"><span class=\"ui-pdp-color--BLACK ui-pdp-size--XSMALL ui-pdp-family--BOLD\">Material<\/span>: ACERO INOXIDABLE \/ PELO DE ZORRO SINTETICO<\/p>\n<\/li>\n<li class=\"ui-pdp-list__item\">\n<p class=\"ui-pdp-family--REGULAR ui-pdp-list__text\"><span class=\"ui-pdp-color--BLACK ui-pdp-size--XSMALL ui-pdp-family--BOLD\">Largo x Ancho<\/span>: 7 cm x 2.8 cm<\/p>\n<\/li>\n<\/ul>\n<ul class=\"ui-pdp-list__wrapper\">\n<li class=\"ui-pdp-list__item\">\n<p class=\"ui-pdp-family--REGULAR ui-pdp-list__text\"><span class=\"ui-pdp-color--BLACK ui-pdp-size--XSMALL ui-pdp-family--BOLD\">Vibraci\u00f3n<\/span>: No<\/p>\n<\/li>\n<\/ul>\n<\/div>\n","protected":false},"excerpt":{"rendered":"<p>TODO LISTO PARA SER UNA LINDA ZORRITA<\/p>\n<p>Este juego incluye un par de orejas esponjosas y una diadema delgada de color a juego con la cola. La cola de 38 cm de largo esta elaborada en material sint\u00e9tico pero es esponjosa, lo especial esta en su base, ya que puedes desatornillar el plug. El plug de acero inoxidable de 7cm de largo por 2.8 cm de di\u00e1metro, de punta c\u00f3nica que facilita la inserci\u00f3n puedes usarlo sin necesidad de la cola, ya que incluye una base adicional de 7cm de largo con una gema en el centro (la gema puede ser morada o roja seg\u00fan el lote, no se puede elegir el color) Como extra, la cola cuenta con una columna interna que permitir\u00e1 le des la pose que tu quieras!<\/p>\n<p>Medidas:<br \/>\nCola: 45 cm de largo total (38 cm es de cola)<br \/>\nPlug Anal: 7cm x 2.8cm<br \/>\nOrejas: Diadema standard adulto, Orejas 8cm de base x 10 cm de alto (punto medio)<\/p>\n<p>***PERMITA UN MARGEN DE ERROR DE +\/-1 CM EN LA LONGITUD DE LA COLA, LOS COLORES PUEDEN VARIAR UN POCO POR EL BRILLO DEL MONITOR***<\/p>\n","protected":false},"featured_media":2770,"comment_status":"open","ping_status":"closed","template":"","meta":[],"product_cat":[25],"product_tag":[33,27,29],"_links":{"self":[{"href":"https:\/\/plumbuss.com\/index.php?rest_route=\/wp\/v2\/product\/2759"}],"collection":[{"href":"https:\/\/plumbuss.com\/index.php?rest_route=\/wp\/v2\/product"}],"about":[{"href":"https:\/\/plumbuss.com\/index.php?rest_route=\/wp\/v2\/types\/product"}],"replies":[{"embeddable":true,"href":"https:\/\/plumbuss.com\/index.php?rest_route=%2Fwp%2Fv2%2Fcomments&post=2759"}],"wp:featuredmedia":[{"embeddable":true,"href":"https:\/\/plumbuss.com\/index.php?rest_route=\/wp\/v2\/media\/2770"}],"wp:attachment":[{"href":"https:\/\/plumbuss.com\/index.php?rest_route=%2Fwp%2Fv2%2Fmedia&parent=2759"}],"wp:term":[{"taxonomy":"product_cat","embeddable":true,"href":"https:\/\/plumbuss.com\/index.php?rest_route=%2Fwp%2Fv2%2Fproduct_cat&post=2759"},{"taxonomy":"product_tag","embeddable":true,"href":"https:\/\/plumbuss.com\/index.php?rest_route=%2Fwp%2Fv2%2Fproduct_tag&post=2759"}],"curies":[{"name":"wp","href":"https:\/\/api.w.org\/{rel}","templated":true}]}}