{"id":2743,"date":"2022-04-18T22:35:39","date_gmt":"2022-04-18T22:35:39","guid":{"rendered":"https:\/\/plumbuss.com\/?post_type=product&#038;p=2743"},"modified":"2023-11-15T02:58:10","modified_gmt":"2023-11-15T02:58:10","slug":"arnes-para-principiantes-universal-fetish","status":"publish","type":"product","link":"https:\/\/plumbuss.com\/?product=arnes-para-principiantes-universal-fetish","title":{"rendered":"Arnes Para Principiantes Universal Fetish"},"content":{"rendered":"<h2 class=\"ui-pdp-specs__title\">Caracter\u00edsticas principales<\/h2>\n<div class=\"ui-pdp-specs__table\">\n<table class=\"andes-table\">\n<tbody class=\"andes-table__body\">\n<tr class=\"andes-table__row\">\n<th class=\"andes-table__header andes-table__header--left ui-pdp-specs__table__column ui-pdp-specs__table__column-title\">Marca<\/th>\n<td class=\"andes-table__column andes-table__column--left ui-pdp-specs__table__column\"><span class=\"andes-table__column--value\">Pipedream<\/span><\/td>\n<\/tr>\n<tr class=\"andes-table__row\">\n<th class=\"andes-table__header andes-table__header--left ui-pdp-specs__table__column ui-pdp-specs__table__column-title\">Modelo<\/th>\n<td class=\"andes-table__column andes-table__column--left ui-pdp-specs__table__column\"><span class=\"andes-table__column--value\">FETISH FANTASY ELITE<\/span><\/td>\n<\/tr>\n<\/tbody>\n<\/table>\n<\/div>\n<h3 class=\"ui-pdp-specs__subtitle\">Otras caracter\u00edsticas<\/h3>\n<div class=\"ui-pdp-list ui-pdp-specs__list\">\n<ul class=\"ui-pdp-list__wrapper\">\n<li class=\"ui-pdp-list__item\">\n<p class=\"ui-pdp-family--REGULAR ui-pdp-list__text\"><span class=\"ui-pdp-color--BLACK ui-pdp-size--XSMALL ui-pdp-family--BOLD\">Tiene vibraci\u00f3n<\/span>: No<\/p>\n<\/li>\n<\/ul>\n<\/div>\n","protected":false},"excerpt":{"rendered":"<p>Cuando busca un arn\u00e9s con correa asequible que pueda hacerlo todo, \u00a1el arn\u00e9s universal para principiantes es la elecci\u00f3n perfecta para hacer el trabajo!<\/p>\n<p>Fabricado con correas de nailon duraderas y un cuerpo de vinilo con respaldo de neopreno, este arn\u00e9s con correa cuenta con correas totalmente ajustables y una junta t\u00f3rica de silicona el\u00e1stica para mantener todo en su lugar cuando la acci\u00f3n se intensifica. El arn\u00e9s tradicional de 4 v\u00edas se adapta a una variedad de sus consoladores con correa favoritos, lo que lo convierte en el \u00fanico arn\u00e9s con correa que necesitar\u00e1.<\/p>\n<p>Elija un consolador del sistema Fetish Fantasy Elite y disfrute del sexo sensacional con arn\u00e9s sin preocuparse de que el arn\u00e9s se rompa o se suelte. No hay rozaduras, roces o molestias en el cuerpo. Se adapta a una variedad de tama\u00f1os y tipos de cuerpo y funciona como un sistema con cualquier consolador Fetish Fantasy Elite, con vibraci\u00f3n o sin \u00e9l. El c\u00f3modo arn\u00e9s te permite usarlo durante largos per\u00edodos de tiempo, prolongando la diversi\u00f3n sin sacrificar tu comodidad. Lo mejor de todo es que no se soltar\u00e1 ni se romper\u00e1 durante el calor del momento.<\/p>\n<p>Para limpiar el arn\u00e9s, limpie suavemente las manchas con Pipedream Toy Cleaner y d\u00e9jelo secar. No remoje ni sumerja el arn\u00e9s en agua ni coloque el arn\u00e9s en la lavadora o lavavajillas.<\/p>\n<p>Se ajusta hasta la talla de cintura 44\u00bd (4X).<\/p>\n","protected":false},"featured_media":2744,"comment_status":"open","ping_status":"closed","template":"","meta":[],"product_cat":[79],"product_tag":[58,33,45,44],"_links":{"self":[{"href":"https:\/\/plumbuss.com\/index.php?rest_route=\/wp\/v2\/product\/2743"}],"collection":[{"href":"https:\/\/plumbuss.com\/index.php?rest_route=\/wp\/v2\/product"}],"about":[{"href":"https:\/\/plumbuss.com\/index.php?rest_route=\/wp\/v2\/types\/product"}],"replies":[{"embeddable":true,"href":"https:\/\/plumbuss.com\/index.php?rest_route=%2Fwp%2Fv2%2Fcomments&post=2743"}],"wp:featuredmedia":[{"embeddable":true,"href":"https:\/\/plumbuss.com\/index.php?rest_route=\/wp\/v2\/media\/2744"}],"wp:attachment":[{"href":"https:\/\/plumbuss.com\/index.php?rest_route=%2Fwp%2Fv2%2Fmedia&parent=2743"}],"wp:term":[{"taxonomy":"product_cat","embeddable":true,"href":"https:\/\/plumbuss.com\/index.php?rest_route=%2Fwp%2Fv2%2Fproduct_cat&post=2743"},{"taxonomy":"product_tag","embeddable":true,"href":"https:\/\/plumbuss.com\/index.php?rest_route=%2Fwp%2Fv2%2Fproduct_tag&post=2743"}],"curies":[{"name":"wp","href":"https:\/\/api.w.org\/{rel}","templated":true}]}}