{"id":2741,"date":"2022-04-18T22:31:04","date_gmt":"2022-04-18T22:31:04","guid":{"rendered":"https:\/\/plumbuss.com\/?post_type=product&#038;p=2741"},"modified":"2024-10-10T01:09:24","modified_gmt":"2024-10-10T01:09:24","slug":"lubricante-anal-id-backslide-base-silicon","status":"publish","type":"product","link":"https:\/\/plumbuss.com\/?product=lubricante-anal-id-backslide-base-silicon","title":{"rendered":"Lubricante Anal Id Backslide Base Silic\u00f3n"},"content":{"rendered":"<h2 class=\"ui-pdp-specs__title\">Caracter\u00edsticas principales<\/h2>\n<div class=\"ui-pdp-specs__table\">\n<table class=\"andes-table\">\n<tbody class=\"andes-table__body\">\n<tr class=\"andes-table__row\">\n<th class=\"andes-table__header andes-table__header--left ui-pdp-specs__table__column ui-pdp-specs__table__column-title\">Marca<\/th>\n<td class=\"andes-table__column andes-table__column--left ui-pdp-specs__table__column\"><span class=\"andes-table__column--value\">ID<\/span><\/td>\n<\/tr>\n<tr class=\"andes-table__row\">\n<th class=\"andes-table__header andes-table__header--left ui-pdp-specs__table__column ui-pdp-specs__table__column-title\">Modelo<\/th>\n<td class=\"andes-table__column andes-table__column--left ui-pdp-specs__table__column\"><span class=\"andes-table__column--value\">BACKSLIDE<\/span><\/td>\n<\/tr>\n<tr class=\"andes-table__row\">\n<th class=\"andes-table__header andes-table__header--left ui-pdp-specs__table__column ui-pdp-specs__table__column-title\">Volumen de la unidad<\/th>\n<td class=\"andes-table__column andes-table__column--left ui-pdp-specs__table__column\"><span class=\"andes-table__column--value\">65 mL<\/span><\/td>\n<\/tr>\n<tr class=\"andes-table__row\">\n<th class=\"andes-table__header andes-table__header--left ui-pdp-specs__table__column ui-pdp-specs__table__column-title\">Peso de la unidad<\/th>\n<td class=\"andes-table__column andes-table__column--left ui-pdp-specs__table__column\"><span class=\"andes-table__column--value\">75 g<\/span><\/td>\n<\/tr>\n<\/tbody>\n<\/table>\n<\/div>\n<h3 class=\"ui-pdp-specs__subtitle\">Otros<\/h3>\n<div class=\"ui-pdp-list ui-pdp-specs__list\">\n<ul class=\"ui-pdp-list__wrapper\">\n<li class=\"ui-pdp-list__item\">\n<p class=\"ui-pdp-family--REGULAR ui-pdp-list__text\"><span class=\"ui-pdp-color--BLACK ui-pdp-size--XSMALL ui-pdp-family--BOLD\">Efectos<\/span>: Relajante suave muscular,Textura densa no pegajosa<\/p>\n<\/li>\n<li class=\"ui-pdp-list__item\">\n<p class=\"ui-pdp-family--REGULAR ui-pdp-list__text\"><span class=\"ui-pdp-color--BLACK ui-pdp-size--XSMALL ui-pdp-family--BOLD\">Base del producto<\/span>: Silicon<\/p>\n<\/li>\n<\/ul>\n<ul class=\"ui-pdp-list__wrapper\">\n<li class=\"ui-pdp-list__item\">\n<p class=\"ui-pdp-family--REGULAR ui-pdp-list__text\"><span class=\"ui-pdp-color--BLACK ui-pdp-size--XSMALL ui-pdp-family--BOLD\">Es comestible<\/span>: No<\/p>\n<\/li>\n<li class=\"ui-pdp-list__item\">\n<p class=\"ui-pdp-family--REGULAR ui-pdp-list__text\"><span class=\"ui-pdp-color--BLACK ui-pdp-size--XSMALL ui-pdp-family--BOLD\">Zonas de aplicaci\u00f3n<\/span>: Compatible con preservativos y juguetes,Region anal<\/p>\n<\/li>\n<\/ul>\n<\/div>\n","protected":false},"excerpt":{"rendered":"<p>ID Backslide F\u00f3rmula Anal, es un lubricante extra denso para ayudar a hacer el sexo anal m\u00e1s c\u00f3modo y placentero. El sexo anal puede ser una experiencia agradable, sin embargo muchas personas lo rechazan por temor a ser algo doloroso. ID Backslide ha sido creado con una formulaci\u00f3n especial a base de silicona, que lo hace apto para todos los g\u00e9neros y edades.<\/p>\n<p>F\u00e1cil de aplicar y de gran espesor<br \/>\nAyuda a que el sexo anal sea m\u00e1s c\u00f3modo y placentero<br \/>\nUna textura densa que se puede utilizar con l\u00e1tex y juguetes sexuales<br \/>\nTambi\u00e9n se puede utilizar para el coito vaginal<br \/>\nViene en un formato f\u00e1cil de usar y de limpiar<br \/>\nAyuda a relajar suavemente los m\u00fasculos del ano<\/p>\n<p>El sexo anal es una pr\u00e1cticas cada vez m\u00e1s aceptada tanto en el g\u00e9nero masculino como en el femenino. ID Backslide F\u00f3rmula Anal est\u00e1 dise\u00f1ado especialmente para ser utilizado con juguetes sexuales, con el l\u00e1tex e incluso para el sexo vaginal. Su textura de gran espesor, significa que puede ser utilizado por m\u00e1s tiempo y conseguir una penetraci\u00f3n anal m\u00e1s placentera.<\/p>\n","protected":false},"featured_media":2742,"comment_status":"open","ping_status":"closed","template":"","meta":[],"product_cat":[56],"product_tag":[27,24],"_links":{"self":[{"href":"https:\/\/plumbuss.com\/index.php?rest_route=\/wp\/v2\/product\/2741"}],"collection":[{"href":"https:\/\/plumbuss.com\/index.php?rest_route=\/wp\/v2\/product"}],"about":[{"href":"https:\/\/plumbuss.com\/index.php?rest_route=\/wp\/v2\/types\/product"}],"replies":[{"embeddable":true,"href":"https:\/\/plumbuss.com\/index.php?rest_route=%2Fwp%2Fv2%2Fcomments&post=2741"}],"wp:featuredmedia":[{"embeddable":true,"href":"https:\/\/plumbuss.com\/index.php?rest_route=\/wp\/v2\/media\/2742"}],"wp:attachment":[{"href":"https:\/\/plumbuss.com\/index.php?rest_route=%2Fwp%2Fv2%2Fmedia&parent=2741"}],"wp:term":[{"taxonomy":"product_cat","embeddable":true,"href":"https:\/\/plumbuss.com\/index.php?rest_route=%2Fwp%2Fv2%2Fproduct_cat&post=2741"},{"taxonomy":"product_tag","embeddable":true,"href":"https:\/\/plumbuss.com\/index.php?rest_route=%2Fwp%2Fv2%2Fproduct_tag&post=2741"}],"curies":[{"name":"wp","href":"https:\/\/api.w.org\/{rel}","templated":true}]}}